{"id":9247,"date":"2019-05-14T16:57:47","date_gmt":"2019-05-14T20:57:47","guid":{"rendered":"https:\/\/www.makeitbloom.com\/?page_id=9247"},"modified":"2025-08-15T10:03:58","modified_gmt":"2025-08-15T14:03:58","slug":"smart-reno","status":"publish","type":"page","link":"https:\/\/www.makeitbloom.com\/fr\/etude-de-cas\/smart-reno\/","title":{"rendered":"De startup \u00e0 leader de l&#8217;industrie"},"content":{"rendered":"<section class=\"hero-banner basic case\"><img decoding=\"async\" class=\"bg lazyload\" data-src=\"\/wp-content\/uploads\/2019\/05\/bg-smart-reno-small.jpg\" data-srcset=\"\/wp-content\/uploads\/2019\/05\/bg-smart-reno-small.jpg 480w, \/wp-content\/uploads\/2019\/05\/bg-smart-reno-1.jpg 1600w\" src=\"data:image\/svg+xml;base64,PHN2ZyB3aWR0aD0iMSIgaGVpZ2h0PSIxIiB4bWxucz0iaHR0cDovL3d3dy53My5vcmcvMjAwMC9zdmciPjwvc3ZnPg==\" style=\"--smush-placeholder-width: 640px; --smush-placeholder-aspect-ratio: 640\/620;\"><\/p>\n<div class=\"container\">\n<div class=\"content\">\n<h5>\u00c9tude de cas<\/h5>\n<p><!--accepts negative offset for top as xs, s, m, l, xl, xxl. For example class=\"case-logo offset-xxl\"--><br \/>\n<img decoding=\"async\" class=\"case-logo logo-smush lazyload\" data-src=\"\/wp-content\/uploads\/2019\/05\/smart-reno-FondVert1-logo-Copy.png\" alt=\"Smart Reno\" src=\"data:image\/svg+xml;base64,PHN2ZyB3aWR0aD0iMSIgaGVpZ2h0PSIxIiB4bWxucz0iaHR0cDovL3d3dy53My5vcmcvMjAwMC9zdmciPjwvc3ZnPg==\" style=\"--smush-placeholder-width: 585px; --smush-placeholder-aspect-ratio: 585\/158;\"><\/p>\n<h1 class=\"title\">De <em>startup<\/em> \u00e0 leader de l&#8217;industrie<\/h1>\n<\/div>\n<\/div>\n<\/section>\n<section class=\"case-intro\">\n<div class=\"container\">\n<div id=\"social-share\" class=\"share-links case\">\n<p>Partagez:<\/p>\n<div><a target=\"_blank\" href=\"https:\/\/twitter.com\/intent\/tweet?url=https:\/\/www.makeitbloom.com\/fr\/etude-de-cas\/smart-reno\/&text=De startup \u00e0 leader de l&#8217;industrie\"><img decoding=\"async\" data-src=\"\/wp-content\/themes\/bloom\/src\/img\/social\/tw.svg\" src=\"data:image\/svg+xml;base64,PHN2ZyB3aWR0aD0iMSIgaGVpZ2h0PSIxIiB4bWxucz0iaHR0cDovL3d3dy53My5vcmcvMjAwMC9zdmciPjwvc3ZnPg==\" class=\"lazyload\"><\/a><a target=\"_blank\" href=\"https:\/\/www.facebook.com\/sharer\/sharer.php?u=https:\/\/www.makeitbloom.com\/fr\/etude-de-cas\/smart-reno\/\"><img decoding=\"async\" data-src=\"\/wp-content\/themes\/bloom\/src\/img\/social\/fb.svg\" src=\"data:image\/svg+xml;base64,PHN2ZyB3aWR0aD0iMSIgaGVpZ2h0PSIxIiB4bWxucz0iaHR0cDovL3d3dy53My5vcmcvMjAwMC9zdmciPjwvc3ZnPg==\" class=\"lazyload\"><\/a><a target=\"_blank\" href=\"http:\/\/www.linkedin.com\/shareArticle?mini=true&url=https:\/\/www.makeitbloom.com\/fr\/etude-de-cas\/smart-reno\/&title=De startup \u00e0 leader de l&#8217;industrie\"><img decoding=\"async\" data-src=\"\/wp-content\/themes\/bloom\/src\/img\/social\/li.svg\" src=\"data:image\/svg+xml;base64,PHN2ZyB3aWR0aD0iMSIgaGVpZ2h0PSIxIiB4bWxucz0iaHR0cDovL3d3dy53My5vcmcvMjAwMC9zdmciPjwvc3ZnPg==\" class=\"lazyload\"><\/a><\/div>\n<\/div>\n<div class=\"text\">\n<div class=\"serv responsive\">\n<div class=\"title\">\n<section>\n<div class=\"icon\"><img decoding=\"async\" data-src=\"\/wp-content\/uploads\/2017\/11\/DDA_icon.svg\" src=\"data:image\/svg+xml;base64,PHN2ZyB3aWR0aD0iMSIgaGVpZ2h0PSIxIiB4bWxucz0iaHR0cDovL3d3dy53My5vcmcvMjAwMC9zdmciPjwvc3ZnPg==\" class=\"lazyload\"><\/div>\n<h1>Smart Reno<\/h1>\n<\/section>\n<\/div>\n<p class=\"features last\">Smart Reno est un march\u00e9 innovant qui aide les propri\u00e9taires de maison \u00e0 trouver des entrepreneurs de confiance et comparer les offres pour leurs projets de r\u00e9novation domiciliaire. Plus de 30 000 projets sont soumis sur la plateforme chaque ann\u00e9e, ce qui \u00e9quivaut \u00e0 environ 150 M$, distribu\u00e9s \u00e0 un r\u00e9seau regroupant des milliers d&#8217;entrepreneurs approuv\u00e9s.<\/p>\n<div class=\"line\"><\/div>\n<\/div>\n<div class=\"serv responsive\">\n<div class=\"title\">\n<section>\n<div class=\"icon\"><img decoding=\"async\" data-src=\"\/wp-content\/uploads\/2017\/11\/case_study_icon_challenge.svg\" src=\"data:image\/svg+xml;base64,PHN2ZyB3aWR0aD0iMSIgaGVpZ2h0PSIxIiB4bWxucz0iaHR0cDovL3d3dy53My5vcmcvMjAwMC9zdmciPjwvc3ZnPg==\" class=\"lazyload\"><\/div>\n<h2>D\u00e9fis<\/h2>\n<\/section>\n<\/div>\n<p class=\"features\">Le principal d\u00e9fi \u00e9tait d&#8217;augmenter la g\u00e9n\u00e9ration de clients potentiels pour une entreprise en d\u00e9marrage qui voulait compl\u00e8tement perturber l&#8217;industrie de la r\u00e9novation.<\/p>\n<ul class=\"features checks last\">\n<li>L&#8217;industrie de la construction est un secteur tr\u00e8s comp\u00e9titif<\/li>\n<li>Nous devions attirer un trafic qualifi\u00e9 sur le site Web et transformer les visiteurs en clients rentables<\/li>\n<\/ul>\n<div class=\"line\"><\/div>\n<\/div>\n<\/div>\n<\/div>\n<\/section>\n<div class=\"intro-services-cta grey case\">\n<section class=\"intro\">\n<div class=\"container\">\n<h2>Solutions<\/h2>\n<div class=\"holder\">\n<p>L&#8217;\u00e9quipe de Smart Reno savait o\u00f9 elle voulait aller, elle avait juste besoin d&#8217;aide pour y arriver. Afin d&#8217;augmenter le nombre de propri\u00e9taires de maison utilisant la plateforme et d&#8217;augmenter le nombre d&#8217;entrepreneurs offrant leurs services, Smart Reno avait besoin d&#8217;une strat\u00e9gie PPC efficace o\u00f9 l&#8217;objectif ultime \u00e9tait de recruter des clients qualifi\u00e9s par la g\u00e9n\u00e9ration de prospects.<\/p>\n<section class=\"body\"><span style=\"font-size: 40px; line-height: 55px; font-family: ITCAvantGardeStd; font-weight: bold;\">Ce qu&#8217;on a fait<\/span><\/section>\n<section class=\"check-lists\">\n<ul class=\"checks\">\n<li>Cr\u00e9ez, g\u00e9rez et optimisez des campagnes de g\u00e9n\u00e9ration de prospects via Google Ads et Bing Ads en ciblant des mots-cl\u00e9s pertinents<\/li>\n<li>Restructurer leur compte publicitaire pour r\u00e9partir le budget sur les cat\u00e9gories de services les plus rentables<\/li>\n<li>\u00c9largir la port\u00e9e de leurs campagnes pour grandir leur r\u00e9seau de clients et d&#8217;entrepreneurs \u00e0 la grandeur du pays<\/li>\n<li>Optimiser les campagnes selon le co\u00fbt par acquisition, la valeur du projet et la rentabilit\u00e9 pr\u00e9vue pour assurer le meilleur retour sur investissement.<\/li>\n<li>Concevoir un tableau de bord enti\u00e8rement personnalis\u00e9 qui fournit des donn\u00e9es en temps r\u00e9el pour investir les ressources sur les campagnes les plus performantes<\/li>\n<\/ul>\n<ul class=\"checks\">\n<li>Lancer des campagnes de r\u00e9f\u00e9rencement payant hyper cibl\u00e9es pour r\u00e9pondre aux besoins des bonnes personnes, au bon moment<\/li>\n<li>Optimisation agressive pour maximiser l&#8217;utilisation des diff\u00e9rentes fonctionnalit\u00e9s de Google. L&#8217;\u00e9quipe du Bloom a \u00e9galement eu la possibilit\u00e9 d&#8217;exp\u00e9rimenter de nouvelles innovations et tactiques au fil des ans<\/li>\n<li>Int\u00e9grer des listes d&#8217;audience et utiliser le remarketing afin de guider les utilisateurs dans l&#8217;entonnoir de conversion<\/li>\n<li>Cr\u00e9er des campagnes publicitaires pour recruter des entrepreneurs qualifi\u00e9s afin de permettre une croissance rapide et de saisir les opportunit\u00e9s d&#8217;affaires<\/li>\n<li>Optimiser les pages de destination gr\u00e2ce aux tests A\/B dans le but de maximiser les conversions<\/li>\n<\/ul>\n<\/section>\n<section class=\"body\"><\/section>\n<\/div>\n<section class=\"images\"><img decoding=\"async\" class=\"one lazyload\" data-src=\"\/wp-content\/uploads\/2019\/05\/smart-reno1.jpg\" src=\"data:image\/svg+xml;base64,PHN2ZyB3aWR0aD0iMSIgaGVpZ2h0PSIxIiB4bWxucz0iaHR0cDovL3d3dy53My5vcmcvMjAwMC9zdmciPjwvc3ZnPg==\" style=\"--smush-placeholder-width: 819px; --smush-placeholder-aspect-ratio: 819\/759;\"><br \/>\n<img decoding=\"async\" class=\"two lazyload\" data-src=\"\/wp-content\/uploads\/2019\/05\/smart-reno2.jpg\" src=\"data:image\/svg+xml;base64,PHN2ZyB3aWR0aD0iMSIgaGVpZ2h0PSIxIiB4bWxucz0iaHR0cDovL3d3dy53My5vcmcvMjAwMC9zdmciPjwvc3ZnPg==\" style=\"--smush-placeholder-width: 819px; --smush-placeholder-aspect-ratio: 819\/759;\"><br \/>\n<img decoding=\"async\" class=\"three lazyload\" data-src=\"\/wp-content\/uploads\/2019\/05\/smartreno3.jpg\" src=\"data:image\/svg+xml;base64,PHN2ZyB3aWR0aD0iMSIgaGVpZ2h0PSIxIiB4bWxucz0iaHR0cDovL3d3dy53My5vcmcvMjAwMC9zdmciPjwvc3ZnPg==\" style=\"--smush-placeholder-width: 819px; --smush-placeholder-aspect-ratio: 819\/759;\"><br \/>\n<br style=\"clear: both;\"><br \/>\n<\/section>\n<\/div>\n<\/section>\n<\/div>\n<div class=\"intro-services-cta case result\">\n<section class=\"intro results graphs_bg\">\n<div class=\"container\">\n<h2>Le r\u00e9sultat : Smart Reno est pass\u00e9 d&#8217;une jeune entreprise prometteuse \u00e0 un leader de l&#8217;industrie, en peu de temps.<\/h2>\n<div class=\"holder\">\n<p>En travaillant avec Bloom, Smart Reno a r\u00e9ussi \u00e0 atteindre de nouveaux march\u00e9s ce qui a contribu\u00e9 \u00e0 l&#8217;acc\u00e9l\u00e9ration de leur croissance.<\/p>\n<ul class=\"checks single\">\n<li>Au cours des sept derni\u00e8res ann\u00e9es, Smart Reno a vu une augmentation de 47% du nombre de prospects qualifi\u00e9s.<\/li>\n<li>Le taux de conversion a augment\u00e9 de 25%.<\/li>\n<li>De nouveaux entrepreneurs s&#8217;inscrivent r\u00e9guli\u00e8rement sur la plateforme (100 par mois en moyenne)<\/li>\n<\/ul>\n<section class=\"qt\">\n<div class=\"pp\">\n<div class=\"img\"><img decoding=\"async\" data-src=\"\/wp-content\/uploads\/2019\/05\/smart-reno-logo-green.jpg\" src=\"data:image\/svg+xml;base64,PHN2ZyB3aWR0aD0iMSIgaGVpZ2h0PSIxIiB4bWxucz0iaHR0cDovL3d3dy53My5vcmcvMjAwMC9zdmciPjwvc3ZnPg==\" class=\"lazyload\" style=\"--smush-placeholder-width: 400px; --smush-placeholder-aspect-ratio: 400\/400;\"><\/div>\n<div class=\"bio\">\n<h3>Andrei Uglar<\/h3>\n<h4>PDG et Fondateur<\/h4>\n<p>&#8220;Notre relation avec Bloom est bas\u00e9e sur le travail d&#8217;\u00e9quipe gr\u00e2ce \u00e0 une communication efficace et au partage d&#8217;id\u00e9es. Bloom a adapt\u00e9 sa m\u00e9thodologie \u00e0 nos services afin de nous aider \u00e0 atteindre nos objectifs d&#8217;affaires.&#8221;<\/p>\n<\/div>\n<div class=\"quote-symbol\">\u201d<\/div>\n<\/div>\n<\/section>\n<\/div>\n<p><!--holder--><br \/>\n<!--\n\n\n<section class=\"download-case\">\n\n\n<p class=\"title\">Download this case study<\/p>\n\n\n\n\n<p class=\"sub\">Where should we send the PDF?<\/p>\n\n\n\n\n\n<form><input type=\"email\" placeholder=\"Add your email address here\">\n<a class=\"btn btn-yellow mini\" href=\"#\">DOWNLOAD PDF<\/a>\n\n\n<div class=\"wont-spam\"><img decoding=\"async\" data-src=\"\/wp-content\/uploads\/2016\/04\/email.svg\" src=\"data:image\/svg+xml;base64,PHN2ZyB3aWR0aD0iMSIgaGVpZ2h0PSIxIiB4bWxucz0iaHR0cDovL3d3dy53My5vcmcvMjAwMC9zdmciPjwvc3ZnPg==\" class=\"lazyload\">\nWe won't spam you!<\/div>\n\n\n<\/form>\n\n\n\n<\/section>\n\n\n\n--><\/p>\n<section class=\"cta cs\">\n<div class=\"container\">\n<p>Faites fleurir votre entreprise.<\/p>\n<p><a class=\"btn\" href=\"https:\/\/www.makeitbloom.com\/fr\/contact\/\">CONTACTEZ-NOUS<\/a><\/p>\n<\/div>\n<\/section>\n<\/div>\n<\/section>\n<\/div>\n<p><!--Shortcode - More Case Studies --><\/p>\n<section class=\"results grey\">\n<div class=\"graphs_bg\">\n<div class=\"container graphs\">\n<h2>Plus d'\u00e9tudes de cas:<\/h2>\n<section class=\"cards-holder horiz-pager\">\n<section class=\"cards\">\n<div class=\"card bg-strom\">\n                    <a href=\"\/fr\/etudes-de-cas\/strom-spa\/\"><\/p>\n<div class=\"img\"><img decoding=\"async\" class=\"svg logo-smush lazyload\" data-src=\"\/wp-content\/uploads\/2020\/05\/strom-spa_blanc.png\" src=\"data:image\/svg+xml;base64,PHN2ZyB3aWR0aD0iMSIgaGVpZ2h0PSIxIiB4bWxucz0iaHR0cDovL3d3dy53My5vcmcvMjAwMC9zdmciPjwvc3ZnPg==\" style=\"--smush-placeholder-width: 523px; --smush-placeholder-aspect-ratio: 523\/219;\"><\/div>\n<h6><img decoding=\"async\" data-src=\"\/wp-content\/uploads\/2017\/09\/fleche-haut.png\" src=\"data:image\/svg+xml;base64,PHN2ZyB3aWR0aD0iMSIgaGVpZ2h0PSIxIiB4bWxucz0iaHR0cDovL3d3dy53My5vcmcvMjAwMC9zdmciPjwvc3ZnPg==\" class=\"lazyload\" style=\"--smush-placeholder-width: 30px; --smush-placeholder-aspect-ratio: 30\/35;\">162<sup>%<\/sup><\/h6>\n<p>augmentation des ventes sur Facebook Ads<\/p>\n<p><\/a><a href=\"\/fr\/etudes-de-cas\/strom-spa\/\"><\/a><\/p>\n<\/div>\n<div class=\"card bg2 bg-mcgill\">\n                    <a href=\"\/fr\/etudes-de-cas\/mcgill\/\"><\/p>\n<div class=\"img\"><img decoding=\"async\" class=\"svg logo-smush lazyload\" data-src=\"\/wp-content\/uploads\/2017\/09\/mcgill-logo.png\" src=\"data:image\/svg+xml;base64,PHN2ZyB3aWR0aD0iMSIgaGVpZ2h0PSIxIiB4bWxucz0iaHR0cDovL3d3dy53My5vcmcvMjAwMC9zdmciPjwvc3ZnPg==\" style=\"--smush-placeholder-width: 235px; --smush-placeholder-aspect-ratio: 235\/56;\"><\/div>\n<h6><img decoding=\"async\" data-src=\"\/wp-content\/uploads\/2017\/09\/fleche-haut.png\" src=\"data:image\/svg+xml;base64,PHN2ZyB3aWR0aD0iMSIgaGVpZ2h0PSIxIiB4bWxucz0iaHR0cDovL3d3dy53My5vcmcvMjAwMC9zdmciPjwvc3ZnPg==\" class=\"lazyload\" style=\"--smush-placeholder-width: 30px; --smush-placeholder-aspect-ratio: 30\/35;\">41<sup>%<\/sup><\/h6>\n<p>augmentation du taux de conversion; objectif atteint en 1 semaine<\/p>\n<p><\/a><a href=\"\/fr\/etudes-de-cas\/mcgill\/\"><\/a><a href=\"\/fr\/etudes-de-cas\/mcgill\/\"><\/a><a href=\"\/fr\/etudes-de-cas\/mcgill\/\"><\/a><a href=\"\/fr\/etudes-de-cas\/mcgill\/\"><\/a><a href=\"\/fr\/etudes-de-cas\/mcgill\/\"><\/a><a href=\"\/fr\/etudes-de-cas\/mcgill\/\"><\/a><a href=\"\/fr\/etudes-de-cas\/mcgill\/\"><\/a><a href=\"\/fr\/etudes-de-cas\/mcgill\/\"><\/a><a href=\"\/fr\/etudes-de-cas\/mcgill\/\"><\/a><\/p>\n<\/div>\n<div class=\"card bg-geniuserp\">\n                    <a href=\"\/fr\/etudes-de-cas\/genius-erp\/\"><\/p>\n<div class=\"img\"><img decoding=\"async\" class=\"logo-smush lazyload\" data-src=\"\/wp-content\/uploads\/2020\/03\/359-3592933_genius-erp-solutions-graphic-design-hd-png-download.png\" src=\"data:image\/svg+xml;base64,PHN2ZyB3aWR0aD0iMSIgaGVpZ2h0PSIxIiB4bWxucz0iaHR0cDovL3d3dy53My5vcmcvMjAwMC9zdmciPjwvc3ZnPg==\" style=\"--smush-placeholder-width: 468px; --smush-placeholder-aspect-ratio: 468\/182;\"><\/div>\n<h6><img decoding=\"async\" data-src=\"\/wp-content\/uploads\/2017\/09\/fleche-haut.png\" src=\"data:image\/svg+xml;base64,PHN2ZyB3aWR0aD0iMSIgaGVpZ2h0PSIxIiB4bWxucz0iaHR0cDovL3d3dy53My5vcmcvMjAwMC9zdmciPjwvc3ZnPg==\" class=\"lazyload\" style=\"--smush-placeholder-width: 30px; --smush-placeholder-aspect-ratio: 30\/35;\">37<sup>%<\/sup><\/h6>\n<p>augmentation du trafic organique en moins de 6 mois<\/p>\n<p><\/a><a href=\"\/fr\/etudes-de-cas\/genius-erp\/\"><\/a><a href=\"\/fr\/etudes-de-cas\/genius-erp\/\"><\/a><a href=\"\/fr\/etudes-de-cas\/genius-erp\/\"><\/a><a href=\"\/fr\/etudes-de-cas\/genius-erp\/\"><\/a><a href=\"\/fr\/etudes-de-cas\/genius-erp\/\"><\/a><a href=\"\/fr\/etudes-de-cas\/genius-erp\/\"><\/a><a href=\"\/fr\/etudes-de-cas\/genius-erp\/\"><\/a><a href=\"\/fr\/etudes-de-cas\/genius-erp\/\"><\/a><a href=\"\/fr\/etudes-de-cas\/genius-erp\/\"><\/a><a href=\"\/fr\/etudes-de-cas\/genius-erp\/\"><\/a><\/p>\n<\/div>\n<\/section>\n<\/section>\n<p> <a class=\"btn more-margins\" href=\"\/fr\/etudes-de-cas\/\">VOIR PLUS D'\u00c9TUDES DE CAS<\/a><\/p>\n<\/div>\n<\/div>\n<\/section>\n","protected":false},"excerpt":{"rendered":"\u00c9tude de cas De startup \u00e0 leader de l&#8217;industrie Partagez: Smart Reno Smart Reno est un march\u00e9 innovant qui aide les propri\u00e9taires de maison \u00e0 trouver des entrepreneurs de confiance et comparer les offres pour leurs projets de r\u00e9novation domiciliaire. Plus de 30 000 projets sont soumis sur la plateforme chaque ann\u00e9e, ce qui \u00e9quivaut&hellip;","protected":false},"author":35,"featured_media":18042,"parent":1628,"menu_order":0,"comment_status":"closed","ping_status":"closed","template":"","meta":{"inline_featured_image":false,"_uag_custom_page_level_css":"","footnotes":""},"categories":[537],"tags":[],"coauthors":[],"class_list":["post-9247","page","type-page","status-publish","has-post-thumbnail","hentry","category-medias-payants"],"aioseo_notices":[],"uagb_featured_image_src":{"full":["https:\/\/www.makeitbloom.com\/wp-content\/uploads\/2025\/08\/smart-reno-banner-square.png",1080,1080,false],"thumbnail":["https:\/\/www.makeitbloom.com\/wp-content\/uploads\/2025\/08\/smart-reno-banner-square-150x150.png",150,150,true],"medium":["https:\/\/www.makeitbloom.com\/wp-content\/uploads\/2025\/08\/smart-reno-banner-square-250x250.png",250,250,true],"medium_large":["https:\/\/www.makeitbloom.com\/wp-content\/uploads\/2025\/08\/smart-reno-banner-square-768x768.png",768,768,true],"large":["https:\/\/www.makeitbloom.com\/wp-content\/uploads\/2025\/08\/smart-reno-banner-square-700x700.png",700,700,true],"1536x1536":["https:\/\/www.makeitbloom.com\/wp-content\/uploads\/2025\/08\/smart-reno-banner-square.png",1080,1080,false],"2048x2048":["https:\/\/www.makeitbloom.com\/wp-content\/uploads\/2025\/08\/smart-reno-banner-square.png",1080,1080,false],"small":["https:\/\/www.makeitbloom.com\/wp-content\/uploads\/2025\/08\/smart-reno-banner-square-120x120.png",120,120,true],"custom-size":["https:\/\/www.makeitbloom.com\/wp-content\/uploads\/2025\/08\/smart-reno-banner-square-700x200.png",700,200,true]},"uagb_author_info":{"display_name":"Marie-Jo\u00eblle Turgeon","author_link":"https:\/\/www.makeitbloom.com\/fr\/blog\/author\/mariejoelle-turgeon\/"},"uagb_comment_info":0,"uagb_excerpt":"\u00c9tude de cas De startup \u00e0 leader de l&#8217;industrie Partagez: Smart Reno Smart Reno est un march\u00e9 innovant qui aide les propri\u00e9taires de maison \u00e0 trouver des entrepreneurs de confiance et comparer les offres pour leurs projets de r\u00e9novation domiciliaire. Plus de 30 000 projets sont soumis sur la plateforme chaque ann\u00e9e, ce qui \u00e9quivaut&hellip;","rttpg_featured_image_url":{"full":["https:\/\/www.makeitbloom.com\/wp-content\/uploads\/2025\/08\/smart-reno-banner-square.png",1080,1080,false],"landscape":["https:\/\/www.makeitbloom.com\/wp-content\/uploads\/2025\/08\/smart-reno-banner-square.png",1080,1080,false],"portraits":["https:\/\/www.makeitbloom.com\/wp-content\/uploads\/2025\/08\/smart-reno-banner-square.png",1080,1080,false],"thumbnail":["https:\/\/www.makeitbloom.com\/wp-content\/uploads\/2025\/08\/smart-reno-banner-square-150x150.png",150,150,true],"medium":["https:\/\/www.makeitbloom.com\/wp-content\/uploads\/2025\/08\/smart-reno-banner-square-250x250.png",250,250,true],"large":["https:\/\/www.makeitbloom.com\/wp-content\/uploads\/2025\/08\/smart-reno-banner-square-700x700.png",700,700,true],"1536x1536":["https:\/\/www.makeitbloom.com\/wp-content\/uploads\/2025\/08\/smart-reno-banner-square.png",1080,1080,false],"2048x2048":["https:\/\/www.makeitbloom.com\/wp-content\/uploads\/2025\/08\/smart-reno-banner-square.png",1080,1080,false],"small":["https:\/\/www.makeitbloom.com\/wp-content\/uploads\/2025\/08\/smart-reno-banner-square-120x120.png",120,120,true],"custom-size":["https:\/\/www.makeitbloom.com\/wp-content\/uploads\/2025\/08\/smart-reno-banner-square-700x200.png",700,200,true],"rt_custom":["https:\/\/www.makeitbloom.com\/wp-content\/uploads\/2025\/08\/smart-reno-banner-square.png",1080,1080,false]},"rttpg_author":{"display_name":"Marie-Jo\u00eblle Turgeon","author_link":"https:\/\/www.makeitbloom.com\/fr\/blog\/author\/mariejoelle-turgeon\/"},"rttpg_comment":0,"rttpg_category":" <a href=\"https:\/\/www.makeitbloom.com\/fr\/blog\/category\/medias-payants\/\" rel=\"tag\">M\u00e9dias Payants<\/a>","rttpg_excerpt":"\u00c9tude de cas De startup \u00e0 leader de l&#8217;industrie Partagez: Smart Reno Smart Reno est un march\u00e9 innovant qui aide les propri\u00e9taires de maison \u00e0 trouver des entrepreneurs de confiance et comparer les offres pour leurs projets de r\u00e9novation domiciliaire. Plus de 30 000 projets sont soumis sur la plateforme chaque ann\u00e9e, ce qui \u00e9quivaut&hellip;","_links":{"self":[{"href":"https:\/\/www.makeitbloom.com\/fr\/wp-json\/wp\/v2\/pages\/9247","targetHints":{"allow":["GET"]}}],"collection":[{"href":"https:\/\/www.makeitbloom.com\/fr\/wp-json\/wp\/v2\/pages"}],"about":[{"href":"https:\/\/www.makeitbloom.com\/fr\/wp-json\/wp\/v2\/types\/page"}],"author":[{"embeddable":true,"href":"https:\/\/www.makeitbloom.com\/fr\/wp-json\/wp\/v2\/users\/35"}],"replies":[{"embeddable":true,"href":"https:\/\/www.makeitbloom.com\/fr\/wp-json\/wp\/v2\/comments?post=9247"}],"version-history":[{"count":0,"href":"https:\/\/www.makeitbloom.com\/fr\/wp-json\/wp\/v2\/pages\/9247\/revisions"}],"up":[{"embeddable":true,"href":"https:\/\/www.makeitbloom.com\/fr\/wp-json\/wp\/v2\/pages\/1628"}],"wp:featuredmedia":[{"embeddable":true,"href":"https:\/\/www.makeitbloom.com\/fr\/wp-json\/wp\/v2\/media\/18042"}],"wp:attachment":[{"href":"https:\/\/www.makeitbloom.com\/fr\/wp-json\/wp\/v2\/media?parent=9247"}],"wp:term":[{"taxonomy":"category","embeddable":true,"href":"https:\/\/www.makeitbloom.com\/fr\/wp-json\/wp\/v2\/categories?post=9247"},{"taxonomy":"post_tag","embeddable":true,"href":"https:\/\/www.makeitbloom.com\/fr\/wp-json\/wp\/v2\/tags?post=9247"},{"taxonomy":"author","embeddable":true,"href":"https:\/\/www.makeitbloom.com\/fr\/wp-json\/wp\/v2\/coauthors?post=9247"}],"curies":[{"name":"wp","href":"https:\/\/api.w.org\/{rel}","templated":true}]}}