{"id":8844,"date":"2019-04-16T14:32:22","date_gmt":"2019-04-16T18:32:22","guid":{"rendered":"https:\/\/www.makeitbloom.com\/?page_id=8844"},"modified":"2024-08-22T09:09:16","modified_gmt":"2024-08-22T13:09:16","slug":"formations-en-entreprise","status":"publish","type":"page","link":"https:\/\/www.makeitbloom.com\/fr\/formations-en-entreprise\/","title":{"rendered":"Formations en entreprise"},"content":{"rendered":"<section class=\"hero-banner v-services v-formations\">\n<div class=\"container\">\n<h1>Formations personnalis\u00e9es \u00e0 vos objectifs d&#8217;affaires.<\/h1>\n<h2 class=\"\">D\u00e9velopper ses aptitudes num\u00e9riques est essentiel.<\/h2>\n<\/div>\n<\/section>\n<section class=\"results intro p_cs\">\n<div class=\"\">\n<div class=\"container graphs\">\n<div class=\"holder\" style=\"float: none;\">\n<h2 style=\"margin: 0 0 1em;\">Mettez vos connaissances marketing \u00e0 niveau gr\u00e2ce \u00e0 nos formations sur mesure en marketing Web.<\/h2>\n<p><!--\nLe Gouvernement du Qu\u00e9bec a lanc\u00e9, le 6 avril 2020, le <a style=\"text-decoration: none;\" href=\"https:\/\/www.quebec.ca\/entreprises-et-travailleurs-autonomes\/programme-actions-concertees-pour-le-maintien-en-emploi-pacme-covid-19\/\"><em><span style=\"color: #ed5434;\">Programme actions concert\u00e9es pour le maintien en emploi (PACME-COVID-19)<\/span><\/em><\/a>. Ce programme permet aux entreprises qu\u00e9b\u00e9coises de se faire rembourser 100% des frais reli\u00e9s \u00e0 leurs besoins de formation. Profitez-en pour amener vos comp\u00e9tences (ou celles de vos employ\u00e9s) en marketing Web \u00e0 un autre niveau. Vous serez pr\u00eats \u00e0 repartir en force lorsque la crise se calmera.\n-->\n<\/div>\n<div class=\"row\" style=\"padding-bottom: 5%; padding-top: 5%;\">\n<div class=\" column\"><img decoding=\"async\" data-src=\"\/wp-content\/uploads\/2019\/04\/time-1.png\" src=\"data:image\/svg+xml;base64,PHN2ZyB3aWR0aD0iMSIgaGVpZ2h0PSIxIiB4bWxucz0iaHR0cDovL3d3dy53My5vcmcvMjAwMC9zdmciPjwvc3ZnPg==\" class=\"lazyload\" style=\"--smush-placeholder-width: 80px; --smush-placeholder-aspect-ratio: 80\/80;\"><\/p>\n<h3>Dur\u00e9e flexible<\/h3>\n<\/div>\n<div class=\"column\" style=\"padding: 0 3% 3% 0; text-align: center;\"><img decoding=\"async\" data-src=\"https:\/\/www.makeitbloom.com\/wp-content\/uploads\/2019\/04\/personne.small_.png\" src=\"data:image\/svg+xml;base64,PHN2ZyB3aWR0aD0iMSIgaGVpZ2h0PSIxIiB4bWxucz0iaHR0cDovL3d3dy53My5vcmcvMjAwMC9zdmciPjwvc3ZnPg==\" class=\"lazyload\" style=\"--smush-placeholder-width: 88px; --smush-placeholder-aspect-ratio: 88\/80;\"><\/p>\n<h3>1 \u00e0 5 personnes<\/h3>\n<\/div>\n<div class=\"column\"><img decoding=\"async\" data-src=\"\/wp-content\/uploads\/2019\/04\/place-1.png\" src=\"data:image\/svg+xml;base64,PHN2ZyB3aWR0aD0iMSIgaGVpZ2h0PSIxIiB4bWxucz0iaHR0cDovL3d3dy53My5vcmcvMjAwMC9zdmciPjwvc3ZnPg==\" class=\"lazyload\" style=\"--smush-placeholder-width: 80px; --smush-placeholder-aspect-ratio: 80\/80;\"><\/p>\n<h3>Par webdiffusion<\/h3>\n<\/div>\n<\/div>\n<div class=\"row\">\n<div class=\"column-half-left\">\n<h3 style=\"text-align: left;\">CR\u00c9EZ OU OPTIMISEZ VOS CAMPAGNES DE R\u00c9F\u00c9RENCEMENT PAYANT<\/h3>\n<p>Le r\u00e9f\u00e9rencement payant, sur Google Ads ou Bing, est largement utilis\u00e9 par les entreprises pour attirer des prospects sur leur site Web. Cela dit, il est facile de faire des erreurs qui affectent votre taux de conversion et votre retour sur investissement. De plus, la plateforme change constamment, il peut \u00eatre difficile de rester \u00e0 jour, de suivre les meilleures pratiques et de tirer profit des nouvelles fonctionnalit\u00e9s.<\/p>\n<\/div>\n<div class=\"column-half-right\">\n<h3 style=\"text-align: left;\">AM\u00c9LIOREZ VOTRE TAUX DE CONVERSION<\/h3>\n<p>Une fois que vous avez attir\u00e9 les bons visiteurs sur vos pages Web, il est crucial que ces clients potentiels passent \u00e0 l&#8217;action. Nos experts en optimisation du taux de conversion analyseront vos pages, discuteront des meilleures pratiques et partageront leur m\u00e9thodologie pour \u00e9valuer vos r\u00e9sultats.<\/p>\n<\/div>\n<div class=\"column-half-left\">\n<h3 style=\"text-align: left;\">\u00c9LABOREZ VOTRE PLAN DE MARKETING NUM\u00c9RIQUE<\/h3>\n<p>Comment adapter votre strat\u00e9gie de marketing num\u00e9rique pour faire face \u00e0 la crise actuelle? Quels canaux marketing seraient les plus efficaces pour votre entreprise? Comment augmenter vos ventes ou votre nombre de prospects potentiels? Nos sp\u00e9cialistes du Web r\u00e9pondront \u00e0 toutes vos questions.<\/p>\n<\/div>\n<div class=\"column-half-right\">\n<h3 style=\"text-align: left;\">MESUREZ VOS CAMPAGNES PAYANTES ET CR\u00c9EZ DES RAPPORTS EFFICACES<\/h3>\n<p>Mesurer les r\u00e9sultats d&#8217;une campagne Web est souvent une \u00e9tape n\u00e9glig\u00e9e. Pourtant, l&#8217;analytique est un outil puissant pour identifier des opportunit\u00e9s ou pour d\u00e9terminer les tactiques qui fonctionnent le mieux. Cette formation vous permettra d&#8217;am\u00e9liorer vos connaissances sur Google Analytics.<\/p>\n<\/div>\n<div class=\"column-half-left\">\n<h3 style=\"text-align: left;\">AUGMENTEZ VOTRE PORT\u00c9E SUR LES M\u00c9DIAS SOCIAUX<\/h3>\n<p>Maintenant, les internautes sont bombard\u00e9s de publicit\u00e9s sur les m\u00e9dias sociaux de tout bord, tout c\u00f4t\u00e9. Comment vous diff\u00e9rencier? Comment cr\u00e9er des publicit\u00e9s qui am\u00e8nent des r\u00e9sultats concrets? Comment am\u00e9liorer votre retour sur investissement? Une formation sur les m\u00e9dias sociaux aidera \u00e0 r\u00e9pondre \u00e0 vos questions concernant Facebook Ads Manager et d&#8217;autres plateformes comme Pinterest, Snapchat, LinkedIn et YouTube.<\/p>\n<\/div>\n<div class=\"column-half-right\">\n<h3 style=\"text-align: left;\">D\u00c9MYSTIFIEZ LE R\u00c9F\u00c9RENCEMENT ORGANIQUE (SEO)<\/h3>\n<p>Les entreprises d\u00e9laissent souvent le r\u00e9f\u00e9rencement naturel (SEO) puisque les r\u00e9sultats ne sont pas imm\u00e9diats. Pourtant, investir dans une strat\u00e9gie de contenu ou am\u00e9liorer l&#8217;aspect technique de votre site Web pourrait avoir un impact important sur vos ventes. Profitez de de nos tactiques \u00e9rpouv\u00e9es en SEO pour renforcer votre pr\u00e9sence en ligne et continuer de rayonner.<\/p>\n<\/div>\n<\/div>\n<\/div>\n<p><a class=\"btn\" href=\"https:\/\/makeitbloom.typeform.com\/to\/MHOWPf\" target=\"_blank\" rel=\"noopener noreferrer\" data-mode=\"popup\">Obtenez une proposition <\/a> <script> (function() { var qs,js,q,s,d=document, gi=d.getElementById, ce=d.createElement, gt=d.getElementsByTagName, id=\"typef_orm_share\", b=\"https:\/\/embed.typeform.com\/\"; if(!gi.call(d,id)){ js=ce.call(d,\"script\"); js.id=id; js.src=b+\"embed.js\"; q=gt.call(d,\"script\")[0]; q.parentNode.insertBefore(js,q) } })() <\/script><\/p>\n<\/div>\n<\/section>\n<section class=\"process-steps\">\n<div class=\"container\">\n<div class=\"holder\" style=\"float: none;\">\n<h2 class=\"small\" style=\"margin: 0 0 1em; color: white;\">Comment nos formations en marketing num\u00e9riques fonctionnent-elles?<\/h2>\n<section class=\"p-steps\" style=\"padding-left: 10%;\">\n<div class=\"p-step\">\n<div class=\"no\">.01<\/div>\n<h3>COMPRENDRE<\/h3>\n<div class=\"img\"><img decoding=\"async\" data-src=\"\/wp-content\/uploads\/2017\/11\/process-1-red.svg\" src=\"data:image\/svg+xml;base64,PHN2ZyB3aWR0aD0iMSIgaGVpZ2h0PSIxIiB4bWxucz0iaHR0cDovL3d3dy53My5vcmcvMjAwMC9zdmciPjwvc3ZnPg==\" class=\"lazyload\"><\/div>\n<div class=\"text\">\n<p><strong>Toutes les entreprises sont diff\u00e9rentes. Votre industrie, vos comp\u00e9titeurs et vos produits ont une influence majeure sur les tactiques marketing utiles \u00e0 votre marque. En discutant, nous pourrons d\u00e9terminer la formation dont vous avez vraiment besoin. <\/strong><\/p>\n<\/div>\n<\/div>\n<div class=\"p-step\">\n<div class=\"no\">.02<\/div>\n<h3>D\u00e9couvrir<\/h3>\n<div class=\"img\"><img decoding=\"async\" data-src=\"\/wp-content\/uploads\/2017\/11\/PSM_icon.svg\" src=\"data:image\/svg+xml;base64,PHN2ZyB3aWR0aD0iMSIgaGVpZ2h0PSIxIiB4bWxucz0iaHR0cDovL3d3dy53My5vcmcvMjAwMC9zdmciPjwvc3ZnPg==\" class=\"lazyload\"><\/div>\n<div class=\"text\">\n<p><strong>Avant de cr\u00e9er votre formation en marketing num\u00e9rique personnalis\u00e9e, nous nous assurons de bien comprendre ce dont vous avez besoin. Comment pourrions-nous \u00e9largir votre champ d&#8217;expertise? Quelles cordes pourriez-vous ajouter \u00e0 votre arc pour amener votre marketing num\u00e9rique encore plus loin?<\/strong><\/p>\n<\/div>\n<\/div>\n<div class=\"p-step\">\n<div class=\"no\">.03<\/div>\n<h3>ADAPTER<\/h3>\n<div class=\"img\"><img decoding=\"async\" data-src=\"\/wp-content\/uploads\/2017\/11\/DDA_icon.svg\" src=\"data:image\/svg+xml;base64,PHN2ZyB3aWR0aD0iMSIgaGVpZ2h0PSIxIiB4bWxucz0iaHR0cDovL3d3dy53My5vcmcvMjAwMC9zdmciPjwvc3ZnPg==\" class=\"lazyload\"><\/div>\n<div class=\"text\">\n<p><strong>Avec une bonne connaissance de votre industrie, de vos produits et de vos besoins, nous pouvons cr\u00e9er une formation parfaite pour votre \u00e9quipe.<\/strong><\/p>\n<\/div>\n<\/div>\n<\/section>\n<\/div>\n<div class=\"how-can-we-make-your-business\">\n<h3>Planifier votre prochaine formation<\/h3>\n<p dir=\"ltr\"><a href=\"https:\/\/makeitbloom.typeform.com\/to\/MHOWPf\" class=\"btn\">OBTENEZ UNE PROPOSITION<\/a><\/p>\n<div>\n<\/div>\n<\/section>\n<p><!--\n\n\n<section class=\"intro p-services\" style=\"padding-bottom: 1em;\">\n\n\n<div class=\"container\">\n\n\n<div class=\"holder\">\n\n\n<h2>Rappel: soutien gouvernemental pour les formations<\/h2>\n\n\nEn raison de la crise de la COVID-19, le gouvernement du Qu\u00e9bec offre le <a style=\"text-decoration: none;\" href=\"https:\/\/www.quebec.ca\/entreprises-et-travailleurs-autonomes\/programme-actions-concertees-pour-le-maintien-en-emploi-pacme-covid-19\/\"><em><span style=\"color: #ed5434;\">Programme actions concert\u00e9es pour le maintien en emploi (PACME-COVID-19)<\/span><\/em><\/a>. Cette aide gouvernementale rembourse les frais reli\u00e9s \u00e0 la formation des employ\u00e9s. Les projets sont accept\u00e9s jusqu'au 30 septembre 2020 ou jusqu'\u00e0 ce que l'enveloppe budg\u00e9taire de 100 millions de dollars soit \u00e9puis\u00e9e.\n\n<\/div>\n\n\n<\/div>\n\n\n<\/section>\n\n\n\n\n<div class=\"container\">\n\n\n<div class=\"holder\">[getpage id=\"10598\"]\n\n<\/div>\n\n\n<\/div>\n\n\n\nShortcode - featured case studies\n[getpage id=\"10605\"]\n\n\n\n<section class=\"cta\">\n\n\n<div class=\"container\" style=\"padding-top:0px;\">\n<a class=\"btn\" href=\"https:\/\/makeitbloom.typeform.com\/to\/MHOWPf\">Obtenez une proposition<\/a>\n\n<\/div>\n\n\n<\/section>\n\n\n--><\/p>\n","protected":false},"excerpt":{"rendered":"Formations personnalis\u00e9es \u00e0 vos objectifs d&#8217;affaires. D\u00e9velopper ses aptitudes num\u00e9riques est essentiel. Mettez vos connaissances marketing \u00e0 niveau gr\u00e2ce \u00e0 nos formations sur mesure en marketing Web. Dur\u00e9e flexible 1 \u00e0 5 personnes Par webdiffusion CR\u00c9EZ OU OPTIMISEZ VOS CAMPAGNES DE R\u00c9F\u00c9RENCEMENT PAYANT Le r\u00e9f\u00e9rencement payant, sur Google Ads ou Bing, est largement utilis\u00e9 par&hellip;","protected":false},"author":35,"featured_media":0,"parent":0,"menu_order":0,"comment_status":"closed","ping_status":"closed","template":"","meta":{"inline_featured_image":false,"_uag_custom_page_level_css":"","footnotes":""},"categories":[],"tags":[],"coauthors":[],"class_list":["post-8844","page","type-page","status-publish","hentry"],"aioseo_notices":[],"uagb_featured_image_src":{"full":false,"thumbnail":false,"medium":false,"medium_large":false,"large":false,"1536x1536":false,"2048x2048":false,"small":false,"custom-size":false},"uagb_author_info":{"display_name":"Marie-Jo\u00eblle Turgeon","author_link":"https:\/\/www.makeitbloom.com\/fr\/blog\/author\/mariejoelle-turgeon\/"},"uagb_comment_info":0,"uagb_excerpt":"Formations personnalis\u00e9es \u00e0 vos objectifs d&#8217;affaires. D\u00e9velopper ses aptitudes num\u00e9riques est essentiel. Mettez vos connaissances marketing \u00e0 niveau gr\u00e2ce \u00e0 nos formations sur mesure en marketing Web. Dur\u00e9e flexible 1 \u00e0 5 personnes Par webdiffusion CR\u00c9EZ OU OPTIMISEZ VOS CAMPAGNES DE R\u00c9F\u00c9RENCEMENT PAYANT Le r\u00e9f\u00e9rencement payant, sur Google Ads ou Bing, est largement utilis\u00e9 par&hellip;","rttpg_featured_image_url":null,"rttpg_author":{"display_name":"Marie-Jo\u00eblle Turgeon","author_link":"https:\/\/www.makeitbloom.com\/fr\/blog\/author\/mariejoelle-turgeon\/"},"rttpg_comment":0,"rttpg_category":false,"rttpg_excerpt":"Formations personnalis\u00e9es \u00e0 vos objectifs d&#8217;affaires. D\u00e9velopper ses aptitudes num\u00e9riques est essentiel. Mettez vos connaissances marketing \u00e0 niveau gr\u00e2ce \u00e0 nos formations sur mesure en marketing Web. Dur\u00e9e flexible 1 \u00e0 5 personnes Par webdiffusion CR\u00c9EZ OU OPTIMISEZ VOS CAMPAGNES DE R\u00c9F\u00c9RENCEMENT PAYANT Le r\u00e9f\u00e9rencement payant, sur Google Ads ou Bing, est largement utilis\u00e9 par&hellip;","_links":{"self":[{"href":"https:\/\/www.makeitbloom.com\/fr\/wp-json\/wp\/v2\/pages\/8844","targetHints":{"allow":["GET"]}}],"collection":[{"href":"https:\/\/www.makeitbloom.com\/fr\/wp-json\/wp\/v2\/pages"}],"about":[{"href":"https:\/\/www.makeitbloom.com\/fr\/wp-json\/wp\/v2\/types\/page"}],"author":[{"embeddable":true,"href":"https:\/\/www.makeitbloom.com\/fr\/wp-json\/wp\/v2\/users\/35"}],"replies":[{"embeddable":true,"href":"https:\/\/www.makeitbloom.com\/fr\/wp-json\/wp\/v2\/comments?post=8844"}],"version-history":[{"count":0,"href":"https:\/\/www.makeitbloom.com\/fr\/wp-json\/wp\/v2\/pages\/8844\/revisions"}],"wp:attachment":[{"href":"https:\/\/www.makeitbloom.com\/fr\/wp-json\/wp\/v2\/media?parent=8844"}],"wp:term":[{"taxonomy":"category","embeddable":true,"href":"https:\/\/www.makeitbloom.com\/fr\/wp-json\/wp\/v2\/categories?post=8844"},{"taxonomy":"post_tag","embeddable":true,"href":"https:\/\/www.makeitbloom.com\/fr\/wp-json\/wp\/v2\/tags?post=8844"},{"taxonomy":"author","embeddable":true,"href":"https:\/\/www.makeitbloom.com\/fr\/wp-json\/wp\/v2\/coauthors?post=8844"}],"curies":[{"name":"wp","href":"https:\/\/api.w.org\/{rel}","templated":true}]}}