{"id":2608,"date":"2016-10-26T14:53:05","date_gmt":"2016-10-26T18:53:05","guid":{"rendered":"https:\/\/makeitbloom.wpengine.com\/fr\/?page_id=2608"},"modified":"2025-08-15T10:10:57","modified_gmt":"2025-08-15T14:10:57","slug":"the-september","status":"publish","type":"page","link":"https:\/\/www.makeitbloom.com\/fr\/etude-de-cas\/the-september\/","title":{"rendered":"\u00abBloom a su maximiser la croissance de notre entreprise.\u00bb"},"content":{"rendered":"<section class=\"hero-banner basic case\"><img decoding=\"async\" class=\"bg lazyload\" data-src=\"\/wp-content\/uploads\/2016\/04\/case-study-banners\/theseptember-m.jpg\" data-srcset=\"\/wp-content\/uploads\/2016\/04\/case-study-banners\/theseptember-m.jpg 480w, \/wp-content\/uploads\/2016\/04\/case-study-banners\/theseptember.jpg 1600w\" src=\"data:image\/svg+xml;base64,PHN2ZyB3aWR0aD0iMSIgaGVpZ2h0PSIxIiB4bWxucz0iaHR0cDovL3d3dy53My5vcmcvMjAwMC9zdmciPjwvc3ZnPg==\" style=\"--smush-placeholder-width: 640px; --smush-placeholder-aspect-ratio: 640\/620;\" \/><\/p>\n<div class=\"container\">\n<div class=\"content\">\n<h5>\u00c9tude de cas<\/h5>\n<p><!--accepts negative offset for top as xs, s, m, l, xl, xxl. For example class=\"case-logo offset-xxl\"--><br \/>\n<img decoding=\"async\" class=\"case-logo wide lazyload\" data-src=\"\/wp-content\/uploads\/2016\/04\/graphs\/theseptember.svg\" alt=\"The September\" src=\"data:image\/svg+xml;base64,PHN2ZyB3aWR0aD0iMSIgaGVpZ2h0PSIxIiB4bWxucz0iaHR0cDovL3d3dy53My5vcmcvMjAwMC9zdmciPjwvc3ZnPg==\" \/><\/p>\n<h1 class=\"title\">\u00abBloom a su maximiser la croissance de notre entreprise.\u00bb<\/h1>\n<\/div>\n<\/div>\n<\/section>\n<section class=\"case-intro\">\n<div class=\"container\">\n<div id=\"social-share\" class=\"share-links case\">\n<p>Partagez:<\/p>\n<div><a target=\"_blank\" href=\"https:\/\/twitter.com\/intent\/tweet?url=https:\/\/www.makeitbloom.com\/fr\/etude-de-cas\/the-september\/&text=\u00abBloom a su maximiser la croissance de notre entreprise.\u00bb\"><img decoding=\"async\" data-src=\"\/wp-content\/themes\/bloom\/src\/img\/social\/tw.svg\" src=\"data:image\/svg+xml;base64,PHN2ZyB3aWR0aD0iMSIgaGVpZ2h0PSIxIiB4bWxucz0iaHR0cDovL3d3dy53My5vcmcvMjAwMC9zdmciPjwvc3ZnPg==\" class=\"lazyload\"><\/a><a target=\"_blank\" href=\"https:\/\/www.facebook.com\/sharer\/sharer.php?u=https:\/\/www.makeitbloom.com\/fr\/etude-de-cas\/the-september\/\"><img decoding=\"async\" data-src=\"\/wp-content\/themes\/bloom\/src\/img\/social\/fb.svg\" src=\"data:image\/svg+xml;base64,PHN2ZyB3aWR0aD0iMSIgaGVpZ2h0PSIxIiB4bWxucz0iaHR0cDovL3d3dy53My5vcmcvMjAwMC9zdmciPjwvc3ZnPg==\" class=\"lazyload\"><\/a><a target=\"_blank\" href=\"http:\/\/www.linkedin.com\/shareArticle?mini=true&url=https:\/\/www.makeitbloom.com\/fr\/etude-de-cas\/the-september\/&title=\u00abBloom a su maximiser la croissance de notre entreprise.\u00bb\"><img decoding=\"async\" data-src=\"\/wp-content\/themes\/bloom\/src\/img\/social\/li.svg\" src=\"data:image\/svg+xml;base64,PHN2ZyB3aWR0aD0iMSIgaGVpZ2h0PSIxIiB4bWxucz0iaHR0cDovL3d3dy53My5vcmcvMjAwMC9zdmciPjwvc3ZnPg==\" class=\"lazyload\"><\/a><\/div>\n<\/div>\n<div class=\"text\">\n<div class=\"serv responsive\">\n<div class=\"title\">\n<section>\n<div class=\"icon\"><img decoding=\"async\" data-src=\"\/wp-content\/uploads\/2017\/11\/DDA_icon.svg\" src=\"data:image\/svg+xml;base64,PHN2ZyB3aWR0aD0iMSIgaGVpZ2h0PSIxIiB4bWxucz0iaHR0cDovL3d3dy53My5vcmcvMjAwMC9zdmciPjwvc3ZnPg==\" class=\"lazyload\" \/><\/div>\n<h1>Introducing <sup>The<\/sup>September<\/h1>\n<\/section>\n<\/div>\n<p class=\"features last\">The September a \u00e9t\u00e9 cr\u00e9\u00e9 de mani\u00e8re \u00e0 remplir un vide dans les vies des Canadiens(ennes)- le manque flagrant de chaussure haute gamme dans un march\u00e9 locale. En cr\u00e9ant une guerre sur les taxes d\u2019importations, The September ont red\u00e9fini le terme de &#8220;service client&#8221;<\/p>\n<div class=\"line\"><\/div>\n<\/div>\n<div class=\"serv responsive\">\n<div class=\"title\">\n<section>\n<div class=\"icon\"><img decoding=\"async\" data-src=\"\/wp-content\/uploads\/2017\/11\/case_study_icon_challenge.svg\" src=\"data:image\/svg+xml;base64,PHN2ZyB3aWR0aD0iMSIgaGVpZ2h0PSIxIiB4bWxucz0iaHR0cDovL3d3dy53My5vcmcvMjAwMC9zdmciPjwvc3ZnPg==\" class=\"lazyload\" \/><\/div>\n<h2>D\u00e9fi<\/h2>\n<\/section>\n<\/div>\n<p class=\"features\">Avec un plan d\u2019affaire et des produits parfaits, the september avait tout de m\u00eame besoin de rejoindre les parfaits consommateurs.<br \/>\nNous devions:<\/p>\n<ul class=\"features checks last\">\n<li>Rejoindre une client\u00e8le cibl\u00e9e au bon moment et en mode achat<\/li>\n<li>G\u00e9n\u00e9rer des ventes directes avec des campagnes PPC<\/li>\n<li>Augmenter le volume et r\u00e9duire les co\u00dbts des inscriptions en ligne<\/li>\n<\/ul>\n<div class=\"line\"><\/div>\n<\/div>\n<\/div>\n<\/div>\n<\/section>\n<div class=\"intro-services-cta grey case\">\n<section class=\"intro\">\n<div class=\"container\">\n<h3>Solution<\/h3>\n<div class=\"holder\">\n<p>Solution: Les semences ayant \u00e9t\u00e9 plant\u00e9es. Elles \u00e9taient pr\u00eates \u00e0 \u00e9clore.<\/p>\n<section class=\"body\">Ce que nous avons fait:<\/p>\n<\/section>\n<section class=\"check-lists\">\n<ul class=\"checks\">\n<li>Implantation d\u2019une strat\u00e9gie en commerce \u00e9lectronique ainsi qu\u2019un g\u00e9n\u00e9rateur de pistes pour avoir un auditoire cibl\u00e9 et une augmentation des ventes<\/li>\n<li>Introduction de nouvelles campagnes Adwords, Facebook et Bing pour atteindre un public en mode achat<\/li>\n<\/ul>\n<ul class=\"checks\">\n<li>Amplifier des campagnes pour stimuler des inscriptions d\u2019infolettres lors d\u2019\u00e9v\u00e9nements d\u2019envergure comme le &#8220;Black Friday&#8221;<\/li>\n<\/ul>\n<\/section>\n<\/div>\n<section class=\"images bottom-padding\"><img decoding=\"async\" class=\"one lazyload\" data-src=\"\/wp-content\/uploads\/2016\/04\/case-study-body\/ts1.jpg\" src=\"data:image\/svg+xml;base64,PHN2ZyB3aWR0aD0iMSIgaGVpZ2h0PSIxIiB4bWxucz0iaHR0cDovL3d3dy53My5vcmcvMjAwMC9zdmciPjwvc3ZnPg==\" style=\"--smush-placeholder-width: 819px; --smush-placeholder-aspect-ratio: 819\/759;\" \/><br \/>\n<img decoding=\"async\" class=\"two lazyload\" data-src=\"\/wp-content\/uploads\/2016\/04\/case-study-body\/ts2.jpg\" src=\"data:image\/svg+xml;base64,PHN2ZyB3aWR0aD0iMSIgaGVpZ2h0PSIxIiB4bWxucz0iaHR0cDovL3d3dy53My5vcmcvMjAwMC9zdmciPjwvc3ZnPg==\" style=\"--smush-placeholder-width: 819px; --smush-placeholder-aspect-ratio: 819\/759;\" \/><br \/>\n<br style=\"clear: both;\" \/><br \/>\n<\/section>\n<div class=\"holder\">\n<p>Gr\u00e2ce \u00e0 Bloom, The September a maintenant les outils n\u00e9cessaires pour distribuer et chauss\u00e9 sa client\u00e8le du bon pied.<\/p>\n<p>Le tout sans frais d\u2019importation.<\/p>\n<\/div>\n<section class=\"images\"><img decoding=\"async\" class=\"one lazyload\" data-src=\"\/wp-content\/uploads\/2016\/04\/case-study-body\/ts3.jpg\" src=\"data:image\/svg+xml;base64,PHN2ZyB3aWR0aD0iMSIgaGVpZ2h0PSIxIiB4bWxucz0iaHR0cDovL3d3dy53My5vcmcvMjAwMC9zdmciPjwvc3ZnPg==\" style=\"--smush-placeholder-width: 819px; --smush-placeholder-aspect-ratio: 819\/759;\" \/><br \/>\n<img decoding=\"async\" class=\"two lazyload\" data-src=\"\/wp-content\/uploads\/2016\/04\/case-study-body\/ts4.jpg\" src=\"data:image\/svg+xml;base64,PHN2ZyB3aWR0aD0iMSIgaGVpZ2h0PSIxIiB4bWxucz0iaHR0cDovL3d3dy53My5vcmcvMjAwMC9zdmciPjwvc3ZnPg==\" style=\"--smush-placeholder-width: 819px; --smush-placeholder-aspect-ratio: 819\/759;\" \/><br \/>\n<img decoding=\"async\" class=\"three lazyload\" data-src=\"\/wp-content\/uploads\/2016\/04\/case-study-body\/ts5.jpg\" src=\"data:image\/svg+xml;base64,PHN2ZyB3aWR0aD0iMSIgaGVpZ2h0PSIxIiB4bWxucz0iaHR0cDovL3d3dy53My5vcmcvMjAwMC9zdmciPjwvc3ZnPg==\" style=\"--smush-placeholder-width: 819px; --smush-placeholder-aspect-ratio: 819\/759;\" \/><br \/>\n<br style=\"clear: both;\" \/><br \/>\n<\/section>\n<\/div>\n<\/section>\n<\/div>\n<div class=\"intro-services-cta case result\">\n<section class=\"intro results graphs_bg\">\n<div class=\"container\">\n<h3>Les r\u00e9sultats: Revenus Adwords <span class=\"stat nobr\"><img decoding=\"async\" data-src=\"\/wp-content\/uploads\/2017\/11\/fleche-haut-red.svg\" src=\"data:image\/svg+xml;base64,PHN2ZyB3aWR0aD0iMSIgaGVpZ2h0PSIxIiB4bWxucz0iaHR0cDovL3d3dy53My5vcmcvMjAwMC9zdmciPjwvc3ZnPg==\" class=\"lazyload\" \/>80<sup>%<\/sup><\/span><\/h3>\n<div class=\"holder\">\n<ul class=\"checks single\">\n<li style=\"list-style-type: none;\">\n<ul class=\"checks single\">The September a vu une augmentation syst\u00e9matique<\/ul>\n<\/li>\n<\/ul>\n<ul class=\"checks single\">\n<li>80% de plus en revenu adwords d\u2019ann\u00e9e en ann\u00e9e<\/li>\n<li>300% en conversion additionnel les pla\u00e7ant au-del\u00e0 de la moyenne de l\u2019industrie<\/li>\n<li>Une augmentation de 60% des transactions<\/li>\n<\/ul>\n<section class=\"qt\">\n<div class=\"pp\">\n<div class=\"img\"><img decoding=\"async\" data-src=\"\/wp-content\/uploads\/2016\/04\/people\/case-studies\/christine.png\" src=\"data:image\/svg+xml;base64,PHN2ZyB3aWR0aD0iMSIgaGVpZ2h0PSIxIiB4bWxucz0iaHR0cDovL3d3dy53My5vcmcvMjAwMC9zdmciPjwvc3ZnPg==\" class=\"lazyload\" style=\"--smush-placeholder-width: 128px; --smush-placeholder-aspect-ratio: 128\/128;\" \/><\/div>\n<div class=\"bio\">\n<h3>Christine Carlton<\/h3>\n<h4>Chief Executive Officer<\/h4>\n<p>\u00abBloom ont \u00e9t\u00e9 efficaces, collaboratifs et proactifs. Ils ont maximis\u00e9 notre croissance dans l\u2019industrie. Ils viennent hautement recommand\u00e9s\u00bb<\/p>\n<\/div>\n<div class=\"quote-symbol\">\u201d<\/div>\n<\/div>\n<\/section>\n<\/div>\n<p><!--holder--><br \/>\n<!--\n\n\n\n<section class=\"download-case\">\n\n\n<p class=\"title\">Version PDF<\/p>\n\n\n\n\n<p class=\"sub\">T\u00e9l\u00e9chargez cette \u00e9tude de cas<\/p>\n\n\n\n\n\n<form>\n                <input type=\"email\" placeholder=\"Votre adresse courriel\">\n<a class=\"btn btn-yellow mini\" href=\"#\">T\u00c9l\u00c9CHARGER LE PDF<\/a>\n\n\n<div class=\"wont-spam\">\n                    <img decoding=\"async\" data-src=\"\/wp-content\/uploads\/2016\/04\/email.svg\" src=\"data:image\/svg+xml;base64,PHN2ZyB3aWR0aD0iMSIgaGVpZ2h0PSIxIiB4bWxucz0iaHR0cDovL3d3dy53My5vcmcvMjAwMC9zdmciPjwvc3ZnPg==\" class=\"lazyload\">\n<span>Aucun pourriels, garanti<\/span><\/div>\n\n\n<\/form>\n\n\n\n--><\/p>\n<\/div>\n<\/section>\n<section class=\"cta cs\">\n<div class=\"container\">\n<p>Faites fleurir votre entreprise.<\/p>\n<p><a class=\"btn\" href=\"https:\/\/www.makeitbloom.com\/fr\/contact\/\">CONTACTEZ-NOUS<\/a><\/p>\n<\/div>\n<\/section>\n<\/div>\n<p><!--Shortcode - More Case Studies --><\/p>\n<section class=\"results grey\">\n<div class=\"graphs_bg\">\n<div class=\"container graphs\">\n<h2>Plus d'\u00e9tudes de cas:<\/h2>\n<section class=\"cards-holder horiz-pager\">\n<section class=\"cards\">\n<div class=\"card bg-strom\">\n                    <a href=\"\/fr\/etudes-de-cas\/strom-spa\/\"><\/p>\n<div class=\"img\"><img decoding=\"async\" class=\"svg logo-smush lazyload\" data-src=\"\/wp-content\/uploads\/2020\/05\/strom-spa_blanc.png\" src=\"data:image\/svg+xml;base64,PHN2ZyB3aWR0aD0iMSIgaGVpZ2h0PSIxIiB4bWxucz0iaHR0cDovL3d3dy53My5vcmcvMjAwMC9zdmciPjwvc3ZnPg==\" style=\"--smush-placeholder-width: 523px; --smush-placeholder-aspect-ratio: 523\/219;\"><\/div>\n<h6><img decoding=\"async\" data-src=\"\/wp-content\/uploads\/2017\/09\/fleche-haut.png\" src=\"data:image\/svg+xml;base64,PHN2ZyB3aWR0aD0iMSIgaGVpZ2h0PSIxIiB4bWxucz0iaHR0cDovL3d3dy53My5vcmcvMjAwMC9zdmciPjwvc3ZnPg==\" class=\"lazyload\" style=\"--smush-placeholder-width: 30px; --smush-placeholder-aspect-ratio: 30\/35;\">162<sup>%<\/sup><\/h6>\n<p>augmentation des ventes sur Facebook Ads<\/p>\n<p><\/a><a href=\"\/fr\/etudes-de-cas\/strom-spa\/\"><\/a><\/p>\n<\/div>\n<div class=\"card bg2 bg-mcgill\">\n                    <a href=\"\/fr\/etudes-de-cas\/mcgill\/\"><\/p>\n<div class=\"img\"><img decoding=\"async\" class=\"svg logo-smush lazyload\" data-src=\"\/wp-content\/uploads\/2017\/09\/mcgill-logo.png\" src=\"data:image\/svg+xml;base64,PHN2ZyB3aWR0aD0iMSIgaGVpZ2h0PSIxIiB4bWxucz0iaHR0cDovL3d3dy53My5vcmcvMjAwMC9zdmciPjwvc3ZnPg==\" style=\"--smush-placeholder-width: 235px; --smush-placeholder-aspect-ratio: 235\/56;\"><\/div>\n<h6><img decoding=\"async\" data-src=\"\/wp-content\/uploads\/2017\/09\/fleche-haut.png\" src=\"data:image\/svg+xml;base64,PHN2ZyB3aWR0aD0iMSIgaGVpZ2h0PSIxIiB4bWxucz0iaHR0cDovL3d3dy53My5vcmcvMjAwMC9zdmciPjwvc3ZnPg==\" class=\"lazyload\" style=\"--smush-placeholder-width: 30px; --smush-placeholder-aspect-ratio: 30\/35;\">41<sup>%<\/sup><\/h6>\n<p>augmentation du taux de conversion; objectif atteint en 1 semaine<\/p>\n<p><\/a><a href=\"\/fr\/etudes-de-cas\/mcgill\/\"><\/a><a href=\"\/fr\/etudes-de-cas\/mcgill\/\"><\/a><a href=\"\/fr\/etudes-de-cas\/mcgill\/\"><\/a><a href=\"\/fr\/etudes-de-cas\/mcgill\/\"><\/a><a href=\"\/fr\/etudes-de-cas\/mcgill\/\"><\/a><a href=\"\/fr\/etudes-de-cas\/mcgill\/\"><\/a><a href=\"\/fr\/etudes-de-cas\/mcgill\/\"><\/a><a href=\"\/fr\/etudes-de-cas\/mcgill\/\"><\/a><a href=\"\/fr\/etudes-de-cas\/mcgill\/\"><\/a><\/p>\n<\/div>\n<div class=\"card bg-geniuserp\">\n                    <a href=\"\/fr\/etudes-de-cas\/genius-erp\/\"><\/p>\n<div class=\"img\"><img decoding=\"async\" class=\"logo-smush lazyload\" data-src=\"\/wp-content\/uploads\/2020\/03\/359-3592933_genius-erp-solutions-graphic-design-hd-png-download.png\" src=\"data:image\/svg+xml;base64,PHN2ZyB3aWR0aD0iMSIgaGVpZ2h0PSIxIiB4bWxucz0iaHR0cDovL3d3dy53My5vcmcvMjAwMC9zdmciPjwvc3ZnPg==\" style=\"--smush-placeholder-width: 468px; --smush-placeholder-aspect-ratio: 468\/182;\"><\/div>\n<h6><img decoding=\"async\" data-src=\"\/wp-content\/uploads\/2017\/09\/fleche-haut.png\" src=\"data:image\/svg+xml;base64,PHN2ZyB3aWR0aD0iMSIgaGVpZ2h0PSIxIiB4bWxucz0iaHR0cDovL3d3dy53My5vcmcvMjAwMC9zdmciPjwvc3ZnPg==\" class=\"lazyload\" style=\"--smush-placeholder-width: 30px; --smush-placeholder-aspect-ratio: 30\/35;\">37<sup>%<\/sup><\/h6>\n<p>augmentation du trafic organique en moins de 6 mois<\/p>\n<p><\/a><a href=\"\/fr\/etudes-de-cas\/genius-erp\/\"><\/a><a href=\"\/fr\/etudes-de-cas\/genius-erp\/\"><\/a><a href=\"\/fr\/etudes-de-cas\/genius-erp\/\"><\/a><a href=\"\/fr\/etudes-de-cas\/genius-erp\/\"><\/a><a href=\"\/fr\/etudes-de-cas\/genius-erp\/\"><\/a><a href=\"\/fr\/etudes-de-cas\/genius-erp\/\"><\/a><a href=\"\/fr\/etudes-de-cas\/genius-erp\/\"><\/a><a href=\"\/fr\/etudes-de-cas\/genius-erp\/\"><\/a><a href=\"\/fr\/etudes-de-cas\/genius-erp\/\"><\/a><a href=\"\/fr\/etudes-de-cas\/genius-erp\/\"><\/a><\/p>\n<\/div>\n<\/section>\n<\/section>\n<p> <a class=\"btn more-margins\" href=\"\/fr\/etudes-de-cas\/\">VOIR PLUS D'\u00c9TUDES DE CAS<\/a><\/p>\n<\/div>\n<\/div>\n<\/section>\n","protected":false},"excerpt":{"rendered":"\u00c9tude de cas \u00abBloom a su maximiser la croissance de notre entreprise.\u00bb Partagez: Introducing TheSeptember The September a \u00e9t\u00e9 cr\u00e9\u00e9 de mani\u00e8re \u00e0 remplir un vide dans les vies des Canadiens(ennes)- le manque flagrant de chaussure haute gamme dans un march\u00e9 locale. En cr\u00e9ant une guerre sur les taxes d\u2019importations, The September ont red\u00e9fini le&hellip;","protected":false},"author":1,"featured_media":18066,"parent":1628,"menu_order":0,"comment_status":"closed","ping_status":"closed","template":"","meta":{"inline_featured_image":false,"_uag_custom_page_level_css":"","footnotes":""},"categories":[537],"tags":[],"coauthors":[],"class_list":["post-2608","page","type-page","status-publish","has-post-thumbnail","hentry","category-medias-payants"],"aioseo_notices":[],"uagb_featured_image_src":{"full":["https:\/\/www.makeitbloom.com\/wp-content\/uploads\/2025\/08\/september-banner-square.png",1080,1080,false],"thumbnail":["https:\/\/www.makeitbloom.com\/wp-content\/uploads\/2025\/08\/september-banner-square-150x150.png",150,150,true],"medium":["https:\/\/www.makeitbloom.com\/wp-content\/uploads\/2025\/08\/september-banner-square-250x250.png",250,250,true],"medium_large":["https:\/\/www.makeitbloom.com\/wp-content\/uploads\/2025\/08\/september-banner-square-768x768.png",768,768,true],"large":["https:\/\/www.makeitbloom.com\/wp-content\/uploads\/2025\/08\/september-banner-square-700x700.png",700,700,true],"1536x1536":["https:\/\/www.makeitbloom.com\/wp-content\/uploads\/2025\/08\/september-banner-square.png",1080,1080,false],"2048x2048":["https:\/\/www.makeitbloom.com\/wp-content\/uploads\/2025\/08\/september-banner-square.png",1080,1080,false],"small":["https:\/\/www.makeitbloom.com\/wp-content\/uploads\/2025\/08\/september-banner-square-120x120.png",120,120,true],"custom-size":["https:\/\/www.makeitbloom.com\/wp-content\/uploads\/2025\/08\/september-banner-square-700x200.png",700,200,true]},"uagb_author_info":{"display_name":"admin","author_link":"https:\/\/www.makeitbloom.com\/fr\/blog\/author\/admin\/"},"uagb_comment_info":0,"uagb_excerpt":"\u00c9tude de cas \u00abBloom a su maximiser la croissance de notre entreprise.\u00bb Partagez: Introducing TheSeptember The September a \u00e9t\u00e9 cr\u00e9\u00e9 de mani\u00e8re \u00e0 remplir un vide dans les vies des Canadiens(ennes)- le manque flagrant de chaussure haute gamme dans un march\u00e9 locale. En cr\u00e9ant une guerre sur les taxes d\u2019importations, The September ont red\u00e9fini le&hellip;","rttpg_featured_image_url":{"full":["https:\/\/www.makeitbloom.com\/wp-content\/uploads\/2025\/08\/september-banner-square.png",1080,1080,false],"landscape":["https:\/\/www.makeitbloom.com\/wp-content\/uploads\/2025\/08\/september-banner-square.png",1080,1080,false],"portraits":["https:\/\/www.makeitbloom.com\/wp-content\/uploads\/2025\/08\/september-banner-square.png",1080,1080,false],"thumbnail":["https:\/\/www.makeitbloom.com\/wp-content\/uploads\/2025\/08\/september-banner-square-150x150.png",150,150,true],"medium":["https:\/\/www.makeitbloom.com\/wp-content\/uploads\/2025\/08\/september-banner-square-250x250.png",250,250,true],"large":["https:\/\/www.makeitbloom.com\/wp-content\/uploads\/2025\/08\/september-banner-square-700x700.png",700,700,true],"1536x1536":["https:\/\/www.makeitbloom.com\/wp-content\/uploads\/2025\/08\/september-banner-square.png",1080,1080,false],"2048x2048":["https:\/\/www.makeitbloom.com\/wp-content\/uploads\/2025\/08\/september-banner-square.png",1080,1080,false],"small":["https:\/\/www.makeitbloom.com\/wp-content\/uploads\/2025\/08\/september-banner-square-120x120.png",120,120,true],"custom-size":["https:\/\/www.makeitbloom.com\/wp-content\/uploads\/2025\/08\/september-banner-square-700x200.png",700,200,true],"rt_custom":["https:\/\/www.makeitbloom.com\/wp-content\/uploads\/2025\/08\/september-banner-square.png",1080,1080,false]},"rttpg_author":{"display_name":"admin","author_link":"https:\/\/www.makeitbloom.com\/fr\/blog\/author\/admin\/"},"rttpg_comment":0,"rttpg_category":" <a href=\"https:\/\/www.makeitbloom.com\/fr\/blog\/category\/medias-payants\/\" rel=\"tag\">M\u00e9dias Payants<\/a>","rttpg_excerpt":"\u00c9tude de cas \u00abBloom a su maximiser la croissance de notre entreprise.\u00bb Partagez: Introducing TheSeptember The September a \u00e9t\u00e9 cr\u00e9\u00e9 de mani\u00e8re \u00e0 remplir un vide dans les vies des Canadiens(ennes)- le manque flagrant de chaussure haute gamme dans un march\u00e9 locale. En cr\u00e9ant une guerre sur les taxes d\u2019importations, The September ont red\u00e9fini le&hellip;","_links":{"self":[{"href":"https:\/\/www.makeitbloom.com\/fr\/wp-json\/wp\/v2\/pages\/2608","targetHints":{"allow":["GET"]}}],"collection":[{"href":"https:\/\/www.makeitbloom.com\/fr\/wp-json\/wp\/v2\/pages"}],"about":[{"href":"https:\/\/www.makeitbloom.com\/fr\/wp-json\/wp\/v2\/types\/page"}],"author":[{"embeddable":true,"href":"https:\/\/www.makeitbloom.com\/fr\/wp-json\/wp\/v2\/users\/1"}],"replies":[{"embeddable":true,"href":"https:\/\/www.makeitbloom.com\/fr\/wp-json\/wp\/v2\/comments?post=2608"}],"version-history":[{"count":0,"href":"https:\/\/www.makeitbloom.com\/fr\/wp-json\/wp\/v2\/pages\/2608\/revisions"}],"up":[{"embeddable":true,"href":"https:\/\/www.makeitbloom.com\/fr\/wp-json\/wp\/v2\/pages\/1628"}],"wp:featuredmedia":[{"embeddable":true,"href":"https:\/\/www.makeitbloom.com\/fr\/wp-json\/wp\/v2\/media\/18066"}],"wp:attachment":[{"href":"https:\/\/www.makeitbloom.com\/fr\/wp-json\/wp\/v2\/media?parent=2608"}],"wp:term":[{"taxonomy":"category","embeddable":true,"href":"https:\/\/www.makeitbloom.com\/fr\/wp-json\/wp\/v2\/categories?post=2608"},{"taxonomy":"post_tag","embeddable":true,"href":"https:\/\/www.makeitbloom.com\/fr\/wp-json\/wp\/v2\/tags?post=2608"},{"taxonomy":"author","embeddable":true,"href":"https:\/\/www.makeitbloom.com\/fr\/wp-json\/wp\/v2\/coauthors?post=2608"}],"curies":[{"name":"wp","href":"https:\/\/api.w.org\/{rel}","templated":true}]}}