{"id":2109,"date":"2016-10-04T19:31:41","date_gmt":"2016-10-04T19:31:41","guid":{"rendered":"http:\/\/stage.makeitbloom.com\/fr\/?page_id=2109"},"modified":"2019-02-08T16:45:40","modified_gmt":"2019-02-08T20:45:40","slug":"merci","status":"publish","type":"page","link":"https:\/\/www.makeitbloom.com\/fr\/merci\/","title":{"rendered":"Thank you"},"content":{"rendered":"<section class=\"hero-banner v-thanks\">\n<div class=\"container\">\n<h1>Merci pour votre message.<\/h1>\n<h2>Votre message a \u00e9t\u00e9 achemin\u00e9 \u00e0 notre \u00e9quipe et nous vous r\u00e9pondrons sous peu.<\/h2>\n<h2 class=\"need-a-quick-reply\">Besoin de discuter ? Appelez-nous:<br \/>\n(514) 667-7181 ou SANS FRAIS (888) 225-7932<\/h2>\n<\/div>\n<\/section>\n","protected":false},"excerpt":{"rendered":"Merci pour votre message. Votre message a \u00e9t\u00e9 achemin\u00e9 \u00e0 notre \u00e9quipe et nous vous r\u00e9pondrons sous peu. Besoin de discuter ? Appelez-nous: (514) 667-7181 ou SANS FRAIS (888) 225-7932","protected":false},"author":1,"featured_media":0,"parent":0,"menu_order":0,"comment_status":"closed","ping_status":"closed","template":"","meta":{"inline_featured_image":false,"_uag_custom_page_level_css":"","footnotes":""},"categories":[],"tags":[],"coauthors":[],"class_list":["post-2109","page","type-page","status-publish","hentry"],"aioseo_notices":[],"uagb_featured_image_src":{"full":false,"thumbnail":false,"medium":false,"medium_large":false,"large":false,"1536x1536":false,"2048x2048":false,"small":false,"custom-size":false},"uagb_author_info":{"display_name":"admin","author_link":"https:\/\/www.makeitbloom.com\/fr\/blog\/author\/admin\/"},"uagb_comment_info":0,"uagb_excerpt":"Merci pour votre message. Votre message a \u00e9t\u00e9 achemin\u00e9 \u00e0 notre \u00e9quipe et nous vous r\u00e9pondrons sous peu. Besoin de discuter ? Appelez-nous: (514) 667-7181 ou SANS FRAIS (888) 225-7932","rttpg_featured_image_url":null,"rttpg_author":{"display_name":"admin","author_link":"https:\/\/www.makeitbloom.com\/fr\/blog\/author\/admin\/"},"rttpg_comment":0,"rttpg_category":false,"rttpg_excerpt":"Merci pour votre message. Votre message a \u00e9t\u00e9 achemin\u00e9 \u00e0 notre \u00e9quipe et nous vous r\u00e9pondrons sous peu. Besoin de discuter ? Appelez-nous: (514) 667-7181 ou SANS FRAIS (888) 225-7932","_links":{"self":[{"href":"https:\/\/www.makeitbloom.com\/fr\/wp-json\/wp\/v2\/pages\/2109","targetHints":{"allow":["GET"]}}],"collection":[{"href":"https:\/\/www.makeitbloom.com\/fr\/wp-json\/wp\/v2\/pages"}],"about":[{"href":"https:\/\/www.makeitbloom.com\/fr\/wp-json\/wp\/v2\/types\/page"}],"author":[{"embeddable":true,"href":"https:\/\/www.makeitbloom.com\/fr\/wp-json\/wp\/v2\/users\/1"}],"replies":[{"embeddable":true,"href":"https:\/\/www.makeitbloom.com\/fr\/wp-json\/wp\/v2\/comments?post=2109"}],"version-history":[{"count":0,"href":"https:\/\/www.makeitbloom.com\/fr\/wp-json\/wp\/v2\/pages\/2109\/revisions"}],"wp:attachment":[{"href":"https:\/\/www.makeitbloom.com\/fr\/wp-json\/wp\/v2\/media?parent=2109"}],"wp:term":[{"taxonomy":"category","embeddable":true,"href":"https:\/\/www.makeitbloom.com\/fr\/wp-json\/wp\/v2\/categories?post=2109"},{"taxonomy":"post_tag","embeddable":true,"href":"https:\/\/www.makeitbloom.com\/fr\/wp-json\/wp\/v2\/tags?post=2109"},{"taxonomy":"author","embeddable":true,"href":"https:\/\/www.makeitbloom.com\/fr\/wp-json\/wp\/v2\/coauthors?post=2109"}],"curies":[{"name":"wp","href":"https:\/\/api.w.org\/{rel}","templated":true}]}}