{"id":15630,"date":"2023-11-27T10:54:09","date_gmt":"2023-11-27T14:54:09","guid":{"rendered":"https:\/\/www.makeitbloom.com\/?page_id=15630"},"modified":"2025-12-05T10:55:09","modified_gmt":"2025-12-05T14:55:09","slug":"marketing-affiliation","status":"publish","type":"page","link":"https:\/\/www.makeitbloom.com\/fr\/services\/marketing-affiliation\/","title":{"rendered":"Agence de marketing d&#8217;affiliation"},"content":{"rendered":"\n<section class=\"hero-banner basic v-case-studies\"><img decoding=\"async\" class=\"bg lazyload\" data-src=\"https:\/\/www.makeitbloom.com\/wp-content\/uploads\/2021\/06\/affiliate-01-01.png\" src=\"data:image\/svg+xml;base64,PHN2ZyB3aWR0aD0iMSIgaGVpZ2h0PSIxIiB4bWxucz0iaHR0cDovL3d3dy53My5vcmcvMjAwMC9zdmciPjwvc3ZnPg==\" style=\"--smush-placeholder-width: 8000px; --smush-placeholder-aspect-ratio: 8000\/2979;\">\n<div class=\"container\">\n<h1 class=\"title\">Agence de marketing d&#8217;affiliation<\/h1>\n<h2 class=\"body subtitle\">Soyez pr\u00e9sent l\u00e0 o\u00f9 cela compte le plus.\n\n<\/h2>\n<\/div>\n<\/section>\n\n\n\n<section class=\"wp-block-uagb-section uagb-section__wrap uagb-section__background-undefined uagb-block-53bc2bfc new-container breadcrumb-blog\"><div class=\"uagb-section__overlay\"><\/div><div class=\"uagb-section__inner-wrap\"><\/div><\/section>\n\n\n\n<section class=\"wp-block-uagb-section uagb-section__wrap uagb-section__background-color uagb-block-7d48c593 new-container\"><div class=\"uagb-section__overlay\"><\/div><div class=\"uagb-section__inner-wrap\">\n<h2 class=\"wp-block-heading has-text-align-left has-black-color has-text-color\">Diversifiez vos sources de revenus avec le marketing d&#8217;affiliation<\/h2>\n\n\n\n<p class=\"link-orange has-medium-font-size\">Avec le parcours client de plus en plus compliqu\u00e9, il est intelligent d&#8217;utiliser diff\u00e9rentes strat\u00e9gies de marketing. Le marketing d&#8217;affiliation peut aider \u00e0 couvrir les manques laiss\u00e9s par d&#8217;autres m\u00e9thodes et \u00e0 atteindre de nouvelles audiences.<\/p>\n\n\n\n<section class=\"wp-block-uagb-section uagb-section__wrap uagb-section__background-undefined uagb-block-331a0297 new-container\"><div class=\"uagb-section__overlay\"><\/div><div class=\"uagb-section__inner-wrap\">\n<p class=\"font-family-itc has-black-color has-text-color has-large-font-size\" style=\"font-style:normal;font-weight:600\">Notre strat\u00e9gie de marketing d&#8217;affiliation est adapt\u00e9e \u00e0 vos objectifs, \u00e0 votre marque et \u00e0 votre environnement concurrentiel afin de trouver les partenaires les plus pertinents.<\/p>\n<\/div><\/section>\n<\/div><\/section>\n\n\n\n<div style=\"background-color: #1B2126;\">\n\n\n\n<section class=\"wp-block-uagb-section uagb-section__wrap uagb-section__background-undefined uagb-block-caf832d4 new-container\"><div class=\"uagb-section__overlay\"><\/div><div class=\"uagb-section__inner-wrap\">\n<section class=\"wp-block-uagb-section uagb-section__wrap uagb-section__background-color uagb-block-c3b86b80 new-container\"><div class=\"uagb-section__overlay\"><\/div><div class=\"uagb-section__inner-wrap\">\n<h2 class=\"wp-block-heading has-text-align-left has-white-color has-text-color\">Programme bas\u00e9 sur la performance<\/h2>\n\n\n\n<div class=\"wp-block-columns is-layout-flex wp-container-core-columns-is-layout-9d6595d7 wp-block-columns-is-layout-flex\">\n<div class=\"wp-block-column is-layout-flow wp-block-column-is-layout-flow\">\n<h3 class=\"wp-block-heading has-text-align-center has-white-color has-text-color has-background\" style=\"background-color:#ed5434\">\u00c9TAPE 1<\/h3>\n\n\n\n<figure class=\"wp-block-image size-full\"><img decoding=\"async\" width=\"700\" height=\"350\" data-src=\"https:\/\/www.makeitbloom.com\/wp-content\/uploads\/2023\/11\/3.png\" alt=\"\" class=\"wp-image-15597 lazyload\" data-srcset=\"https:\/\/www.makeitbloom.com\/wp-content\/uploads\/2023\/11\/3.png 700w, https:\/\/www.makeitbloom.com\/wp-content\/uploads\/2023\/11\/3-250x125.png 250w, https:\/\/www.makeitbloom.com\/wp-content\/uploads\/2023\/11\/3-120x60.png 120w\" data-sizes=\"(max-width: 700px) 100vw, 700px\" src=\"data:image\/svg+xml;base64,PHN2ZyB3aWR0aD0iMSIgaGVpZ2h0PSIxIiB4bWxucz0iaHR0cDovL3d3dy53My5vcmcvMjAwMC9zdmciPjwvc3ZnPg==\" style=\"--smush-placeholder-width: 700px; --smush-placeholder-aspect-ratio: 700\/350;\" \/><\/figure>\n\n\n\n<h3 class=\"wp-block-heading has-text-align-left has-white-color has-text-color has-link-color wp-elements-f72efd4afa66d4f6eb7492fc4be244ff\">Marque<\/h3>\n\n\n\n<p class=\"has-text-align-left has-white-color has-text-color has-link-color has-medium-font-size wp-elements-bfcecb8d585e57add80d7e401b4f5743\">Recherche des partenariats par le biais d&#8217;un programme d&#8217;affiliation.<\/p>\n<\/div>\n\n\n\n<div class=\"wp-block-column is-layout-flow wp-block-column-is-layout-flow\">\n<h3 class=\"wp-block-heading has-text-align-center has-white-color has-text-color has-background\" style=\"background-color:#3eb54a\">\u00c9TAPE 2<\/h3>\n\n\n\n<figure class=\"wp-block-image size-large\"><img decoding=\"async\" width=\"700\" height=\"350\" data-src=\"https:\/\/www.makeitbloom.com\/wp-content\/uploads\/2023\/06\/meena-700x350.png\" alt=\"\" class=\"wp-image-14899 lazyload\" data-srcset=\"https:\/\/www.makeitbloom.com\/wp-content\/uploads\/2023\/06\/meena-700x350.png 700w, https:\/\/www.makeitbloom.com\/wp-content\/uploads\/2023\/06\/meena-250x125.png 250w, https:\/\/www.makeitbloom.com\/wp-content\/uploads\/2023\/06\/meena-768x384.png 768w, https:\/\/www.makeitbloom.com\/wp-content\/uploads\/2023\/06\/meena-120x60.png 120w, https:\/\/www.makeitbloom.com\/wp-content\/uploads\/2023\/06\/meena.png 1200w\" data-sizes=\"(max-width: 700px) 100vw, 700px\" src=\"data:image\/svg+xml;base64,PHN2ZyB3aWR0aD0iMSIgaGVpZ2h0PSIxIiB4bWxucz0iaHR0cDovL3d3dy53My5vcmcvMjAwMC9zdmciPjwvc3ZnPg==\" style=\"--smush-placeholder-width: 700px; --smush-placeholder-aspect-ratio: 700\/350;\" \/><\/figure>\n\n\n\n<h3 class=\"wp-block-heading has-text-align-left has-white-color has-text-color has-link-color wp-elements-3dc18364675ce3f1e3dc5afeb0195519\">Partenaire<\/h3>\n\n\n\n<p class=\"has-text-align-left has-white-color has-text-color has-link-color has-medium-font-size wp-elements-9188fadc969c63b827d15e31399d19ac\">Promeuvent les produits de la marque sur le site web, les r\u00e9seaux sociaux, ou bien par courriel. <\/p>\n<\/div>\n\n\n\n<div class=\"wp-block-column is-layout-flow wp-block-column-is-layout-flow\">\n<h3 class=\"wp-block-heading has-text-align-center has-white-color has-text-color has-background\" style=\"background-color:#2c8bcb\">\u00c9TAPE 3<\/h3>\n\n\n\n<figure class=\"wp-block-image size-full\"><img decoding=\"async\" width=\"700\" height=\"350\" data-src=\"https:\/\/www.makeitbloom.com\/wp-content\/uploads\/2023\/11\/2.png\" alt=\"\" class=\"wp-image-15595 lazyload\" data-srcset=\"https:\/\/www.makeitbloom.com\/wp-content\/uploads\/2023\/11\/2.png 700w, https:\/\/www.makeitbloom.com\/wp-content\/uploads\/2023\/11\/2-250x125.png 250w, https:\/\/www.makeitbloom.com\/wp-content\/uploads\/2023\/11\/2-120x60.png 120w\" data-sizes=\"(max-width: 700px) 100vw, 700px\" src=\"data:image\/svg+xml;base64,PHN2ZyB3aWR0aD0iMSIgaGVpZ2h0PSIxIiB4bWxucz0iaHR0cDovL3d3dy53My5vcmcvMjAwMC9zdmciPjwvc3ZnPg==\" style=\"--smush-placeholder-width: 700px; --smush-placeholder-aspect-ratio: 700\/350;\" \/><\/figure>\n\n\n\n<h3 class=\"wp-block-heading has-text-align-left has-white-color has-text-color has-link-color wp-elements-e162e769d7ed6ffb81f0f20eefb5472d\">Clients<\/h3>\n\n\n\n<p class=\"has-text-align-left has-white-color has-text-color has-link-color has-medium-font-size wp-elements-d1e68bb1e4b3881622057de68c907c67\">Cliquent sur des liens uniques et ach\u00e8tent le produit.<\/p>\n<\/div>\n\n\n\n<div class=\"wp-block-column is-layout-flow wp-block-column-is-layout-flow\">\n<h3 class=\"wp-block-heading has-text-align-center has-white-color has-text-color has-background\" style=\"background-color:#c0c0c0\">R\u00c9SULTAT<\/h3>\n\n\n\n<figure class=\"wp-block-image size-full\"><img decoding=\"async\" width=\"700\" height=\"350\" data-src=\"https:\/\/www.makeitbloom.com\/wp-content\/uploads\/2023\/11\/bloom-result.png\" alt=\"\" class=\"wp-image-15591 lazyload\" data-srcset=\"https:\/\/www.makeitbloom.com\/wp-content\/uploads\/2023\/11\/bloom-result.png 700w, https:\/\/www.makeitbloom.com\/wp-content\/uploads\/2023\/11\/bloom-result-250x125.png 250w, https:\/\/www.makeitbloom.com\/wp-content\/uploads\/2023\/11\/bloom-result-120x60.png 120w\" data-sizes=\"(max-width: 700px) 100vw, 700px\" src=\"data:image\/svg+xml;base64,PHN2ZyB3aWR0aD0iMSIgaGVpZ2h0PSIxIiB4bWxucz0iaHR0cDovL3d3dy53My5vcmcvMjAwMC9zdmciPjwvc3ZnPg==\" style=\"--smush-placeholder-width: 700px; --smush-placeholder-aspect-ratio: 700\/350;\" \/><\/figure>\n\n\n\n<h3 class=\"wp-block-heading has-text-align-left has-white-color has-text-color has-link-color wp-elements-f72efd4afa66d4f6eb7492fc4be244ff\">Marque<\/h3>\n\n\n\n<p class=\"has-text-align-left has-white-color has-text-color has-link-color has-medium-font-size wp-elements-45181cf757bf3dc57ea72935d70009cf\">Accroit la notori\u00e9t\u00e9 de la marque, les revenus, et la base de clients.<\/p>\n\n\n\n<h3 class=\"wp-block-heading has-text-align-left has-white-color has-text-color has-link-color wp-elements-3dc18364675ce3f1e3dc5afeb0195519\">Partenaire<\/h3>\n\n\n\n<p class=\"has-text-align-left has-white-color has-text-color has-link-color has-medium-font-size wp-elements-f13a58fd63dcd71be4a9777373962464\">Ils sont r\u00e9compens\u00e9s par une commission.<\/p>\n<\/div>\n<\/div>\n<\/div><\/section>\n\n\n\n<p><\/p>\n<\/div><\/section>\n\n\n\n<div class=\"wp-block-uagb-container uagb-block-e829a7e6 alignfull uagb-is-root-container\">\n<div class=\"wp-block-uagb-container new-container uagb-block-9b38ccf6\"><div class=\"wp-block-image\">\n<figure class=\"aligncenter size-large is-resized\"><a href=\"https:\/\/impact.com\/\"><img decoding=\"async\" width=\"700\" height=\"122\" data-src=\"https:\/\/www.makeitbloom.com\/wp-content\/uploads\/2023\/11\/Badges-3-700x122.png\" alt=\"\" class=\"wp-image-15614 lazyload\" style=\"--smush-placeholder-width: 700px; --smush-placeholder-aspect-ratio: 700\/122;width:800px;height:140px\" data-srcset=\"https:\/\/www.makeitbloom.com\/wp-content\/uploads\/2023\/11\/Badges-3-700x122.png 700w, https:\/\/www.makeitbloom.com\/wp-content\/uploads\/2023\/11\/Badges-3-250x44.png 250w, https:\/\/www.makeitbloom.com\/wp-content\/uploads\/2023\/11\/Badges-3-768x134.png 768w, https:\/\/www.makeitbloom.com\/wp-content\/uploads\/2023\/11\/Badges-3-120x21.png 120w, https:\/\/www.makeitbloom.com\/wp-content\/uploads\/2023\/11\/Badges-3.png 1145w\" data-sizes=\"(max-width: 700px) 100vw, 700px\" src=\"data:image\/svg+xml;base64,PHN2ZyB3aWR0aD0iMSIgaGVpZ2h0PSIxIiB4bWxucz0iaHR0cDovL3d3dy53My5vcmcvMjAwMC9zdmciPjwvc3ZnPg==\" \/><\/a><\/figure>\n<\/div><\/div>\n<\/div>\n\n\n\n<div style=\"background-color: #EEEEEE;\">\n\n\n\n<section class=\"wp-block-uagb-section uagb-section__wrap uagb-section__background-color uagb-block-c0e994bf new-container\"><div class=\"uagb-section__overlay\"><\/div><div class=\"uagb-section__inner-wrap\">\n<h2 class=\"wp-block-heading has-text-align-left\">Strat\u00e9gie d&#8217;entonnoir complet<\/h2>\n\n\n\n<div class=\"wp-block-columns is-layout-flex wp-container-core-columns-is-layout-9d6595d7 wp-block-columns-is-layout-flex\">\n<div class=\"wp-block-column is-layout-flow wp-block-column-is-layout-flow\">\n<figure class=\"wp-block-image size-large\"><img decoding=\"async\" width=\"700\" height=\"700\" data-src=\"https:\/\/www.makeitbloom.com\/wp-content\/uploads\/2023\/11\/Keyword-relevance-4-700x700.png\" alt=\"\" class=\"wp-image-15628 lazyload\" data-srcset=\"https:\/\/www.makeitbloom.com\/wp-content\/uploads\/2023\/11\/Keyword-relevance-4-700x700.png 700w, https:\/\/www.makeitbloom.com\/wp-content\/uploads\/2023\/11\/Keyword-relevance-4-250x250.png 250w, https:\/\/www.makeitbloom.com\/wp-content\/uploads\/2023\/11\/Keyword-relevance-4-150x150.png 150w, https:\/\/www.makeitbloom.com\/wp-content\/uploads\/2023\/11\/Keyword-relevance-4-768x768.png 768w, https:\/\/www.makeitbloom.com\/wp-content\/uploads\/2023\/11\/Keyword-relevance-4-120x120.png 120w, https:\/\/www.makeitbloom.com\/wp-content\/uploads\/2023\/11\/Keyword-relevance-4.png 1080w\" data-sizes=\"(max-width: 700px) 100vw, 700px\" src=\"data:image\/svg+xml;base64,PHN2ZyB3aWR0aD0iMSIgaGVpZ2h0PSIxIiB4bWxucz0iaHR0cDovL3d3dy53My5vcmcvMjAwMC9zdmciPjwvc3ZnPg==\" style=\"--smush-placeholder-width: 700px; --smush-placeholder-aspect-ratio: 700\/700;\" \/><\/figure>\n<\/div>\n\n\n\n<div class=\"wp-block-column is-layout-flow wp-block-column-is-layout-flow\">\n<p class=\"has-medium-font-size\"><strong>Le marketing d&#8217;affiliation n&#8217;est pas seulement utilis\u00e9 pour les tactiques de l&#8217;entonnoir inf\u00e9rieur, mais pour l&#8217;entonnoir complet.<\/strong><\/p>\n\n\n\n<h2 class=\"wp-block-heading has-text-align-left has-large-font-size\"><strong>Entonnoir sup\u00e9rieur<\/strong><\/h2>\n\n\n\n<p class=\"has-medium-font-size\">Sensibiliser le public \u00e0 l&#8217;aide d&#8217;un trafic pertinent par le biais de sites de contenu.<\/p>\n\n\n\n<h2 class=\"wp-block-heading has-text-align-left has-large-font-size\"><strong>Entonnoir moyen<\/strong><\/h2>\n\n\n\n<p class=\"has-medium-font-size\">Cibler les sites d&#8217;\u00e9valuation pour le public qui recherche le produit ou le service. C&#8217;est un bon environnement pour se retrouver face \u00e0 ses concurrents lorsque le consommateur fait des recherches.<\/p>\n\n\n\n<h2 class=\"wp-block-heading has-text-align-left has-large-font-size\">Entonnoir inf\u00e9rieur<\/h2>\n\n\n\n<p class=\"has-medium-font-size\">Stimuler les conversions en ciblant les sites d&#8217;offres et de coupons. Les programmes d&#8217;affiliation sont consid\u00e9r\u00e9s comme distincts du message de la marque, ce qui aide le consommateur \u00e0 ne pas associer les offres \u00e0 la marque.<\/p>\n<\/div>\n<\/div>\n\n\n\n<div class=\"wp-block-columns is-layout-flex wp-container-core-columns-is-layout-9d6595d7 wp-block-columns-is-layout-flex\">\n<div class=\"wp-block-column is-layout-flow wp-block-column-is-layout-flow\"><\/div>\n<\/div>\n<\/div><\/section>\n\n\n\n<div style=\"background-color: #1B2126;\">\n\n\n\n<section class=\"process-steps\">\n<div class=\"container\">\n<h2 class=\"h2style\">Comment on fait<\/h2>\n<p class=\"subheading\">Le processus de Bloom<\/p>\n\n<section class=\"p-steps\">\n<div class=\"p-step\">\n<div class=\"no\">.01<\/div>\n<h3>D\u00e9finir les objectifs<\/h3>\n<div class=\"img\"><img decoding=\"async\" data-src=\"\/wp-content\/uploads\/2017\/11\/process_icon_03_identify_objectives.svg\" src=\"data:image\/svg+xml;base64,PHN2ZyB3aWR0aD0iMSIgaGVpZ2h0PSIxIiB4bWxucz0iaHR0cDovL3d3dy53My5vcmcvMjAwMC9zdmciPjwvc3ZnPg==\" class=\"lazyload\"><\/div>\n<div class=\"text\">\n\nNous d\u00e9finissons clairement les objectifs que vous souhaitez atteindre avec votre programme de marketing d&#8217;affiliation. Qu&#8217;il s&#8217;agisse d&#8217;augmenter les ventes, d&#8217;accro\u00eetre le trafic ou d&#8217;\u00e9tendre la port\u00e9e de votre marque, des objectifs clairs guideront notre strat\u00e9gie.\n\n<\/div>\n<\/div>\n<div class=\"p-step\">\n<div class=\"no\">.02<\/div>\n<h3>Identifier les audiences<\/h3>\n<div class=\"img\"><img decoding=\"async\" data-src=\"\/wp-content\/uploads\/2017\/11\/process-1-red.svg\" src=\"data:image\/svg+xml;base64,PHN2ZyB3aWR0aD0iMSIgaGVpZ2h0PSIxIiB4bWxucz0iaHR0cDovL3d3dy53My5vcmcvMjAwMC9zdmciPjwvc3ZnPg==\" class=\"lazyload\"><\/div>\n<div class=\"text\">\n\nNous prenons le temps de bien comprendre votre public cible et d&#8217;adapter votre programme d&#8217;affiliation \u00e0 leurs besoins et \u00e0 leurs int\u00e9r\u00eats. Cela nous aidera \u00e0 choisir les bons affili\u00e9s qui pourront atteindre et toucher efficacement votre public.\n<\/div>\n<\/div>\n<div class=\"p-step\">\n<div class=\"no\">.03<\/div>\n<h3>Choisir les bons partenaires d&#8217;affiliation<\/h3>\n<div class=\"img\"><img decoding=\"async\" data-src=\"\/wp-content\/uploads\/2017\/11\/process_icon_07_learn.svg\" src=\"data:image\/svg+xml;base64,PHN2ZyB3aWR0aD0iMSIgaGVpZ2h0PSIxIiB4bWxucz0iaHR0cDovL3d3dy53My5vcmcvMjAwMC9zdmciPjwvc3ZnPg==\" class=\"lazyload\"><\/div>\n<div class=\"text\">\n\nNous s\u00e9lectionnons des affili\u00e9s qui correspondent \u00e0 votre marque et \u00e0 votre public cible. Nous recherchons des partenaires qui ont une bonne r\u00e9putation, un contenu pertinent et une forte pr\u00e9sence en ligne. <\/div>\n<\/div>\n<div class=\"p-step\">\n<div class=\"no\">.04<\/div>\n<h3>Implementer le suivi et l&#8217;analyse<\/h3>\n<div class=\"img\"><img decoding=\"async\" data-src=\"\/wp-content\/uploads\/2017\/11\/process_icon_02_research.svg\" src=\"data:image\/svg+xml;base64,PHN2ZyB3aWR0aD0iMSIgaGVpZ2h0PSIxIiB4bWxucz0iaHR0cDovL3d3dy53My5vcmcvMjAwMC9zdmciPjwvc3ZnPg==\" class=\"lazyload\"><\/div>\n<div class=\"text\">\n\nNous utilisons des outils de suivi pour contr\u00f4ler les performances de votre programme d&#8217;affiliation. Nous suivons des indicateurs cl\u00e9s tels que les clics, les conversions et les ventes afin d&#8217;\u00e9valuer le succ\u00e8s de vos affili\u00e9s et d&#8217;identifier les domaines \u00e0 am\u00e9liorer.\n\n<\/div>\n<\/div>\n<div class=\"p-step\">\n<div class=\"no\">.05<\/div>\n<h3>Optimiser et adapter<\/h3>\n<div class=\"img\"><img decoding=\"async\" data-src=\"\/wp-content\/uploads\/2017\/11\/process_icon_04_build_campaign.svg\" src=\"data:image\/svg+xml;base64,PHN2ZyB3aWR0aD0iMSIgaGVpZ2h0PSIxIiB4bWxucz0iaHR0cDovL3d3dy53My5vcmcvMjAwMC9zdmciPjwvc3ZnPg==\" class=\"lazyload\"><\/div>\n<div class=\"text\">\n\nNous analysons en permanence les performances de votre programme d&#8217;affiliation. Nous optimisons la strat\u00e9gie en fonction de ce qui fonctionne le mieux et nous ne nous contentons jamais du statu quo.\n\n<\/div>\n\n\n<\/section><\/div>\n<\/section>\n\n\n\n<section class=\"wp-block-uagb-section uagb-section__wrap uagb-section__background-color uagb-block-f92e8365\"><div class=\"uagb-section__overlay\"><\/div><div class=\"uagb-section__inner-wrap\">\n<section class=\"wp-block-uagb-section uagb-section__wrap uagb-section__background-none uagb-block-b851c3a4\"><div class=\"uagb-section__overlay\"><\/div><div class=\"uagb-section__inner-wrap\">\n<section class=\"wp-block-uagb-section uagb-section__wrap uagb-section__background-undefined uagb-block-4ac426a9\"><div class=\"uagb-section__overlay\"><\/div><div class=\"uagb-section__inner-wrap\">\n<p class=\"has-text-align-center has-white-color has-text-color has-large-font-size\"><em>Pr\u00eat \u00e0 booster votre succ\u00e8s en marketing d&#8217;affiliation ?<\/em><\/p>\n\n\n\n<div class=\"wp-block-buttons is-layout-flex wp-block-buttons-is-layout-flex\">\n<div class=\"wp-block-button aligncenter contact-btn\"><a class=\"wp-block-button__link wp-element-button\" href=\"https:\/\/www.makeitbloom.com\/fr\/getaproposal\/\" rel=\"\">OBTENEZ UNE PROPOSITION<\/a><\/div>\n<\/div>\n<\/div><\/section>\n<\/div><\/section>\n<\/div><\/section>\n","protected":false},"excerpt":{"rendered":"Agence de marketing d&#8217;affiliation Soyez pr\u00e9sent l\u00e0 o\u00f9 cela compte le plus. Comment on fait Le processus de Bloom .01 D\u00e9finir les objectifs Nous d\u00e9finissons clairement les objectifs que vous souhaitez atteindre avec votre programme de marketing d&#8217;affiliation. Qu&#8217;il s&#8217;agisse d&#8217;augmenter les ventes, d&#8217;accro\u00eetre le trafic ou d&#8217;\u00e9tendre la port\u00e9e de votre marque, des objectifs&hellip;","protected":false},"author":66,"featured_media":0,"parent":1630,"menu_order":0,"comment_status":"closed","ping_status":"closed","template":"","meta":{"inline_featured_image":false,"_uag_custom_page_level_css":"","footnotes":""},"categories":[],"tags":[],"coauthors":[],"class_list":["post-15630","page","type-page","status-publish","hentry"],"aioseo_notices":[],"uagb_featured_image_src":{"full":false,"thumbnail":false,"medium":false,"medium_large":false,"large":false,"1536x1536":false,"2048x2048":false,"small":false,"custom-size":false},"uagb_author_info":{"display_name":"Lola Lam Quang","author_link":"https:\/\/www.makeitbloom.com\/fr\/blog\/author\/lola-lam-quang\/"},"uagb_comment_info":0,"uagb_excerpt":"Agence de marketing d&#8217;affiliation Soyez pr\u00e9sent l\u00e0 o\u00f9 cela compte le plus. Comment on fait Le processus de Bloom .01 D\u00e9finir les objectifs Nous d\u00e9finissons clairement les objectifs que vous souhaitez atteindre avec votre programme de marketing d&#8217;affiliation. Qu&#8217;il s&#8217;agisse d&#8217;augmenter les ventes, d&#8217;accro\u00eetre le trafic ou d&#8217;\u00e9tendre la port\u00e9e de votre marque, des objectifs&hellip;","rttpg_featured_image_url":null,"rttpg_author":{"display_name":"Lola Lam Quang","author_link":"https:\/\/www.makeitbloom.com\/fr\/blog\/author\/lola-lam-quang\/"},"rttpg_comment":0,"rttpg_category":false,"rttpg_excerpt":"Agence de marketing d&#8217;affiliation Soyez pr\u00e9sent l\u00e0 o\u00f9 cela compte le plus. Comment on fait Le processus de Bloom .01 D\u00e9finir les objectifs Nous d\u00e9finissons clairement les objectifs que vous souhaitez atteindre avec votre programme de marketing d&#8217;affiliation. Qu&#8217;il s&#8217;agisse d&#8217;augmenter les ventes, d&#8217;accro\u00eetre le trafic ou d&#8217;\u00e9tendre la port\u00e9e de votre marque, des objectifs&hellip;","_links":{"self":[{"href":"https:\/\/www.makeitbloom.com\/fr\/wp-json\/wp\/v2\/pages\/15630","targetHints":{"allow":["GET"]}}],"collection":[{"href":"https:\/\/www.makeitbloom.com\/fr\/wp-json\/wp\/v2\/pages"}],"about":[{"href":"https:\/\/www.makeitbloom.com\/fr\/wp-json\/wp\/v2\/types\/page"}],"author":[{"embeddable":true,"href":"https:\/\/www.makeitbloom.com\/fr\/wp-json\/wp\/v2\/users\/66"}],"replies":[{"embeddable":true,"href":"https:\/\/www.makeitbloom.com\/fr\/wp-json\/wp\/v2\/comments?post=15630"}],"version-history":[{"count":0,"href":"https:\/\/www.makeitbloom.com\/fr\/wp-json\/wp\/v2\/pages\/15630\/revisions"}],"up":[{"embeddable":true,"href":"https:\/\/www.makeitbloom.com\/fr\/wp-json\/wp\/v2\/pages\/1630"}],"wp:attachment":[{"href":"https:\/\/www.makeitbloom.com\/fr\/wp-json\/wp\/v2\/media?parent=15630"}],"wp:term":[{"taxonomy":"category","embeddable":true,"href":"https:\/\/www.makeitbloom.com\/fr\/wp-json\/wp\/v2\/categories?post=15630"},{"taxonomy":"post_tag","embeddable":true,"href":"https:\/\/www.makeitbloom.com\/fr\/wp-json\/wp\/v2\/tags?post=15630"},{"taxonomy":"author","embeddable":true,"href":"https:\/\/www.makeitbloom.com\/fr\/wp-json\/wp\/v2\/coauthors?post=15630"}],"curies":[{"name":"wp","href":"https:\/\/api.w.org\/{rel}","templated":true}]}}