{"id":15609,"date":"2023-11-20T15:45:41","date_gmt":"2023-11-20T19:45:41","guid":{"rendered":"https:\/\/www.makeitbloom.com\/?page_id=15609"},"modified":"2025-08-15T09:40:22","modified_gmt":"2025-08-15T13:40:22","slug":"marketing-affiliation","status":"publish","type":"page","link":"https:\/\/www.makeitbloom.com\/fr\/etude-de-cas\/marketing-affiliation\/","title":{"rendered":"Croissance remarquable des revenus gr\u00e2ce au marketing d&#8217;affiliation"},"content":{"rendered":"<section class=\"hero-banner basic case\"><img decoding=\"async\" class=\"bg lazyload\" data-src=\"https:\/\/www.makeitbloom.com\/wp-content\/uploads\/2023\/11\/lacanadienne-header.png\" data-srcset=\"https:\/\/www.makeitbloom.com\/wp-content\/uploads\/2023\/11\/lacanadienne-header.png 480w, https:\/\/www.makeitbloom.com\/wp-content\/uploads\/2023\/11\/lacanadienne-header.png 1600w\" src=\"data:image\/svg+xml;base64,PHN2ZyB3aWR0aD0iMSIgaGVpZ2h0PSIxIiB4bWxucz0iaHR0cDovL3d3dy53My5vcmcvMjAwMC9zdmciPjwvc3ZnPg==\" style=\"--smush-placeholder-width: 1600px; --smush-placeholder-aspect-ratio: 1600\/622;\" \/><\/p>\n<div class=\"container\">\n<div class=\"content\">\n<h5>\u00c9tude de cas<\/h5>\n<h1 class=\"title\">Croissance remarquable des revenus gr\u00e2ce au marketing d&#8217;affiliation<\/h1>\n<\/div>\n<\/div>\n<\/section>\n<section class=\"case-intro\">\n<div class=\"container\">\n<div id=\"social-share\" class=\"share-links case\">\n<p>Share this:<\/p>\n<div><a target=\"_blank\" href=\"https:\/\/twitter.com\/intent\/tweet?url=https:\/\/www.makeitbloom.com\/fr\/etude-de-cas\/marketing-affiliation\/&text=Croissance remarquable des revenus gr\u00e2ce au marketing d&#8217;affiliation\"><img decoding=\"async\" data-src=\"\/wp-content\/themes\/bloom\/src\/img\/social\/tw.svg\" src=\"data:image\/svg+xml;base64,PHN2ZyB3aWR0aD0iMSIgaGVpZ2h0PSIxIiB4bWxucz0iaHR0cDovL3d3dy53My5vcmcvMjAwMC9zdmciPjwvc3ZnPg==\" class=\"lazyload\"><\/a><a target=\"_blank\" href=\"https:\/\/www.facebook.com\/sharer\/sharer.php?u=https:\/\/www.makeitbloom.com\/fr\/etude-de-cas\/marketing-affiliation\/\"><img decoding=\"async\" data-src=\"\/wp-content\/themes\/bloom\/src\/img\/social\/fb.svg\" src=\"data:image\/svg+xml;base64,PHN2ZyB3aWR0aD0iMSIgaGVpZ2h0PSIxIiB4bWxucz0iaHR0cDovL3d3dy53My5vcmcvMjAwMC9zdmciPjwvc3ZnPg==\" class=\"lazyload\"><\/a><a target=\"_blank\" href=\"http:\/\/www.linkedin.com\/shareArticle?mini=true&url=https:\/\/www.makeitbloom.com\/fr\/etude-de-cas\/marketing-affiliation\/&title=Croissance remarquable des revenus gr\u00e2ce au marketing d&#8217;affiliation\"><img decoding=\"async\" data-src=\"\/wp-content\/themes\/bloom\/src\/img\/social\/li.svg\" src=\"data:image\/svg+xml;base64,PHN2ZyB3aWR0aD0iMSIgaGVpZ2h0PSIxIiB4bWxucz0iaHR0cDovL3d3dy53My5vcmcvMjAwMC9zdmciPjwvc3ZnPg==\" class=\"lazyload\"><\/a><\/div>\n<\/div>\n<div class=\"text\">\n<div class=\"serv responsive\">\n<div class=\"title\">\n<section>\n<div class=\"icon\"><img decoding=\"async\" data-src=\"\/wp-content\/uploads\/2017\/11\/DDA_icon.svg\" src=\"data:image\/svg+xml;base64,PHN2ZyB3aWR0aD0iMSIgaGVpZ2h0PSIxIiB4bWxucz0iaHR0cDovL3d3dy53My5vcmcvMjAwMC9zdmciPjwvc3ZnPg==\" class=\"lazyload\" \/><\/div>\n<h1>\u00c0 propos du client<\/h1>\n<\/section>\n<\/div>\n<p class=\"features\">Ce client s&#8217;est donn\u00e9 pour mission de red\u00e9finir l&#8217;industrie de la chaussure en l&#8217;abordant sous un angle nouveau, adapt\u00e9 aux exigences de la vie urbaine. Il s&#8217;agit d&#8217;un d\u00e9taillant canadien de chaussures qui r\u00e9pond aux besoins de toutes les saisons, offrant une gamme de chaussures du printemps \u00e0 l&#8217;hiver. <\/p>\n<div class=\"line\"><\/div>\n<\/div>\n<div class=\"serv responsive\">\n<div class=\"title\">\n<section>\n<div class=\"icon\"><img decoding=\"async\" data-src=\"\/wp-content\/uploads\/2017\/11\/case_study_icon_challenge.svg\" src=\"data:image\/svg+xml;base64,PHN2ZyB3aWR0aD0iMSIgaGVpZ2h0PSIxIiB4bWxucz0iaHR0cDovL3d3dy53My5vcmcvMjAwMC9zdmciPjwvc3ZnPg==\" class=\"lazyload\" \/><\/div>\n<h2>Le d\u00e9fi<\/h2>\n<\/section>\n<\/div>\n<p class=\"features\">Le client a exprim\u00e9 le souhait d&#8217;am\u00e9liorer \u00e0 la fois ses revenus et son <a style=\"color: #ed5434; text-decoration: none; font-style: italic;\" href=\"https:\/\/www.shopify.com\/ca\/blog\/best-affiliate-programs\">programme d&#8217;affiliation<\/a>, en recherchant des opportunit\u00e9s de croissance dans ces domaines. Cela correspond parfaitement au type de projets qui passionnent notre \u00e9quipe d&#8217;experts en affiliation &#8211; et les r\u00e9sultats parlent d&#8217;eux-m\u00eames !\n<\/p>\n<div class=\"line\"><\/div>\n<\/div>\n<\/div>\n<\/div>\n<\/section>\n<div class=\"intro-services-cta grey case\">\n<section class=\"intro\">\n<div class=\"container\">\n<h2>La solution<\/h2>\n<div class=\"holder\">\n<section class=\"body\">\n<p class=\"not-body\">Les sp\u00e9cialistes marketing par affiliation chez Bloom ont d\u00e9velopp\u00e9 et mis en \u0153uvre des strat\u00e9gies optimis\u00e9es pour maximiser le retour sur investissement. Voici ce que nous avons fait :<\/p>\n<\/section>\n<section class=\"body\">\n<ul class=\"checks single\">\n<li>Nous avons r\u00e9organis\u00e9 les structures de commission et r\u00e9\u00e9valu\u00e9 notre liste d&#8217;\u00e9diteurs, en int\u00e9grant activement de nouveaux partenaires. En outre, nous avons augment\u00e9 les commissions pour nos partenaires les plus performants et collabor\u00e9 avec eux pour explorer des tactiques innovantes.\n<\/li>\n<li>Nous avons opt\u00e9 pour un entonnoir plus bas &#8211; en p\u00e9riode de baisse d&#8217;activit\u00e9 &#8211; afin de maintenir un flux de revenus solide tout en optimisant l&#8217;efficacit\u00e9 des d\u00e9penses.<\/li>\n<\/ul>\n<\/section>\n<\/div>\n<section class=\"images\"><img decoding=\"async\" class=\"one lazyload\" data-src=\"https:\/\/www.makeitbloom.com\/wp-content\/uploads\/2023\/11\/22.png\" src=\"data:image\/svg+xml;base64,PHN2ZyB3aWR0aD0iMSIgaGVpZ2h0PSIxIiB4bWxucz0iaHR0cDovL3d3dy53My5vcmcvMjAwMC9zdmciPjwvc3ZnPg==\" style=\"--smush-placeholder-width: 820px; --smush-placeholder-aspect-ratio: 820\/759;\" \/><br \/>\n<img decoding=\"async\" class=\"two lazyload\" data-src=\"https:\/\/www.makeitbloom.com\/wp-content\/uploads\/2023\/11\/21.png\" src=\"data:image\/svg+xml;base64,PHN2ZyB3aWR0aD0iMSIgaGVpZ2h0PSIxIiB4bWxucz0iaHR0cDovL3d3dy53My5vcmcvMjAwMC9zdmciPjwvc3ZnPg==\" style=\"--smush-placeholder-width: 820px; --smush-placeholder-aspect-ratio: 820\/759;\" \/><br \/>\n<img decoding=\"async\" class=\"three lazyload\" data-src=\"https:\/\/www.makeitbloom.com\/wp-content\/uploads\/2023\/11\/20.png\" src=\"data:image\/svg+xml;base64,PHN2ZyB3aWR0aD0iMSIgaGVpZ2h0PSIxIiB4bWxucz0iaHR0cDovL3d3dy53My5vcmcvMjAwMC9zdmciPjwvc3ZnPg==\" style=\"--smush-placeholder-width: 820px; --smush-placeholder-aspect-ratio: 820\/759;\" \/><br \/>\n<br style=\"clear: both;\" \/><br \/>\n<\/section>\n<\/div>\n<\/section>\n<\/div>\n<div class=\"intro-services-cta case result\">\n<section class=\"intro results graphs_bg\">\n<div class=\"container\">\n<h2>Les r\u00e9sultats?<\/h2>\n<p class=\"not-body\">En l&#8217;espace d&#8217;un an, nous avons recrut\u00e9 de nombreux<br \/> partenaires et obtenu des r\u00e9sultats remarquables :<\/p>\n<ul class=\"checks single\">\n<li>Le chiffre d\u2019affaires a augment\u00e9 de 47 %.<\/li>\n<li>Les clics ont connu une augmentation remarquable de 103 %.<\/li>\n<li>Les commandes ont connu une hausse significative de 38 %.<\/li>\n<li>Une augmentation des net items de 42%.<\/li>\n<\/ul>\n<p class=\"not-body\">De plus, la commission de l&#8217;\u00e9diteur a connu une augmentation<br \/> significative de 42 %. C&#8217;est une belle croissance !<\/p>\n<p><!---\n\n\n\n<section class=\"qt\">\n\n\n<div class=\"pp\">\n\n\n<div class=\"img\"><img decoding=\"async\" data-src=\"\/wp-content\/uploads\/2019\/09\/polysleep-purple-logo.jpg\" src=\"data:image\/svg+xml;base64,PHN2ZyB3aWR0aD0iMSIgaGVpZ2h0PSIxIiB4bWxucz0iaHR0cDovL3d3dy53My5vcmcvMjAwMC9zdmciPjwvc3ZnPg==\" class=\"lazyload\" style=\"--smush-placeholder-width: 300px; --smush-placeholder-aspect-ratio: 300\/300;\"><\/div>\n\n\n\n\n<div class=\"bio\">\n\n\n<h3>Jeremiah Curvers<\/h3>\n\n\n\n\n<h4>Co-Founder and CEO<\/h4>\n\n\n\"The Bloom team always brings amazing ideas and are always open to suggestions. It allowed us to test and readjust and improve strategies very quickly.\u201d<\/div>\n\n\n\n\n<div class=\"quote-symbol\">\u201d<\/div>\n\n\n<\/div>\n\n\n<\/section>\n\n<\/div>\n\n\n--><br \/>\n<!--holder\n\n\n\n<section class=\"download-case\">\n\n\n<p class=\"title\">Download this case study<\/p>\n\n\n\n\n<p class=\"sub\">Where should we send the PDF?<\/p>\n\n\n\n\n\n<form>\n                <input type=\"email\" placeholder=\"Add your email address here\">\n<a class=\"btn btn-yellow mini\" href=\"#\">DOWNLOAD PDF<\/a>\n\n\n<div class=\"wont-spam\">\n                    <img decoding=\"async\" data-src=\"\/wp-content\/uploads\/2016\/04\/email.svg\" src=\"data:image\/svg+xml;base64,PHN2ZyB3aWR0aD0iMSIgaGVpZ2h0PSIxIiB4bWxucz0iaHR0cDovL3d3dy53My5vcmcvMjAwMC9zdmciPjwvc3ZnPg==\" class=\"lazyload\">\n<span>We won't spam you!<\/span><\/div>\n\n\n<\/form>\n\n\n\n<\/section>\n\n\n\n--><\/p>\n<section class=\"cta cs\">\n<div class=\"container\">\n<p>D\u00e9veloppons votre entreprise.<\/p>\n<p><a class=\"btn\" href=\"https:\/\/www.makeitbloom.com\/fr\/contact\/\">CONTACTEZ-NOUS<\/a><\/p>\n<\/div>\n<\/section>\n<\/div>\n<\/section>\n<p><!--Shortcode - More Case Studies --><\/p>\n<section class=\"results grey\">\n<div class=\"graphs_bg\">\n<div class=\"container graphs\">\n<h2>Plus d'\u00e9tudes de cas:<\/h2>\n<section class=\"cards-holder horiz-pager\">\n<section class=\"cards\">\n<div class=\"card bg-strom\">\n                    <a href=\"\/fr\/etudes-de-cas\/strom-spa\/\"><\/p>\n<div class=\"img\"><img decoding=\"async\" class=\"svg logo-smush lazyload\" data-src=\"\/wp-content\/uploads\/2020\/05\/strom-spa_blanc.png\" src=\"data:image\/svg+xml;base64,PHN2ZyB3aWR0aD0iMSIgaGVpZ2h0PSIxIiB4bWxucz0iaHR0cDovL3d3dy53My5vcmcvMjAwMC9zdmciPjwvc3ZnPg==\" style=\"--smush-placeholder-width: 523px; --smush-placeholder-aspect-ratio: 523\/219;\"><\/div>\n<h6><img decoding=\"async\" data-src=\"\/wp-content\/uploads\/2017\/09\/fleche-haut.png\" src=\"data:image\/svg+xml;base64,PHN2ZyB3aWR0aD0iMSIgaGVpZ2h0PSIxIiB4bWxucz0iaHR0cDovL3d3dy53My5vcmcvMjAwMC9zdmciPjwvc3ZnPg==\" class=\"lazyload\" style=\"--smush-placeholder-width: 30px; --smush-placeholder-aspect-ratio: 30\/35;\">162<sup>%<\/sup><\/h6>\n<p>augmentation des ventes sur Facebook Ads<\/p>\n<p><\/a><a href=\"\/fr\/etudes-de-cas\/strom-spa\/\"><\/a><\/p>\n<\/div>\n<div class=\"card bg2 bg-mcgill\">\n                    <a href=\"\/fr\/etudes-de-cas\/mcgill\/\"><\/p>\n<div class=\"img\"><img decoding=\"async\" class=\"svg logo-smush lazyload\" data-src=\"\/wp-content\/uploads\/2017\/09\/mcgill-logo.png\" src=\"data:image\/svg+xml;base64,PHN2ZyB3aWR0aD0iMSIgaGVpZ2h0PSIxIiB4bWxucz0iaHR0cDovL3d3dy53My5vcmcvMjAwMC9zdmciPjwvc3ZnPg==\" style=\"--smush-placeholder-width: 235px; --smush-placeholder-aspect-ratio: 235\/56;\"><\/div>\n<h6><img decoding=\"async\" data-src=\"\/wp-content\/uploads\/2017\/09\/fleche-haut.png\" src=\"data:image\/svg+xml;base64,PHN2ZyB3aWR0aD0iMSIgaGVpZ2h0PSIxIiB4bWxucz0iaHR0cDovL3d3dy53My5vcmcvMjAwMC9zdmciPjwvc3ZnPg==\" class=\"lazyload\" style=\"--smush-placeholder-width: 30px; --smush-placeholder-aspect-ratio: 30\/35;\">41<sup>%<\/sup><\/h6>\n<p>augmentation du taux de conversion; objectif atteint en 1 semaine<\/p>\n<p><\/a><a href=\"\/fr\/etudes-de-cas\/mcgill\/\"><\/a><a href=\"\/fr\/etudes-de-cas\/mcgill\/\"><\/a><a href=\"\/fr\/etudes-de-cas\/mcgill\/\"><\/a><a href=\"\/fr\/etudes-de-cas\/mcgill\/\"><\/a><a href=\"\/fr\/etudes-de-cas\/mcgill\/\"><\/a><a href=\"\/fr\/etudes-de-cas\/mcgill\/\"><\/a><a href=\"\/fr\/etudes-de-cas\/mcgill\/\"><\/a><a href=\"\/fr\/etudes-de-cas\/mcgill\/\"><\/a><a href=\"\/fr\/etudes-de-cas\/mcgill\/\"><\/a><\/p>\n<\/div>\n<div class=\"card bg-geniuserp\">\n                    <a href=\"\/fr\/etudes-de-cas\/genius-erp\/\"><\/p>\n<div class=\"img\"><img decoding=\"async\" class=\"logo-smush lazyload\" data-src=\"\/wp-content\/uploads\/2020\/03\/359-3592933_genius-erp-solutions-graphic-design-hd-png-download.png\" src=\"data:image\/svg+xml;base64,PHN2ZyB3aWR0aD0iMSIgaGVpZ2h0PSIxIiB4bWxucz0iaHR0cDovL3d3dy53My5vcmcvMjAwMC9zdmciPjwvc3ZnPg==\" style=\"--smush-placeholder-width: 468px; --smush-placeholder-aspect-ratio: 468\/182;\"><\/div>\n<h6><img decoding=\"async\" data-src=\"\/wp-content\/uploads\/2017\/09\/fleche-haut.png\" src=\"data:image\/svg+xml;base64,PHN2ZyB3aWR0aD0iMSIgaGVpZ2h0PSIxIiB4bWxucz0iaHR0cDovL3d3dy53My5vcmcvMjAwMC9zdmciPjwvc3ZnPg==\" class=\"lazyload\" style=\"--smush-placeholder-width: 30px; --smush-placeholder-aspect-ratio: 30\/35;\">37<sup>%<\/sup><\/h6>\n<p>augmentation du trafic organique en moins de 6 mois<\/p>\n<p><\/a><a href=\"\/fr\/etudes-de-cas\/genius-erp\/\"><\/a><a href=\"\/fr\/etudes-de-cas\/genius-erp\/\"><\/a><a href=\"\/fr\/etudes-de-cas\/genius-erp\/\"><\/a><a href=\"\/fr\/etudes-de-cas\/genius-erp\/\"><\/a><a href=\"\/fr\/etudes-de-cas\/genius-erp\/\"><\/a><a href=\"\/fr\/etudes-de-cas\/genius-erp\/\"><\/a><a href=\"\/fr\/etudes-de-cas\/genius-erp\/\"><\/a><a href=\"\/fr\/etudes-de-cas\/genius-erp\/\"><\/a><a href=\"\/fr\/etudes-de-cas\/genius-erp\/\"><\/a><a href=\"\/fr\/etudes-de-cas\/genius-erp\/\"><\/a><\/p>\n<\/div>\n<\/section>\n<\/section>\n<p> <a class=\"btn more-margins\" href=\"\/fr\/etudes-de-cas\/\">VOIR PLUS D'\u00c9TUDES DE CAS<\/a><\/p>\n<\/div>\n<\/div>\n<\/section>\n<\/div>\n","protected":false},"excerpt":{"rendered":"\u00c9tude de cas Croissance remarquable des revenus gr\u00e2ce au marketing d&#8217;affiliation Share this: \u00c0 propos du client Ce client s&#8217;est donn\u00e9 pour mission de red\u00e9finir l&#8217;industrie de la chaussure en l&#8217;abordant sous un angle nouveau, adapt\u00e9 aux exigences de la vie urbaine. Il s&#8217;agit d&#8217;un d\u00e9taillant canadien de chaussures qui r\u00e9pond aux besoins de toutes&hellip;","protected":false},"author":66,"featured_media":17944,"parent":1628,"menu_order":0,"comment_status":"closed","ping_status":"closed","template":"","meta":{"inline_featured_image":false,"_uag_custom_page_level_css":"","footnotes":""},"categories":[216,418],"tags":[],"coauthors":[],"class_list":["post-15609","page","type-page","status-publish","has-post-thumbnail","hentry","category-digital-marketing","category-marketing-web"],"aioseo_notices":[],"uagb_featured_image_src":{"full":["https:\/\/www.makeitbloom.com\/wp-content\/uploads\/2025\/08\/canadienne-banner-square.png",1080,1080,false],"thumbnail":["https:\/\/www.makeitbloom.com\/wp-content\/uploads\/2025\/08\/canadienne-banner-square-150x150.png",150,150,true],"medium":["https:\/\/www.makeitbloom.com\/wp-content\/uploads\/2025\/08\/canadienne-banner-square-250x250.png",250,250,true],"medium_large":["https:\/\/www.makeitbloom.com\/wp-content\/uploads\/2025\/08\/canadienne-banner-square-768x768.png",768,768,true],"large":["https:\/\/www.makeitbloom.com\/wp-content\/uploads\/2025\/08\/canadienne-banner-square-700x700.png",700,700,true],"1536x1536":["https:\/\/www.makeitbloom.com\/wp-content\/uploads\/2025\/08\/canadienne-banner-square.png",1080,1080,false],"2048x2048":["https:\/\/www.makeitbloom.com\/wp-content\/uploads\/2025\/08\/canadienne-banner-square.png",1080,1080,false],"small":["https:\/\/www.makeitbloom.com\/wp-content\/uploads\/2025\/08\/canadienne-banner-square-120x120.png",120,120,true],"custom-size":["https:\/\/www.makeitbloom.com\/wp-content\/uploads\/2025\/08\/canadienne-banner-square-700x200.png",700,200,true]},"uagb_author_info":{"display_name":"Lola Lam Quang","author_link":"https:\/\/www.makeitbloom.com\/fr\/blog\/author\/lola-lam-quang\/"},"uagb_comment_info":0,"uagb_excerpt":"\u00c9tude de cas Croissance remarquable des revenus gr\u00e2ce au marketing d&#8217;affiliation Share this: \u00c0 propos du client Ce client s&#8217;est donn\u00e9 pour mission de red\u00e9finir l&#8217;industrie de la chaussure en l&#8217;abordant sous un angle nouveau, adapt\u00e9 aux exigences de la vie urbaine. Il s&#8217;agit d&#8217;un d\u00e9taillant canadien de chaussures qui r\u00e9pond aux besoins de toutes&hellip;","rttpg_featured_image_url":{"full":["https:\/\/www.makeitbloom.com\/wp-content\/uploads\/2025\/08\/canadienne-banner-square.png",1080,1080,false],"landscape":["https:\/\/www.makeitbloom.com\/wp-content\/uploads\/2025\/08\/canadienne-banner-square.png",1080,1080,false],"portraits":["https:\/\/www.makeitbloom.com\/wp-content\/uploads\/2025\/08\/canadienne-banner-square.png",1080,1080,false],"thumbnail":["https:\/\/www.makeitbloom.com\/wp-content\/uploads\/2025\/08\/canadienne-banner-square-150x150.png",150,150,true],"medium":["https:\/\/www.makeitbloom.com\/wp-content\/uploads\/2025\/08\/canadienne-banner-square-250x250.png",250,250,true],"large":["https:\/\/www.makeitbloom.com\/wp-content\/uploads\/2025\/08\/canadienne-banner-square-700x700.png",700,700,true],"1536x1536":["https:\/\/www.makeitbloom.com\/wp-content\/uploads\/2025\/08\/canadienne-banner-square.png",1080,1080,false],"2048x2048":["https:\/\/www.makeitbloom.com\/wp-content\/uploads\/2025\/08\/canadienne-banner-square.png",1080,1080,false],"small":["https:\/\/www.makeitbloom.com\/wp-content\/uploads\/2025\/08\/canadienne-banner-square-120x120.png",120,120,true],"custom-size":["https:\/\/www.makeitbloom.com\/wp-content\/uploads\/2025\/08\/canadienne-banner-square-700x200.png",700,200,true],"rt_custom":["https:\/\/www.makeitbloom.com\/wp-content\/uploads\/2025\/08\/canadienne-banner-square.png",1080,1080,false]},"rttpg_author":{"display_name":"Lola Lam Quang","author_link":"https:\/\/www.makeitbloom.com\/fr\/blog\/author\/lola-lam-quang\/"},"rttpg_comment":0,"rttpg_category":" <a href=\"https:\/\/www.makeitbloom.com\/blog\/category\/digital-marketing\/\" rel=\"tag\">Digital Marketing<\/a><a href=\"https:\/\/www.makeitbloom.com\/fr\/blog\/category\/marketing-web\/\" rel=\"tag\">Marketing Web<\/a>","rttpg_excerpt":"\u00c9tude de cas Croissance remarquable des revenus gr\u00e2ce au marketing d&#8217;affiliation Share this: \u00c0 propos du client Ce client s&#8217;est donn\u00e9 pour mission de red\u00e9finir l&#8217;industrie de la chaussure en l&#8217;abordant sous un angle nouveau, adapt\u00e9 aux exigences de la vie urbaine. Il s&#8217;agit d&#8217;un d\u00e9taillant canadien de chaussures qui r\u00e9pond aux besoins de toutes&hellip;","_links":{"self":[{"href":"https:\/\/www.makeitbloom.com\/fr\/wp-json\/wp\/v2\/pages\/15609","targetHints":{"allow":["GET"]}}],"collection":[{"href":"https:\/\/www.makeitbloom.com\/fr\/wp-json\/wp\/v2\/pages"}],"about":[{"href":"https:\/\/www.makeitbloom.com\/fr\/wp-json\/wp\/v2\/types\/page"}],"author":[{"embeddable":true,"href":"https:\/\/www.makeitbloom.com\/fr\/wp-json\/wp\/v2\/users\/66"}],"replies":[{"embeddable":true,"href":"https:\/\/www.makeitbloom.com\/fr\/wp-json\/wp\/v2\/comments?post=15609"}],"version-history":[{"count":0,"href":"https:\/\/www.makeitbloom.com\/fr\/wp-json\/wp\/v2\/pages\/15609\/revisions"}],"up":[{"embeddable":true,"href":"https:\/\/www.makeitbloom.com\/fr\/wp-json\/wp\/v2\/pages\/1628"}],"wp:featuredmedia":[{"embeddable":true,"href":"https:\/\/www.makeitbloom.com\/fr\/wp-json\/wp\/v2\/media\/17944"}],"wp:attachment":[{"href":"https:\/\/www.makeitbloom.com\/fr\/wp-json\/wp\/v2\/media?parent=15609"}],"wp:term":[{"taxonomy":"category","embeddable":true,"href":"https:\/\/www.makeitbloom.com\/fr\/wp-json\/wp\/v2\/categories?post=15609"},{"taxonomy":"post_tag","embeddable":true,"href":"https:\/\/www.makeitbloom.com\/fr\/wp-json\/wp\/v2\/tags?post=15609"},{"taxonomy":"author","embeddable":true,"href":"https:\/\/www.makeitbloom.com\/fr\/wp-json\/wp\/v2\/coauthors?post=15609"}],"curies":[{"name":"wp","href":"https:\/\/api.w.org\/{rel}","templated":true}]}}