{"id":15301,"date":"2023-09-05T16:24:28","date_gmt":"2023-09-05T20:24:28","guid":{"rendered":"https:\/\/www.makeitbloom.com\/?page_id=15301"},"modified":"2025-08-15T09:42:55","modified_gmt":"2025-08-15T13:42:55","slug":"ticket-busters","status":"publish","type":"page","link":"https:\/\/www.makeitbloom.com\/fr\/etude-de-cas\/ticket-busters\/","title":{"rendered":"+433% d&#8217;impressions pour Ticket Busters"},"content":{"rendered":"<section class=\"hero-banner basic case\"><img decoding=\"async\" class=\"bg lazyload\" data-src=\"https:\/\/www.makeitbloom.com\/wp-content\/uploads\/2023\/09\/ticketbusters-banner.png\" data-srcset=\"https:\/\/www.makeitbloom.com\/wp-content\/uploads\/2023\/09\/Case-study-header-small-3.png 480w, https:\/\/www.makeitbloom.com\/wp-content\/uploads\/2023\/09\/ticketbusters-banner.png 1600w\" src=\"data:image\/svg+xml;base64,PHN2ZyB3aWR0aD0iMSIgaGVpZ2h0PSIxIiB4bWxucz0iaHR0cDovL3d3dy53My5vcmcvMjAwMC9zdmciPjwvc3ZnPg==\" style=\"--smush-placeholder-width: 1600px; --smush-placeholder-aspect-ratio: 1600\/622;\" \/><\/p>\n<div class=\"container\">\n<div class=\"content\">\n<h5>\u00c9tude de cas<\/h5>\n<p><!--accepts negative offset for top as xs, s, m, l, xl, xxl. For example class=\"case-logo offset-xxl\"--><br \/>\n<img decoding=\"async\" class=\"case-logo offset-xxl lazyload\" data-src=\"https:\/\/www.makeitbloom.com\/wp-content\/uploads\/2023\/09\/logo-ticketbusters.png\" alt=\"Specialized Canada\" src=\"data:image\/svg+xml;base64,PHN2ZyB3aWR0aD0iMSIgaGVpZ2h0PSIxIiB4bWxucz0iaHR0cDovL3d3dy53My5vcmcvMjAwMC9zdmciPjwvc3ZnPg==\" style=\"--smush-placeholder-width: 179px; --smush-placeholder-aspect-ratio: 179\/101;\" \/><\/p>\n<h1 class=\"title\">+433% d&#8217;impressions pour<br \/>\nTicket Busters<\/h1>\n<\/div>\n<\/div>\n<\/section>\n<section class=\"case-intro\">\n<div class=\"container\">\n<div id=\"social-share\" class=\"share-links case\">\n<p>Share this:<\/p>\n<div><a target=\"_blank\" href=\"https:\/\/twitter.com\/intent\/tweet?url=https:\/\/www.makeitbloom.com\/fr\/etude-de-cas\/ticket-busters\/&text=+433% d&#8217;impressions pour Ticket Busters\"><img decoding=\"async\" data-src=\"\/wp-content\/themes\/bloom\/src\/img\/social\/tw.svg\" src=\"data:image\/svg+xml;base64,PHN2ZyB3aWR0aD0iMSIgaGVpZ2h0PSIxIiB4bWxucz0iaHR0cDovL3d3dy53My5vcmcvMjAwMC9zdmciPjwvc3ZnPg==\" class=\"lazyload\"><\/a><a target=\"_blank\" href=\"https:\/\/www.facebook.com\/sharer\/sharer.php?u=https:\/\/www.makeitbloom.com\/fr\/etude-de-cas\/ticket-busters\/\"><img decoding=\"async\" data-src=\"\/wp-content\/themes\/bloom\/src\/img\/social\/fb.svg\" src=\"data:image\/svg+xml;base64,PHN2ZyB3aWR0aD0iMSIgaGVpZ2h0PSIxIiB4bWxucz0iaHR0cDovL3d3dy53My5vcmcvMjAwMC9zdmciPjwvc3ZnPg==\" class=\"lazyload\"><\/a><a target=\"_blank\" href=\"http:\/\/www.linkedin.com\/shareArticle?mini=true&url=https:\/\/www.makeitbloom.com\/fr\/etude-de-cas\/ticket-busters\/&title=+433% d&#8217;impressions pour Ticket Busters\"><img decoding=\"async\" data-src=\"\/wp-content\/themes\/bloom\/src\/img\/social\/li.svg\" src=\"data:image\/svg+xml;base64,PHN2ZyB3aWR0aD0iMSIgaGVpZ2h0PSIxIiB4bWxucz0iaHR0cDovL3d3dy53My5vcmcvMjAwMC9zdmciPjwvc3ZnPg==\" class=\"lazyload\"><\/a><\/div>\n<\/div>\n<div class=\"text\">\n<div class=\"serv responsive\">\n<div class=\"title\">\n<section>\n<div class=\"icon\"><img decoding=\"async\" data-src=\"\/wp-content\/uploads\/2017\/11\/DDA_icon.svg\" src=\"data:image\/svg+xml;base64,PHN2ZyB3aWR0aD0iMSIgaGVpZ2h0PSIxIiB4bWxucz0iaHR0cDovL3d3dy53My5vcmcvMjAwMC9zdmciPjwvc3ZnPg==\" class=\"lazyload\" \/><\/div>\n<h1>\u00c0 propos de Ticket Busters<\/h1>\n<\/section>\n<\/div>\n<p class=\"features\"><span style=\"color: #ed5434; padding: 0;\"><a style=\"color: #ed5434; text-decoration: none; font-style: italic;\" href=\"https:\/\/ticketsbustersgta.com\/\">Ticket Busters<\/a><\/span> est la meilleure entreprise de d\u00e9fense de contraventions en Ontario. Si vous avez \u00e9t\u00e9 arr\u00eat\u00e9 ou m\u00eame mis en \u00e9tat d&#8217;arrestation alors que vous conduisiez en Ontario, ne vous inqui\u00e9tez pas &#8211; Ticket Busters est l\u00e0 pour vous aider.<\/p>\n<p class=\"features\">Avec un taux de r\u00e9ussite impressionnant de 98 %, ils sont vraiment efficaces. En tant que cabinet d&#8217;avocats de premier plan, ils font tout leur possible pour s&#8217;assurer que votre contravention soit annul\u00e9e ou qu&#8217;elle soit r\u00e9duite \u00e0 un chef d&#8217;accusation moins grave. Et ce n&#8217;est pas tout &#8211; ils sont \u00e9galement l\u00e0 pour vous aider \u00e0 r\u00e9tablir votre permis de conduire s&#8217;il a \u00e9t\u00e9 suspendu ou r\u00e9voqu\u00e9 en raison d&#8217;un d\u00e9faut de comparution (FTA).<\/p>\n<div class=\"line\"><\/div>\n<\/div>\n<div class=\"serv responsive\">\n<div class=\"title\">\n<section>\n<div class=\"icon\"><img decoding=\"async\" data-src=\"\/wp-content\/uploads\/2017\/11\/case_study_icon_challenge.svg\" src=\"data:image\/svg+xml;base64,PHN2ZyB3aWR0aD0iMSIgaGVpZ2h0PSIxIiB4bWxucz0iaHR0cDovL3d3dy53My5vcmcvMjAwMC9zdmciPjwvc3ZnPg==\" class=\"lazyload\" \/><\/div>\n<h2>Le d\u00e9fi<\/h2>\n<\/section>\n<\/div>\n<p class=\"features\">Leur objectif \u00e9tait d&#8217;attirer de nouveaux clients en Ontario sans d\u00e9penser plus de 30 dollars pour chaque nouveau client acquis. Et comme il s&#8217;agissait d&#8217;une marque relativement nouvelle qui entrait sur un march\u00e9 rempli de concurrents locaux dans la r\u00e9gion du Grand Toronto, il \u00e9tait tr\u00e8s important pour eux de renforcer la reconnaissance de leur marque.<\/p>\n<div class=\"line\"><\/div>\n<\/div>\n<\/div>\n<\/div>\n<\/section>\n<div class=\"intro-services-cta grey case\">\n<section class=\"intro\">\n<div class=\"container\">\n<h2>La solution<\/h2>\n<div class=\"holder\">\n<section class=\"body\">\n<p class=\"not-body\">Voici ce que nous avons fait:<\/p>\n<\/section>\n<section class=\"body\">\n<ul class=\"checks single\">\n<li>Lancer des campagnes de conversion de site web auparavant avec peu de r\u00e9sultats et un CPA tr\u00e8s \u00e9lev\u00e9.<\/li>\n<li>Recommander des annonces par messages directs IG car ils n&#8217;avaient pas un site web tr\u00e8s performant.<\/li>\n<li>Reconstruire le plan m\u00e9dia avec uniquement des campagnes IG Direct Message.<\/li>\n<li>Ajouter des campagnes ToFu\/ BoFu<\/li>\n<li>Optimisation mensuelle avec l&#8217;aide cr\u00e9ative de notre \u00e9quipe<\/li>\n<\/ul>\n<\/section>\n<\/div>\n<section class=\"images\"><img decoding=\"async\" class=\"one lazyload\" data-src=\"https:\/\/www.makeitbloom.com\/wp-content\/uploads\/2023\/09\/9-ticketbusters.png\" src=\"data:image\/svg+xml;base64,PHN2ZyB3aWR0aD0iMSIgaGVpZ2h0PSIxIiB4bWxucz0iaHR0cDovL3d3dy53My5vcmcvMjAwMC9zdmciPjwvc3ZnPg==\" style=\"--smush-placeholder-width: 820px; --smush-placeholder-aspect-ratio: 820\/759;\" \/><br \/>\n<img decoding=\"async\" class=\"two lazyload\" data-src=\"https:\/\/www.makeitbloom.com\/wp-content\/uploads\/2023\/09\/11-ticketbusters.png\" src=\"data:image\/svg+xml;base64,PHN2ZyB3aWR0aD0iMSIgaGVpZ2h0PSIxIiB4bWxucz0iaHR0cDovL3d3dy53My5vcmcvMjAwMC9zdmciPjwvc3ZnPg==\" style=\"--smush-placeholder-width: 820px; --smush-placeholder-aspect-ratio: 820\/759;\" \/><br \/>\n<img decoding=\"async\" class=\"three lazyload\" data-src=\"https:\/\/www.makeitbloom.com\/wp-content\/uploads\/2023\/09\/10-ticketbusters.png\" src=\"data:image\/svg+xml;base64,PHN2ZyB3aWR0aD0iMSIgaGVpZ2h0PSIxIiB4bWxucz0iaHR0cDovL3d3dy53My5vcmcvMjAwMC9zdmciPjwvc3ZnPg==\" style=\"--smush-placeholder-width: 820px; --smush-placeholder-aspect-ratio: 820\/759;\" \/><br \/>\n<br style=\"clear: both;\" \/><br \/>\n<\/section>\n<\/div>\n<\/section>\n<\/div>\n<div class=\"intro-services-cta case result\">\n<section class=\"intro results graphs_bg\">\n<div class=\"container\">\n<h2>Les r\u00e9sultats?<\/h2>\n<p class=\"not-body\">En seulement 6 mois, Ticket Busters a totalis\u00e9 <a style=\"text-decoration: none; color: #ed5434;\"><i>6,9 millions d&#8217;impressions.<\/i><\/a><br \/>\nUne augmentation incroyable de +433% par rapport \u00e0 la p\u00e9riode pr\u00e9c\u00e9dente.<\/p>\n<p class=\"not-body\">Ils g\u00e9n\u00e8rent \u00e9galement 70 \u00e0 80 % de revenus en plus chaque mois par rapport \u00e0<br \/>\nl&#8217;ann\u00e9e derni\u00e8re ! C&#8217;est ce qu&#8217;on appelle une \u00e9norme croissance !<\/p>\n<ul class=\"checks single\">\n<li>Le nombre de messages a<br \/>\naugment\u00e9 de 777 %.<\/li>\n<li>Et leur co\u00fbt par message a<br \/>\ndiminu\u00e9 de -46%.<\/li>\n<\/ul>\n<p><!---\n\n\n\n<section class=\"qt\">\n\n\n<div class=\"pp\">\n\n\n<div class=\"img\"><img decoding=\"async\" data-src=\"\/wp-content\/uploads\/2019\/09\/polysleep-purple-logo.jpg\" src=\"data:image\/svg+xml;base64,PHN2ZyB3aWR0aD0iMSIgaGVpZ2h0PSIxIiB4bWxucz0iaHR0cDovL3d3dy53My5vcmcvMjAwMC9zdmciPjwvc3ZnPg==\" class=\"lazyload\" style=\"--smush-placeholder-width: 300px; --smush-placeholder-aspect-ratio: 300\/300;\"><\/div>\n\n\n\n\n<div class=\"bio\">\n\n\n<h3>Jeremiah Curvers<\/h3>\n\n\n\n\n<h4>Co-Founder and CEO<\/h4>\n\n\n\"The Bloom team always brings amazing ideas and are always open to suggestions. It allowed us to test and readjust and improve strategies very quickly.\u201d<\/div>\n\n\n\n\n<div class=\"quote-symbol\">\u201d<\/div>\n\n\n<\/div>\n\n\n<\/section>\n\n<\/div>\n\n\n--><br \/>\n<!--holder\n\n\n\n<section class=\"download-case\">\n\n\n<p class=\"title\">Download this case study<\/p>\n\n\n\n\n<p class=\"sub\">Where should we send the PDF?<\/p>\n\n\n\n\n\n<form>\n                <input type=\"email\" placeholder=\"Add your email address here\">\n<a class=\"btn btn-yellow mini\" href=\"#\">DOWNLOAD PDF<\/a>\n\n\n<div class=\"wont-spam\">\n                    <img decoding=\"async\" data-src=\"\/wp-content\/uploads\/2016\/04\/email.svg\" src=\"data:image\/svg+xml;base64,PHN2ZyB3aWR0aD0iMSIgaGVpZ2h0PSIxIiB4bWxucz0iaHR0cDovL3d3dy53My5vcmcvMjAwMC9zdmciPjwvc3ZnPg==\" class=\"lazyload\">\n<span>We won't spam you!<\/span><\/div>\n\n\n<\/form>\n\n\n\n<\/section>\n\n\n\n--><\/p>\n<section class=\"cta cs\">\n<div class=\"container\">\n<p>D\u00e9veloppons votre entreprise.<\/p>\n<p><a class=\"btn\" href=\"https:\/\/www.makeitbloom.com\/fr\/contact\/\">CONTACTEZ-NOUS<\/a><\/p>\n<\/div>\n<\/section>\n<\/div>\n<\/section>\n<p><!--Shortcode - More Case Studies --><\/p>\n<section class=\"results grey\">\n<div class=\"graphs_bg\">\n<div class=\"container graphs\">\n<h2>Plus d'\u00e9tudes de cas:<\/h2>\n<section class=\"cards-holder horiz-pager\">\n<section class=\"cards\">\n<div class=\"card bg-strom\">\n                    <a href=\"\/fr\/etudes-de-cas\/strom-spa\/\"><\/p>\n<div class=\"img\"><img decoding=\"async\" class=\"svg logo-smush lazyload\" data-src=\"\/wp-content\/uploads\/2020\/05\/strom-spa_blanc.png\" src=\"data:image\/svg+xml;base64,PHN2ZyB3aWR0aD0iMSIgaGVpZ2h0PSIxIiB4bWxucz0iaHR0cDovL3d3dy53My5vcmcvMjAwMC9zdmciPjwvc3ZnPg==\" style=\"--smush-placeholder-width: 523px; --smush-placeholder-aspect-ratio: 523\/219;\"><\/div>\n<h6><img decoding=\"async\" data-src=\"\/wp-content\/uploads\/2017\/09\/fleche-haut.png\" src=\"data:image\/svg+xml;base64,PHN2ZyB3aWR0aD0iMSIgaGVpZ2h0PSIxIiB4bWxucz0iaHR0cDovL3d3dy53My5vcmcvMjAwMC9zdmciPjwvc3ZnPg==\" class=\"lazyload\" style=\"--smush-placeholder-width: 30px; --smush-placeholder-aspect-ratio: 30\/35;\">162<sup>%<\/sup><\/h6>\n<p>augmentation des ventes sur Facebook Ads<\/p>\n<p><\/a><a href=\"\/fr\/etudes-de-cas\/strom-spa\/\"><\/a><\/p>\n<\/div>\n<div class=\"card bg2 bg-mcgill\">\n                    <a href=\"\/fr\/etudes-de-cas\/mcgill\/\"><\/p>\n<div class=\"img\"><img decoding=\"async\" class=\"svg logo-smush lazyload\" data-src=\"\/wp-content\/uploads\/2017\/09\/mcgill-logo.png\" src=\"data:image\/svg+xml;base64,PHN2ZyB3aWR0aD0iMSIgaGVpZ2h0PSIxIiB4bWxucz0iaHR0cDovL3d3dy53My5vcmcvMjAwMC9zdmciPjwvc3ZnPg==\" style=\"--smush-placeholder-width: 235px; --smush-placeholder-aspect-ratio: 235\/56;\"><\/div>\n<h6><img decoding=\"async\" data-src=\"\/wp-content\/uploads\/2017\/09\/fleche-haut.png\" src=\"data:image\/svg+xml;base64,PHN2ZyB3aWR0aD0iMSIgaGVpZ2h0PSIxIiB4bWxucz0iaHR0cDovL3d3dy53My5vcmcvMjAwMC9zdmciPjwvc3ZnPg==\" class=\"lazyload\" style=\"--smush-placeholder-width: 30px; --smush-placeholder-aspect-ratio: 30\/35;\">41<sup>%<\/sup><\/h6>\n<p>augmentation du taux de conversion; objectif atteint en 1 semaine<\/p>\n<p><\/a><a href=\"\/fr\/etudes-de-cas\/mcgill\/\"><\/a><a href=\"\/fr\/etudes-de-cas\/mcgill\/\"><\/a><a href=\"\/fr\/etudes-de-cas\/mcgill\/\"><\/a><a href=\"\/fr\/etudes-de-cas\/mcgill\/\"><\/a><a href=\"\/fr\/etudes-de-cas\/mcgill\/\"><\/a><a href=\"\/fr\/etudes-de-cas\/mcgill\/\"><\/a><a href=\"\/fr\/etudes-de-cas\/mcgill\/\"><\/a><a href=\"\/fr\/etudes-de-cas\/mcgill\/\"><\/a><a href=\"\/fr\/etudes-de-cas\/mcgill\/\"><\/a><\/p>\n<\/div>\n<div class=\"card bg-geniuserp\">\n                    <a href=\"\/fr\/etudes-de-cas\/genius-erp\/\"><\/p>\n<div class=\"img\"><img decoding=\"async\" class=\"logo-smush lazyload\" data-src=\"\/wp-content\/uploads\/2020\/03\/359-3592933_genius-erp-solutions-graphic-design-hd-png-download.png\" src=\"data:image\/svg+xml;base64,PHN2ZyB3aWR0aD0iMSIgaGVpZ2h0PSIxIiB4bWxucz0iaHR0cDovL3d3dy53My5vcmcvMjAwMC9zdmciPjwvc3ZnPg==\" style=\"--smush-placeholder-width: 468px; --smush-placeholder-aspect-ratio: 468\/182;\"><\/div>\n<h6><img decoding=\"async\" data-src=\"\/wp-content\/uploads\/2017\/09\/fleche-haut.png\" src=\"data:image\/svg+xml;base64,PHN2ZyB3aWR0aD0iMSIgaGVpZ2h0PSIxIiB4bWxucz0iaHR0cDovL3d3dy53My5vcmcvMjAwMC9zdmciPjwvc3ZnPg==\" class=\"lazyload\" style=\"--smush-placeholder-width: 30px; --smush-placeholder-aspect-ratio: 30\/35;\">37<sup>%<\/sup><\/h6>\n<p>augmentation du trafic organique en moins de 6 mois<\/p>\n<p><\/a><a href=\"\/fr\/etudes-de-cas\/genius-erp\/\"><\/a><a href=\"\/fr\/etudes-de-cas\/genius-erp\/\"><\/a><a href=\"\/fr\/etudes-de-cas\/genius-erp\/\"><\/a><a href=\"\/fr\/etudes-de-cas\/genius-erp\/\"><\/a><a href=\"\/fr\/etudes-de-cas\/genius-erp\/\"><\/a><a href=\"\/fr\/etudes-de-cas\/genius-erp\/\"><\/a><a href=\"\/fr\/etudes-de-cas\/genius-erp\/\"><\/a><a href=\"\/fr\/etudes-de-cas\/genius-erp\/\"><\/a><a href=\"\/fr\/etudes-de-cas\/genius-erp\/\"><\/a><a href=\"\/fr\/etudes-de-cas\/genius-erp\/\"><\/a><\/p>\n<\/div>\n<\/section>\n<\/section>\n<p> <a class=\"btn more-margins\" href=\"\/fr\/etudes-de-cas\/\">VOIR PLUS D'\u00c9TUDES DE CAS<\/a><\/p>\n<\/div>\n<\/div>\n<\/section>\n<\/div>\n","protected":false},"excerpt":{"rendered":"\u00c9tude de cas +433% d&#8217;impressions pour Ticket Busters Share this: \u00c0 propos de Ticket Busters Ticket Busters est la meilleure entreprise de d\u00e9fense de contraventions en Ontario. Si vous avez \u00e9t\u00e9 arr\u00eat\u00e9 ou m\u00eame mis en \u00e9tat d&#8217;arrestation alors que vous conduisiez en Ontario, ne vous inqui\u00e9tez pas &#8211; Ticket Busters est l\u00e0 pour vous&hellip;","protected":false},"author":66,"featured_media":17965,"parent":1628,"menu_order":0,"comment_status":"closed","ping_status":"closed","template":"","meta":{"inline_featured_image":false,"_uag_custom_page_level_css":"","footnotes":""},"categories":[537],"tags":[],"coauthors":[],"class_list":["post-15301","page","type-page","status-publish","has-post-thumbnail","hentry","category-medias-payants"],"aioseo_notices":[],"uagb_featured_image_src":{"full":["https:\/\/www.makeitbloom.com\/wp-content\/uploads\/2025\/08\/ticket-busters-banner-square-1.png",1080,1080,false],"thumbnail":["https:\/\/www.makeitbloom.com\/wp-content\/uploads\/2025\/08\/ticket-busters-banner-square-1-150x150.png",150,150,true],"medium":["https:\/\/www.makeitbloom.com\/wp-content\/uploads\/2025\/08\/ticket-busters-banner-square-1-250x250.png",250,250,true],"medium_large":["https:\/\/www.makeitbloom.com\/wp-content\/uploads\/2025\/08\/ticket-busters-banner-square-1-768x768.png",768,768,true],"large":["https:\/\/www.makeitbloom.com\/wp-content\/uploads\/2025\/08\/ticket-busters-banner-square-1-700x700.png",700,700,true],"1536x1536":["https:\/\/www.makeitbloom.com\/wp-content\/uploads\/2025\/08\/ticket-busters-banner-square-1.png",1080,1080,false],"2048x2048":["https:\/\/www.makeitbloom.com\/wp-content\/uploads\/2025\/08\/ticket-busters-banner-square-1.png",1080,1080,false],"small":["https:\/\/www.makeitbloom.com\/wp-content\/uploads\/2025\/08\/ticket-busters-banner-square-1-120x120.png",120,120,true],"custom-size":["https:\/\/www.makeitbloom.com\/wp-content\/uploads\/2025\/08\/ticket-busters-banner-square-1-700x200.png",700,200,true]},"uagb_author_info":{"display_name":"Lola Lam Quang","author_link":"https:\/\/www.makeitbloom.com\/fr\/blog\/author\/lola-lam-quang\/"},"uagb_comment_info":0,"uagb_excerpt":"\u00c9tude de cas +433% d&#8217;impressions pour Ticket Busters Share this: \u00c0 propos de Ticket Busters Ticket Busters est la meilleure entreprise de d\u00e9fense de contraventions en Ontario. Si vous avez \u00e9t\u00e9 arr\u00eat\u00e9 ou m\u00eame mis en \u00e9tat d&#8217;arrestation alors que vous conduisiez en Ontario, ne vous inqui\u00e9tez pas &#8211; Ticket Busters est l\u00e0 pour vous&hellip;","rttpg_featured_image_url":{"full":["https:\/\/www.makeitbloom.com\/wp-content\/uploads\/2025\/08\/ticket-busters-banner-square-1.png",1080,1080,false],"landscape":["https:\/\/www.makeitbloom.com\/wp-content\/uploads\/2025\/08\/ticket-busters-banner-square-1.png",1080,1080,false],"portraits":["https:\/\/www.makeitbloom.com\/wp-content\/uploads\/2025\/08\/ticket-busters-banner-square-1.png",1080,1080,false],"thumbnail":["https:\/\/www.makeitbloom.com\/wp-content\/uploads\/2025\/08\/ticket-busters-banner-square-1-150x150.png",150,150,true],"medium":["https:\/\/www.makeitbloom.com\/wp-content\/uploads\/2025\/08\/ticket-busters-banner-square-1-250x250.png",250,250,true],"large":["https:\/\/www.makeitbloom.com\/wp-content\/uploads\/2025\/08\/ticket-busters-banner-square-1-700x700.png",700,700,true],"1536x1536":["https:\/\/www.makeitbloom.com\/wp-content\/uploads\/2025\/08\/ticket-busters-banner-square-1.png",1080,1080,false],"2048x2048":["https:\/\/www.makeitbloom.com\/wp-content\/uploads\/2025\/08\/ticket-busters-banner-square-1.png",1080,1080,false],"small":["https:\/\/www.makeitbloom.com\/wp-content\/uploads\/2025\/08\/ticket-busters-banner-square-1-120x120.png",120,120,true],"custom-size":["https:\/\/www.makeitbloom.com\/wp-content\/uploads\/2025\/08\/ticket-busters-banner-square-1-700x200.png",700,200,true],"rt_custom":["https:\/\/www.makeitbloom.com\/wp-content\/uploads\/2025\/08\/ticket-busters-banner-square-1.png",1080,1080,false]},"rttpg_author":{"display_name":"Lola Lam Quang","author_link":"https:\/\/www.makeitbloom.com\/fr\/blog\/author\/lola-lam-quang\/"},"rttpg_comment":0,"rttpg_category":" <a href=\"https:\/\/www.makeitbloom.com\/fr\/blog\/category\/medias-payants\/\" rel=\"tag\">M\u00e9dias Payants<\/a>","rttpg_excerpt":"\u00c9tude de cas +433% d&#8217;impressions pour Ticket Busters Share this: \u00c0 propos de Ticket Busters Ticket Busters est la meilleure entreprise de d\u00e9fense de contraventions en Ontario. Si vous avez \u00e9t\u00e9 arr\u00eat\u00e9 ou m\u00eame mis en \u00e9tat d&#8217;arrestation alors que vous conduisiez en Ontario, ne vous inqui\u00e9tez pas &#8211; Ticket Busters est l\u00e0 pour vous&hellip;","_links":{"self":[{"href":"https:\/\/www.makeitbloom.com\/fr\/wp-json\/wp\/v2\/pages\/15301","targetHints":{"allow":["GET"]}}],"collection":[{"href":"https:\/\/www.makeitbloom.com\/fr\/wp-json\/wp\/v2\/pages"}],"about":[{"href":"https:\/\/www.makeitbloom.com\/fr\/wp-json\/wp\/v2\/types\/page"}],"author":[{"embeddable":true,"href":"https:\/\/www.makeitbloom.com\/fr\/wp-json\/wp\/v2\/users\/66"}],"replies":[{"embeddable":true,"href":"https:\/\/www.makeitbloom.com\/fr\/wp-json\/wp\/v2\/comments?post=15301"}],"version-history":[{"count":0,"href":"https:\/\/www.makeitbloom.com\/fr\/wp-json\/wp\/v2\/pages\/15301\/revisions"}],"up":[{"embeddable":true,"href":"https:\/\/www.makeitbloom.com\/fr\/wp-json\/wp\/v2\/pages\/1628"}],"wp:featuredmedia":[{"embeddable":true,"href":"https:\/\/www.makeitbloom.com\/fr\/wp-json\/wp\/v2\/media\/17965"}],"wp:attachment":[{"href":"https:\/\/www.makeitbloom.com\/fr\/wp-json\/wp\/v2\/media?parent=15301"}],"wp:term":[{"taxonomy":"category","embeddable":true,"href":"https:\/\/www.makeitbloom.com\/fr\/wp-json\/wp\/v2\/categories?post=15301"},{"taxonomy":"post_tag","embeddable":true,"href":"https:\/\/www.makeitbloom.com\/fr\/wp-json\/wp\/v2\/tags?post=15301"},{"taxonomy":"author","embeddable":true,"href":"https:\/\/www.makeitbloom.com\/fr\/wp-json\/wp\/v2\/coauthors?post=15301"}],"curies":[{"name":"wp","href":"https:\/\/api.w.org\/{rel}","templated":true}]}}