{"id":15044,"date":"2023-06-29T10:24:22","date_gmt":"2023-06-29T14:24:22","guid":{"rendered":"https:\/\/www.makeitbloom.com\/?page_id=15044"},"modified":"2023-12-13T14:57:37","modified_gmt":"2023-12-13T18:57:37","slug":"agence-marketing-dinfluence","status":"publish","type":"page","link":"https:\/\/www.makeitbloom.com\/fr\/services\/agence-marketing-dinfluence\/","title":{"rendered":"Marketing d&#8217;influence"},"content":{"rendered":"\n<section class=\"hero-banner basic v-case-studies\"><img decoding=\"async\" class=\"bg lazyload\" data-src=\"https:\/\/www.makeitbloom.com\/wp-content\/uploads\/2023\/11\/influencer-marketing-Banner.png\" src=\"data:image\/svg+xml;base64,PHN2ZyB3aWR0aD0iMSIgaGVpZ2h0PSIxIiB4bWxucz0iaHR0cDovL3d3dy53My5vcmcvMjAwMC9zdmciPjwvc3ZnPg==\" style=\"--smush-placeholder-width: 1921px; --smush-placeholder-aspect-ratio: 1921\/716;\">\n<div class=\"container\">\n<h1 class=\"title\">Marketing d&#8217;influence<\/h1>\n<h2 class=\"body subtitle\">Atteignez de nouvelles audiences et g\u00e9n\u00e9rez des conversions gr\u00e2ce \u00e0 notre agence de marketing d&#8217;influence.<\/h2>\n<\/div>\n<\/section>\n\n\n\n<section class=\"wp-block-uagb-section uagb-section__wrap uagb-section__background-undefined uagb-block-e93d4b0c new-container breadcrumb-blog\"><div class=\"uagb-section__overlay\"><\/div><div class=\"uagb-section__inner-wrap\"><\/div><\/section>\n\n\n\n<section class=\"centered-intro service-intro\">\n<div class=\"container\">\n<div class=\"text\">\n<h2 class=\"left-aligned\">Votre public cible vous attend.<\/h2>\n<p>Le marketing d&#8217;influence offre non seulement une approche plus organique et personnalis\u00e9e que la publicit\u00e9, mais permet \u00e9galement aux marques d&#8217;exploiter des march\u00e9s niches et d&#8217;\u00e9tablir un lien de confiance avec leurs clients. Ces influenceurs, souvent reconnus comme des experts ou des cr\u00e9ateurs de tendances, ont la capacit\u00e9 d\u2019influencer les opinions des consommateurs et de les guider dans leur processus d&#8217;achat. Bloom est l\u00e0 pour vous aider \u00e0 cibler les bonnes audiences gr\u00e2ce \u00e0 des partenariats avec des cr\u00e9ateurs de contenu qui s&#8217;alignent parfaitement avec votre marque.\n<br>\n<br>\nNotre processus de travail pour les campagnes d\u2019influence comprend <a href=\"#casting\" style=\"text-decoration:none;color:#ed5434;\"><i>le casting et le outreach<\/i><\/a>, <a href=\"#casting\" style=\"text-decoration:none;color:#ed5434;\"><i>les briefs et le suivi<\/i><\/a>, et enfin <a href=\"#casting\" style=\"text-decoration:none;color:#ed5434;\"><i>l&#8217;analyse et les rapports<\/i><\/a>, pour garantir les r\u00e9sultats de vos campagnes d\u2019influence. <\/p>\n<\/div>\n<\/div>\n<\/section>\n\n\n\n<div class=\"wp-block-columns is-layout-flex wp-container-core-columns-is-layout-9d6595d7 wp-block-columns-is-layout-flex\">\n<div class=\"wp-block-column is-layout-flow wp-block-column-is-layout-flow\">\n<figure class=\"wp-block-video\"><video height=\"1920\" style=\"aspect-ratio: 1080 \/ 1920;\" width=\"1080\" autoplay loop muted src=\"https:\/\/www.makeitbloom.com\/wp-content\/uploads\/2023\/06\/CENTREVILLE-cassandrebleu-1.mp4\" playsinline><\/video><\/figure>\n<\/div>\n\n\n\n<div class=\"wp-block-column is-layout-flow wp-block-column-is-layout-flow\">\n<figure class=\"wp-block-video\"><video height=\"1920\" style=\"aspect-ratio: 1080 \/ 1920;\" width=\"1080\" autoplay loop muted src=\"https:\/\/www.makeitbloom.com\/wp-content\/uploads\/2023\/06\/CENTREVILLE-michellefurtado.mp4\" playsinline><\/video><\/figure>\n<\/div>\n\n\n\n<div class=\"wp-block-column is-layout-flow wp-block-column-is-layout-flow\">\n<figure class=\"wp-block-video\"><video height=\"1920\" style=\"aspect-ratio: 1080 \/ 1920;\" width=\"1080\" autoplay loop muted src=\"https:\/\/www.makeitbloom.com\/wp-content\/uploads\/2023\/06\/MARCCAIN-audreyrivet.mp4\" playsinline><\/video><\/figure>\n<\/div>\n\n\n\n<div class=\"wp-block-column is-layout-flow wp-block-column-is-layout-flow\">\n<figure class=\"wp-block-video\"><video height=\"1920\" style=\"aspect-ratio: 1080 \/ 1920;\" width=\"1080\" autoplay loop muted src=\"https:\/\/www.makeitbloom.com\/wp-content\/uploads\/2023\/06\/CENTREVILLE-emilierossignol.mp4\" playsinline><\/video><\/figure>\n<\/div>\n<\/div>\n\n\n\n<h2 class=\"wp-block-heading has-text-align-left h2style margin-zero has-white-color has-text-color has-background\" id=\"concept\" style=\"background-color:#ed5434\">01. Trouver les bons influenceurs<\/h2>\n\n\n\n<section class=\"wp-block-uagb-section uagb-section__wrap uagb-section__background-color uagb-block-9fff8cf7 new-container\"><div class=\"uagb-section__overlay\"><\/div><div class=\"uagb-section__inner-wrap\">\n<section class=\"wp-block-uagb-columns uagb-columns__wrap uagb-columns__background-none uagb-columns__stack-mobile uagb-columns__valign- uagb-columns__gap-0 alignfull uagb-block-d934cd9f uagb-columns__columns-2 uagb-columns__max_width-custom\"><div class=\"uagb-columns__overlay\"><\/div><div class=\"uagb-columns__inner-wrap uagb-columns__columns-2\">\n<div class=\"wp-block-uagb-column uagb-column__wrap uagb-column__background-undefined uagb-block-766a8821\"><div class=\"uagb-column__overlay\"><\/div>\n<p class=\"has-medium-font-size\">Notre processus de casting comprend 3 tours de s\u00e9lection, afin de trouver le candidat id\u00e9al pour votre marque. <strong>Une fois les talents approuv\u00e9s par vous, on se lance et on entre en contact avec eux !<\/strong><\/p>\n\n\n\n<p class=\"orange-link has-medium-font-size\">Bonne nouvelle ! Nous avons <a href=\"https:\/\/www.makeitbloom.com\/fr\/services\/agence-marketing-dinfluence\/communaute-aurora\/\" target=\"_blank\" rel=\"noopener\" title=\"\">notre propre s\u00e9lection de cr\u00e9ateurs talentueux et fiables<\/a> avec lesquels nous pouvons travailler, et cette communaut\u00e9 grandit et s&#8217;am\u00e9liore chaque semaine. Les influenceurs <em>parfaits<\/em> pour votre marque existent, et nous avons pour mission de les trouver !<\/p>\n<\/div>\n\n\n\n<div class=\"wp-block-uagb-column uagb-column__wrap uagb-column__background-image uagb-block-a01f1a3d\"><div class=\"uagb-column__overlay\"><\/div>\n<p class=\"has-medium-font-size\">Au besoin, nous avons \u00e9galement des partenaires avec lesquels nous pouvons travailler sur le processus de casting et nous assurer que nous trouvons les bons cr\u00e9ateurs et que nous garantissons les meilleurs r\u00e9sultats.<\/p>\n\n\n\n<p class=\"has-medium-font-size\">Nous prenons le temps de <strong>n\u00e9gocier les tarifs<\/strong> en fonction des informations fournies par chaque influenceur. Une fois le tarif convenu, nous envoyons un contrat \u00e0 chaque influenceur participant et nous nous assurons qu&#8217;il est sign\u00e9 avant d&#8217;aller plus loin.<\/p>\n<\/div>\n<\/div><\/section>\n<\/div><\/section>\n\n\n\n<h2 class=\"wp-block-heading has-text-align-left h2style margin-zero has-white-color has-text-color has-background\" id=\"concept\" style=\"background-color:#3eb54a\">02. Garantir la qualit\u00e9 <br>du contenu.<\/h2>\n\n\n\n<section class=\"wp-block-uagb-section uagb-section__wrap uagb-section__background-color uagb-block-0a83ec12 new-container\"><div class=\"uagb-section__overlay\"><\/div><div class=\"uagb-section__inner-wrap\">\n<section class=\"wp-block-uagb-columns uagb-columns__wrap uagb-columns__background-none uagb-columns__stack-mobile uagb-columns__valign- uagb-columns__gap-0 alignfull uagb-block-592da569 uagb-columns__columns-2 uagb-columns__max_width-custom\"><div class=\"uagb-columns__overlay\"><\/div><div class=\"uagb-columns__inner-wrap uagb-columns__columns-2\">\n<div class=\"wp-block-uagb-column uagb-column__wrap uagb-column__background-undefined uagb-block-22fa3d69\"><div class=\"uagb-column__overlay\"><\/div>\n<p class=\"has-medium-font-size\">Une bonne campagne d&#8217;influence commence toujours par un briefing<em> tr\u00e8s<\/em> pr\u00e9cis, ce qui nous permet de d\u00e9finir les lignes directrices et mettre au clair nos attentes pour la campagne. Avant toute publication, les influenceurs doivent soumettre leur contenu pour approbation. <strong>Nous nous r\u00e9servons le droit de demander un reshoot si n\u00e9cessaire.<\/strong><\/p>\n<\/div>\n\n\n\n<div class=\"wp-block-uagb-column uagb-column__wrap uagb-column__background-image uagb-block-ee68e6bc\"><div class=\"uagb-column__overlay\"><\/div>\n<p class=\"has-medium-font-size\">Ensuite, nous prenons le temps de surveiller le contenu et de faire un suivi constant. Nous nous assurons que l&#8217;influenceur <strong>respecte le contrat<\/strong> en ce qui concerne les publications, la date limite, etc.<\/p>\n\n\n\n<p class=\"has-medium-font-size\">Nous sommes \u00e9galement tr\u00e8s attentifs \u00e0 l&#8217;engagement des posts et aux r\u00e9actions qu&#8217;ils suscitent au sein de la communaut\u00e9. C\u2019est ici que le <em>fun<\/em> commence!<\/p>\n<\/div>\n<\/div><\/section>\n<\/div><\/section>\n\n\n\n<h2 class=\"wp-block-heading has-text-align-left h2style margin-zero has-white-color has-text-color has-background\" id=\"concept\" style=\"background-color:#2c8bcb\">03. Mesurer l&#8217;impact de <br>votre campagne d&#8217;influence.<\/h2>\n\n\n\n<section class=\"wp-block-uagb-section uagb-section__wrap uagb-section__background-color uagb-block-411f2302 new-container\"><div class=\"uagb-section__overlay\"><\/div><div class=\"uagb-section__inner-wrap\">\n<section class=\"wp-block-uagb-columns uagb-columns__wrap uagb-columns__background-none uagb-columns__stack-mobile uagb-columns__valign- uagb-columns__gap-0 alignfull uagb-block-e9078e55 uagb-columns__columns-2 uagb-columns__max_width-custom\"><div class=\"uagb-columns__overlay\"><\/div><div class=\"uagb-columns__inner-wrap uagb-columns__columns-2\">\n<div class=\"wp-block-uagb-column uagb-column__wrap uagb-column__background-undefined uagb-block-e5a262a0\"><div class=\"uagb-column__overlay\"><\/div>\n<p class=\"has-medium-font-size\">On sait ce que vous pensez\u2026 C&#8217;est bien beau tout \u00e7a, mais qu&#8217;en est-il de mon <strong>retour sur investissement<\/strong> ? On vous rassure. Notre \u00e9quipe vous fournira des rapports d\u00e9taill\u00e9s avec les statistiques des influenceurs compil\u00e9es avec les <em>objectifs<\/em> de la campagne. <\/p>\n\n\n\n<p class=\"has-medium-font-size\">Ces rapports nous aident \u00e0 comprendre quelles sont les meilleures pratiques pour votre marque et nous permettent de nous assurer que <strong>chaque campagne est encore plus r\u00e9ussie que la pr\u00e9c\u00e9dente<\/strong>.<\/p>\n<\/div>\n\n\n\n<div class=\"wp-block-uagb-column uagb-column__wrap uagb-column__background-image uagb-block-427c7249\"><div class=\"uagb-column__overlay\"><\/div>\n<p class=\"has-medium-font-size\">Et finalement, pour ce qui est de la gestion des paiements aux influenceurs, notre \u00e9quipe s&#8217;en charge \u00e9galement. Vous pouvez ainsi vous concentrer <strong>ce que vous aimez vraiment<\/strong>.<\/p>\n<\/div>\n<\/div><\/section>\n<\/div><\/section>\n\n\n\n<div class=\"wp-block-columns has-white-background-color has-background has-x-large-font-size is-layout-flex wp-container-core-columns-is-layout-9d6595d7 wp-block-columns-is-layout-flex\">\n<div class=\"wp-block-column .column is-layout-flow wp-block-column-is-layout-flow\" style=\"flex-basis:33.33%\">\n<figure class=\"wp-block-image size-large\"><img decoding=\"async\" width=\"700\" height=\"700\" data-src=\"https:\/\/www.makeitbloom.com\/wp-content\/uploads\/2023\/06\/10-1-700x700.png\" alt=\"\" class=\"wp-image-15020 lazyload\" data-srcset=\"https:\/\/www.makeitbloom.com\/wp-content\/uploads\/2023\/06\/10-1-700x700.png 700w, https:\/\/www.makeitbloom.com\/wp-content\/uploads\/2023\/06\/10-1-250x250.png 250w, https:\/\/www.makeitbloom.com\/wp-content\/uploads\/2023\/06\/10-1-150x150.png 150w, https:\/\/www.makeitbloom.com\/wp-content\/uploads\/2023\/06\/10-1-768x768.png 768w, https:\/\/www.makeitbloom.com\/wp-content\/uploads\/2023\/06\/10-1-120x120.png 120w, https:\/\/www.makeitbloom.com\/wp-content\/uploads\/2023\/06\/10-1.png 1080w\" data-sizes=\"(max-width: 700px) 100vw, 700px\" src=\"data:image\/svg+xml;base64,PHN2ZyB3aWR0aD0iMSIgaGVpZ2h0PSIxIiB4bWxucz0iaHR0cDovL3d3dy53My5vcmcvMjAwMC9zdmciPjwvc3ZnPg==\" style=\"--smush-placeholder-width: 700px; --smush-placeholder-aspect-ratio: 700\/700;\" \/><\/figure>\n<\/div>\n\n\n\n<div class=\"wp-block-column is-layout-flow wp-block-column-is-layout-flow\" style=\"flex-basis:33.33%\">\n<figure class=\"wp-block-image size-large\"><img decoding=\"async\" width=\"700\" height=\"700\" data-src=\"https:\/\/www.makeitbloom.com\/wp-content\/uploads\/2023\/06\/9-1-700x700.png\" alt=\"\" class=\"wp-image-15022 lazyload\" data-srcset=\"https:\/\/www.makeitbloom.com\/wp-content\/uploads\/2023\/06\/9-1-700x700.png 700w, https:\/\/www.makeitbloom.com\/wp-content\/uploads\/2023\/06\/9-1-250x250.png 250w, https:\/\/www.makeitbloom.com\/wp-content\/uploads\/2023\/06\/9-1-150x150.png 150w, https:\/\/www.makeitbloom.com\/wp-content\/uploads\/2023\/06\/9-1-768x768.png 768w, https:\/\/www.makeitbloom.com\/wp-content\/uploads\/2023\/06\/9-1-120x120.png 120w, https:\/\/www.makeitbloom.com\/wp-content\/uploads\/2023\/06\/9-1.png 1080w\" data-sizes=\"(max-width: 700px) 100vw, 700px\" src=\"data:image\/svg+xml;base64,PHN2ZyB3aWR0aD0iMSIgaGVpZ2h0PSIxIiB4bWxucz0iaHR0cDovL3d3dy53My5vcmcvMjAwMC9zdmciPjwvc3ZnPg==\" style=\"--smush-placeholder-width: 700px; --smush-placeholder-aspect-ratio: 700\/700;\" \/><\/figure>\n<\/div>\n\n\n\n<div class=\"wp-block-column is-layout-flow wp-block-column-is-layout-flow\" style=\"flex-basis:33.33%\">\n<figure class=\"wp-block-image size-large\"><img decoding=\"async\" width=\"700\" height=\"700\" data-src=\"https:\/\/www.makeitbloom.com\/wp-content\/uploads\/2023\/06\/8-2-700x700.png\" alt=\"\" class=\"wp-image-15024 lazyload\" data-srcset=\"https:\/\/www.makeitbloom.com\/wp-content\/uploads\/2023\/06\/8-2-700x700.png 700w, https:\/\/www.makeitbloom.com\/wp-content\/uploads\/2023\/06\/8-2-250x250.png 250w, https:\/\/www.makeitbloom.com\/wp-content\/uploads\/2023\/06\/8-2-150x150.png 150w, https:\/\/www.makeitbloom.com\/wp-content\/uploads\/2023\/06\/8-2-768x768.png 768w, https:\/\/www.makeitbloom.com\/wp-content\/uploads\/2023\/06\/8-2-120x120.png 120w, https:\/\/www.makeitbloom.com\/wp-content\/uploads\/2023\/06\/8-2.png 1080w\" data-sizes=\"(max-width: 700px) 100vw, 700px\" src=\"data:image\/svg+xml;base64,PHN2ZyB3aWR0aD0iMSIgaGVpZ2h0PSIxIiB4bWxucz0iaHR0cDovL3d3dy53My5vcmcvMjAwMC9zdmciPjwvc3ZnPg==\" style=\"--smush-placeholder-width: 700px; --smush-placeholder-aspect-ratio: 700\/700;\" \/><\/figure>\n<\/div>\n<\/div>\n\n\n\n<section class=\"wp-block-uagb-section uagb-section__wrap uagb-section__background-color uagb-block-887940d3\"><div class=\"uagb-section__overlay\"><\/div><div class=\"uagb-section__inner-wrap\">\n<section class=\"wp-block-uagb-section uagb-section__wrap uagb-section__background-color uagb-block-154f4a30 new-container intro-services-cta grey case\"><div class=\"uagb-section__overlay\"><\/div><div class=\"uagb-section__inner-wrap\">\n<h2 class=\"wp-block-heading has-text-align-center has-white-color has-text-color\">Pourquoi choisir notre agence de marketing d&#8217;influence ?<\/h2>\n\n\n\n<ul class=\"checks wp-block-list\">\n<li>Acc\u00e8s au r\u00e9seau d&#8217;influenceurs de Bloom.<\/li>\n\n\n\n<li>Une \u00e9quipe d&#8217;experts en marketing d&#8217;influence qui comprennent le secteur.<\/li>\n\n\n\n<li>Nous proposons une tarification transparente et directe qui correspond \u00e0 votre budget.<\/li>\n<\/ul>\n\n\n\n<section class=\"wp-block-uagb-section uagb-section__wrap uagb-section__background-color uagb-block-9329df8a\"><div class=\"uagb-section__overlay\"><\/div><div class=\"uagb-section__inner-wrap\">\n<section class=\"wp-block-uagb-section uagb-section__wrap uagb-section__background-none uagb-block-f5861d3f\"><div class=\"uagb-section__overlay\"><\/div><div class=\"uagb-section__inner-wrap\">\n<section class=\"wp-block-uagb-section uagb-section__wrap uagb-section__background-undefined uagb-block-02d2ebdf\"><div class=\"uagb-section__overlay\"><\/div><div class=\"uagb-section__inner-wrap\">\n<p class=\"has-text-align-center has-white-color has-text-color has-large-font-size\"><em><em>Travaillez avec une agence qui a une longueur d&#8217;avance<\/em><\/em><\/p>\n\n\n\n<div class=\"wp-block-buttons is-layout-flex wp-block-buttons-is-layout-flex\">\n<div class=\"wp-block-button aligncenter contact-btn\"><a class=\"wp-block-button__link wp-element-button\" href=\"https:\/\/www.makeitbloom.com\/fr\/getaproposal\/\" target=\"_blank\" rel=\"noreferrer noopener\">MANDATEZ-NOUS<\/a><\/div>\n<\/div>\n<\/div><\/section>\n<\/div><\/section>\n<\/div><\/section>\n<\/div><\/section>\n<\/div><\/section>\n","protected":false},"excerpt":{"rendered":"Marketing d&#8217;influence Atteignez de nouvelles audiences et g\u00e9n\u00e9rez des conversions gr\u00e2ce \u00e0 notre agence de marketing d&#8217;influence. Votre public cible vous attend. Le marketing d&#8217;influence offre non seulement une approche plus organique et personnalis\u00e9e que la publicit\u00e9, mais permet \u00e9galement aux marques d&#8217;exploiter des march\u00e9s niches et d&#8217;\u00e9tablir un lien de confiance avec leurs clients.&hellip;","protected":false},"author":66,"featured_media":0,"parent":1630,"menu_order":0,"comment_status":"closed","ping_status":"closed","template":"","meta":{"inline_featured_image":false,"_uag_custom_page_level_css":"","footnotes":""},"categories":[],"tags":[],"coauthors":[],"class_list":["post-15044","page","type-page","status-publish","hentry"],"aioseo_notices":[],"uagb_featured_image_src":{"full":false,"thumbnail":false,"medium":false,"medium_large":false,"large":false,"1536x1536":false,"2048x2048":false,"small":false,"custom-size":false},"uagb_author_info":{"display_name":"Lola Lam Quang","author_link":"https:\/\/www.makeitbloom.com\/fr\/blog\/author\/lola-lam-quang\/"},"uagb_comment_info":0,"uagb_excerpt":"Marketing d&#8217;influence Atteignez de nouvelles audiences et g\u00e9n\u00e9rez des conversions gr\u00e2ce \u00e0 notre agence de marketing d&#8217;influence. Votre public cible vous attend. Le marketing d&#8217;influence offre non seulement une approche plus organique et personnalis\u00e9e que la publicit\u00e9, mais permet \u00e9galement aux marques d&#8217;exploiter des march\u00e9s niches et d&#8217;\u00e9tablir un lien de confiance avec leurs clients.&hellip;","rttpg_featured_image_url":null,"rttpg_author":{"display_name":"Lola Lam Quang","author_link":"https:\/\/www.makeitbloom.com\/fr\/blog\/author\/lola-lam-quang\/"},"rttpg_comment":0,"rttpg_category":false,"rttpg_excerpt":"Marketing d&#8217;influence Atteignez de nouvelles audiences et g\u00e9n\u00e9rez des conversions gr\u00e2ce \u00e0 notre agence de marketing d&#8217;influence. Votre public cible vous attend. Le marketing d&#8217;influence offre non seulement une approche plus organique et personnalis\u00e9e que la publicit\u00e9, mais permet \u00e9galement aux marques d&#8217;exploiter des march\u00e9s niches et d&#8217;\u00e9tablir un lien de confiance avec leurs clients.&hellip;","_links":{"self":[{"href":"https:\/\/www.makeitbloom.com\/fr\/wp-json\/wp\/v2\/pages\/15044","targetHints":{"allow":["GET"]}}],"collection":[{"href":"https:\/\/www.makeitbloom.com\/fr\/wp-json\/wp\/v2\/pages"}],"about":[{"href":"https:\/\/www.makeitbloom.com\/fr\/wp-json\/wp\/v2\/types\/page"}],"author":[{"embeddable":true,"href":"https:\/\/www.makeitbloom.com\/fr\/wp-json\/wp\/v2\/users\/66"}],"replies":[{"embeddable":true,"href":"https:\/\/www.makeitbloom.com\/fr\/wp-json\/wp\/v2\/comments?post=15044"}],"version-history":[{"count":0,"href":"https:\/\/www.makeitbloom.com\/fr\/wp-json\/wp\/v2\/pages\/15044\/revisions"}],"up":[{"embeddable":true,"href":"https:\/\/www.makeitbloom.com\/fr\/wp-json\/wp\/v2\/pages\/1630"}],"wp:attachment":[{"href":"https:\/\/www.makeitbloom.com\/fr\/wp-json\/wp\/v2\/media?parent=15044"}],"wp:term":[{"taxonomy":"category","embeddable":true,"href":"https:\/\/www.makeitbloom.com\/fr\/wp-json\/wp\/v2\/categories?post=15044"},{"taxonomy":"post_tag","embeddable":true,"href":"https:\/\/www.makeitbloom.com\/fr\/wp-json\/wp\/v2\/tags?post=15044"},{"taxonomy":"author","embeddable":true,"href":"https:\/\/www.makeitbloom.com\/fr\/wp-json\/wp\/v2\/coauthors?post=15044"}],"curies":[{"name":"wp","href":"https:\/\/api.w.org\/{rel}","templated":true}]}}