{"id":14907,"date":"2023-06-14T13:14:25","date_gmt":"2023-06-14T17:14:25","guid":{"rendered":"https:\/\/www.makeitbloom.com\/?page_id=14907"},"modified":"2026-02-23T14:33:51","modified_gmt":"2026-02-23T18:33:51","slug":"a-propos","status":"publish","type":"page","link":"https:\/\/www.makeitbloom.com\/fr\/a-propos\/","title":{"rendered":"\u00c0 propos"},"content":{"rendered":"\n<section class=\"hero-banner basic v-case-studies\"><img decoding=\"async\" class=\"bg lazyload\" data-src=\"https:\/\/www.makeitbloom.com\/wp-content\/uploads\/2023\/06\/team-header-1.png\" src=\"data:image\/svg+xml;base64,PHN2ZyB3aWR0aD0iMSIgaGVpZ2h0PSIxIiB4bWxucz0iaHR0cDovL3d3dy53My5vcmcvMjAwMC9zdmciPjwvc3ZnPg==\" style=\"--smush-placeholder-width: 1921px; --smush-placeholder-aspect-ratio: 1921\/716;\">\n<div class=\"container\">\n<h1 class=\"\">Voici Bloom.<\/h1>\n<h2>D\u00e9couvrez l&#8217;histoire d&#8217;une agence de marketing num\u00e9rique qui a pour mission de faire cro\u00eetre les entreprises.<\/h2>\n<\/div>\n<\/section>\n\n\n\n<section class=\"text-intro\">\n<div class=\"container\">\n<div class=\"half left\">\n\n<p>Bloom est une \u00e9quipe de strat\u00e8ges num\u00e9riques, de magiciens de l\u2019analytique et de techniciens chevronn\u00e9s. Notre comp\u00e9tence r\u00e9side dans la croissance d&#8217;organisations de toutes tailles, dans tous les domaines.<\/p>\n\n<p>Notre croissance rapide et nos succ\u00e8s sont le r\u00e9sultat d\u2019une combinaison d\u2019esprits vifs, de caf\u00e9ine et de beaucoup de donn\u00e9es. Les premiers jours de Bloom se r\u00e9sument \u00e0 deux ordinateurs d\u00e9pos\u00e9s sur une vieille porte qui servait de bureau et deux chaises trouv\u00e9es sur Craigslist.<\/p>\n\n<\/div>\n<div class=\"half right\">\n\n<p>Aujourd\u2019hui, nous sommes une \u00e9quipe hautement sp\u00e9cialis\u00e9e de plus de 75 professionnels, dont le num\u00e9rique est la langue maternelle, qui travaillent \u00e0 Montr\u00e9al et \u00e0 Toronto.<\/p>\n\n<p><span class=\"italic\"><strong>Nous faisons en sorte que le marketing num\u00e9rique paraisse facile.<\/strong><\/span> Cependant, notre processus est tr\u00e8s complexe, il demande un m\u00e9lange d\u2019intelligence, de passion et d\u2019un d\u00e9sir d\u2019offrir un service exceptionnel. Ne nous prenez pas aux mots : <a class=\"text-link italic noborder\" href=\"https:\/\/www.makeitbloom.com\/fr\/etudes-de-cas\/\"><i>lisez nos \u00e9tudes de cas<\/i><\/a><\/p>\n\n<\/div>\n<\/div>\n<\/section>\n\n\n\n<section class=\"wp-block-uagb-section uagb-section__wrap uagb-section__background-color uagb-block-b3037fd0\"><div class=\"uagb-section__overlay\"><\/div><div class=\"uagb-section__inner-wrap\">\n<section class=\"wp-block-uagb-section uagb-section__wrap uagb-section__background-none uagb-block-743f6b99 new-container\"><div class=\"uagb-section__overlay\"><\/div><div class=\"uagb-section__inner-wrap\">\n<div class=\"wp-block-columns is-layout-flex wp-container-core-columns-is-layout-9d6595d7 wp-block-columns-is-layout-flex\">\n<div class=\"wp-block-column is-layout-flow wp-block-column-is-layout-flow\">\n<h3 class=\"wp-block-heading has-text-align-left\">BLOOM EN QUELQUES MOTS<\/h3>\n\n\n\n<ul class=\"wp-block-list font-family-itc\">\n<li class=\"has-x-large-font-size\" style=\"font-style:normal;font-weight:600\">Performance<\/li>\n\n\n\n<li class=\"has-x-large-font-size\" style=\"font-style:normal;font-weight:600\">Agilit\u00e9 et flexibilit\u00e9<\/li>\n\n\n\n<li class=\"has-x-large-font-size\" style=\"font-style:normal;font-weight:600\">Donn\u00e9es et r\u00e9sultats<\/li>\n\n\n\n<li class=\"has-x-large-font-size\" style=\"font-style:normal;font-weight:600\">Cr\u00e9ativit\u00e9 et innovation<\/li>\n<\/ul>\n<\/div>\n\n\n\n<div class=\"wp-block-column is-layout-flow wp-block-column-is-layout-flow\">\n<figure class=\"wp-block-image size-full\"><img decoding=\"async\" width=\"418\" height=\"386\" data-src=\"https:\/\/www.makeitbloom.com\/wp-content\/uploads\/2023\/06\/b-logo-2.png\" alt=\"\" class=\"wp-image-14876 lazyload\" data-srcset=\"https:\/\/www.makeitbloom.com\/wp-content\/uploads\/2023\/06\/b-logo-2.png 418w, https:\/\/www.makeitbloom.com\/wp-content\/uploads\/2023\/06\/b-logo-2-250x231.png 250w, https:\/\/www.makeitbloom.com\/wp-content\/uploads\/2023\/06\/b-logo-2-120x111.png 120w\" data-sizes=\"(max-width: 418px) 100vw, 418px\" src=\"data:image\/svg+xml;base64,PHN2ZyB3aWR0aD0iMSIgaGVpZ2h0PSIxIiB4bWxucz0iaHR0cDovL3d3dy53My5vcmcvMjAwMC9zdmciPjwvc3ZnPg==\" style=\"--smush-placeholder-width: 418px; --smush-placeholder-aspect-ratio: 418\/386;\" \/><\/figure>\n<\/div>\n<\/div>\n<\/div><\/section>\n<\/div><\/section>\n\n\n\n<section class=\"services\">\n<h2 class=\"longtitle\">Ce qui nous rend fiers<\/h2>\n<div class=\"container\">\n<div class=\"serv\">\n<div class=\"title\">\n<section>\n<div class=\"icon\"><img decoding=\"async\" style=\"vertical-align: baseline;\" data-src=\"https:\/\/www.makeitbloom.com\/wp-content\/uploads\/2023\/06\/trophy-1.svg\" src=\"data:image\/svg+xml;base64,PHN2ZyB3aWR0aD0iMSIgaGVpZ2h0PSIxIiB4bWxucz0iaHR0cDovL3d3dy53My5vcmcvMjAwMC9zdmciPjwvc3ZnPg==\" class=\"lazyload\"><\/div>\n<h2>Notre croissance<\/h2>\n<\/section><\/div>\n<div class=\"text\">\n\n<p> Passer de 2 \u00e0 75+ personnes en quelques ann\u00e9es seulement, ne s&#8217;est pas fait sans difficult\u00e9s. Cependant, nous consid\u00e9rons tous les d\u00e9fis auxquels nous faisons face comme des opportunit\u00e9s de s&#8217;am\u00e9liorer. C&#8217;est d&#8217;ailleurs une fiert\u00e9 de voir notre agence figur\u00e9e sur la liste \u00ab Canada&#8217;s Top Growing Companies \u00bb du Globe and Mail, quatre ann\u00e9es cons\u00e9cutives.<\/p>\n<\/div>\n<\/div>\n<div class=\"serv\">\n<div class=\"title\">\n<section>\n<div class=\"icon\"><img decoding=\"async\" style=\"vertical-align: baseline;\" data-src=\"https:\/\/www.makeitbloom.com\/wp-content\/uploads\/2023\/06\/certified.svg\" src=\"data:image\/svg+xml;base64,PHN2ZyB3aWR0aD0iMSIgaGVpZ2h0PSIxIiB4bWxucz0iaHR0cDovL3d3dy53My5vcmcvMjAwMC9zdmciPjwvc3ZnPg==\" class=\"lazyload\"><\/div>\n<h2>Nos partenariats<\/h2>\n<\/section><\/div>\n<div class=\"text\">\n\n<p>Les leaders de l&#8217;industrie nous font confiance et nous sommes fiers de d\u00e9tenir des titres prestigieux : Google Premier Partner 2025 (attribu\u00e9 \u00e0 seulement 3 % des partenaires canadiens), Microsoft Partner et Meta Partner. Ces partenariats nous permettent de b\u00e9n\u00e9ficier d&#8217;outils exclusifs et de rester \u00e0 l&#8217;avant-garde des normes de l&#8217;industrie.\n\n\n\n\n<\/p>\n<\/div>\n<\/div>\n<div class=\"serv\">\n<div class=\"title\">\n<section>\n<div class=\"icon\"><img decoding=\"async\" style=\"vertical-align: baseline;\" data-src=\"https:\/\/www.makeitbloom.com\/wp-content\/uploads\/2023\/06\/stars.svg\" src=\"data:image\/svg+xml;base64,PHN2ZyB3aWR0aD0iMSIgaGVpZ2h0PSIxIiB4bWxucz0iaHR0cDovL3d3dy53My5vcmcvMjAwMC9zdmciPjwvc3ZnPg==\" class=\"lazyload\"><\/div>\n<h2>Nos clients<\/h2>\n<\/section><\/div>\n<div class=\"text\">\n\n<p> Les r\u00e9ussites de nos clients sont pour nous une v\u00e9ritable source de fiert\u00e9. Leur succ\u00e8s est notre succ\u00e8s. Voir des startups et des leaders de l&#8217;industrie nous confier leurs strat\u00e9gies de marketing est un privil\u00e8ge que nous ch\u00e9rissons et nous ne tenons jamais ces opportunit\u00e9s pour acquises.<\/p>\n<\/div>\n<\/div>\n<div class=\"serv\">\n<div class=\"title\">\n<section>\n<div class=\"icon\"><img decoding=\"async\" style=\"vertical-align: baseline;\" data-src=\"\/wp-content\/uploads\/2017\/11\/DDA_icon.svg\" src=\"data:image\/svg+xml;base64,PHN2ZyB3aWR0aD0iMSIgaGVpZ2h0PSIxIiB4bWxucz0iaHR0cDovL3d3dy53My5vcmcvMjAwMC9zdmciPjwvc3ZnPg==\" class=\"lazyload\"><\/div>\n<h2>Notre culture<\/h2>\n<\/section><\/div>\n<div class=\"text\">\n\n<p>En tant que l&#8217;un des meilleurs lieux de travail au Canada, nous nous effor\u00e7ons de prioriser le bien-\u00eatre de nos employ\u00e9s et de leur offrir un environnement positif pour qu&#8217;ils puissent s&#8217;\u00e9panouir et donner le meilleur d&#8217;eux-m\u00eames \u00e0 nos clients.\n\n<\/p>\n<\/div>\n<\/div>\n<\/div>\n<\/section><\/div>\n\n\n\n<section class=\"wp-block-uagb-section uagb-section__wrap uagb-section__background-color uagb-block-e2c933b8\"><div class=\"uagb-section__overlay\"><\/div><div class=\"uagb-section__inner-wrap\">\n<section class=\"wp-block-uagb-section uagb-section__wrap uagb-section__background-none uagb-block-29a11531 new-container\"><div class=\"uagb-section__overlay\"><\/div><div class=\"uagb-section__inner-wrap\">\n<h2 class=\"wp-block-heading has-text-align-center has-white-color has-text-color\">Ce qui nous distingue des autres agences<\/h2>\n\n\n\n<div class=\"wp-block-columns is-layout-flex wp-container-core-columns-is-layout-9d6595d7 wp-block-columns-is-layout-flex\">\n<div class=\"wp-block-column is-layout-flow wp-block-column-is-layout-flow\">\n<h3 class=\"wp-block-heading has-text-align-center has-white-color has-text-color has-background\" style=\"background-color:#ed5434\">Notre m\u00e9thodologie unique<\/h3>\n\n\n\n<figure class=\"wp-block-image size-large\"><img decoding=\"async\" width=\"700\" height=\"350\" data-src=\"https:\/\/www.makeitbloom.com\/wp-content\/uploads\/2023\/06\/keyboard-700x350.png\" alt=\"\" class=\"wp-image-14903 lazyload\" data-srcset=\"https:\/\/www.makeitbloom.com\/wp-content\/uploads\/2023\/06\/keyboard-700x350.png 700w, https:\/\/www.makeitbloom.com\/wp-content\/uploads\/2023\/06\/keyboard-250x125.png 250w, https:\/\/www.makeitbloom.com\/wp-content\/uploads\/2023\/06\/keyboard-768x384.png 768w, https:\/\/www.makeitbloom.com\/wp-content\/uploads\/2023\/06\/keyboard-120x60.png 120w, https:\/\/www.makeitbloom.com\/wp-content\/uploads\/2023\/06\/keyboard.png 1200w\" data-sizes=\"(max-width: 700px) 100vw, 700px\" src=\"data:image\/svg+xml;base64,PHN2ZyB3aWR0aD0iMSIgaGVpZ2h0PSIxIiB4bWxucz0iaHR0cDovL3d3dy53My5vcmcvMjAwMC9zdmciPjwvc3ZnPg==\" style=\"--smush-placeholder-width: 700px; --smush-placeholder-aspect-ratio: 700\/350;\" \/><\/figure>\n\n\n\n<p class=\"link-orange has-white-color has-text-color has-medium-font-size\">Nous avons introduit notre <a href=\"https:\/\/www.makeitbloom.com\/fr\/methodologie\/\" title=\"\">m\u00e9thodologie d&#8217;acc\u00e9l\u00e9ration de la marque, BOREAL<\/a>, pour aider nos clients \u00e0 naviguer les d\u00e9fis actuels dans le monde du marketing num\u00e9rique: l\u00e9gislation sur la vie priv\u00e9e, \u00e9rosion des cookies, prolif\u00e9ration des canaux, concurrence f\u00e9roce et plus. En utilisant la marque comme vecteur de performance, nous laissons des impressions durables sans perdre de vue le retour sur investissement.<\/p>\n<\/div>\n\n\n\n<div class=\"wp-block-column is-layout-flow wp-block-column-is-layout-flow\">\n<h3 class=\"wp-block-heading has-text-align-center has-white-color has-text-color has-background\" style=\"background-color:#3eb54a\">Notre exp\u00e9rience diversifi\u00e9e<\/h3>\n\n\n\n<figure class=\"wp-block-image size-large\"><img decoding=\"async\" data-src=\"https:\/\/www.makeitbloom.com\/wp-content\/uploads\/2025\/10\/expertise-knowledge-700x367.png\" alt=\"\" class=\"wp-image-18172 lazyload\" src=\"data:image\/svg+xml;base64,PHN2ZyB3aWR0aD0iMSIgaGVpZ2h0PSIxIiB4bWxucz0iaHR0cDovL3d3dy53My5vcmcvMjAwMC9zdmciPjwvc3ZnPg==\" style=\"--smush-placeholder-width: 700px; --smush-placeholder-aspect-ratio: 700\/367;\" \/><\/figure>\n\n\n\n<p class=\"has-white-color has-text-color has-medium-font-size\">Depuis 2007, nous travaillons en partenariat avec un large \u00e9ventail d&#8217;entreprises, des startups aux leaders de l&#8217;industrie, dans diff\u00e9rents secteurs. Cette vaste exp\u00e9rience nous a permis d&#8217;acqu\u00e9rir une compr\u00e9hension approfondie du monde num\u00e9rique, ce qui nous permet d&#8217;ex\u00e9cuter et de mettre en \u0153uvre des solutions \u00e9prouv\u00e9es qui produisent des r\u00e9sultats concrets.<\/p>\n<\/div>\n\n\n\n<div class=\"wp-block-column is-layout-flow wp-block-column-is-layout-flow\">\n<h3 class=\"wp-block-heading has-text-align-center has-white-color has-text-color has-background\" style=\"background-color:#2c8bcb\">Notre agilit\u00e9 et notre ind\u00e9pendance<\/h3>\n\n\n\n<figure class=\"wp-block-image size-large\"><img decoding=\"async\" width=\"700\" height=\"350\" data-src=\"https:\/\/www.makeitbloom.com\/wp-content\/uploads\/2023\/06\/bloom-mug-700x350.png\" alt=\"\" class=\"wp-image-14901 lazyload\" data-srcset=\"https:\/\/www.makeitbloom.com\/wp-content\/uploads\/2023\/06\/bloom-mug-700x350.png 700w, https:\/\/www.makeitbloom.com\/wp-content\/uploads\/2023\/06\/bloom-mug-250x125.png 250w, https:\/\/www.makeitbloom.com\/wp-content\/uploads\/2023\/06\/bloom-mug-768x384.png 768w, https:\/\/www.makeitbloom.com\/wp-content\/uploads\/2023\/06\/bloom-mug-120x60.png 120w, https:\/\/www.makeitbloom.com\/wp-content\/uploads\/2023\/06\/bloom-mug.png 1200w\" data-sizes=\"(max-width: 700px) 100vw, 700px\" src=\"data:image\/svg+xml;base64,PHN2ZyB3aWR0aD0iMSIgaGVpZ2h0PSIxIiB4bWxucz0iaHR0cDovL3d3dy53My5vcmcvMjAwMC9zdmciPjwvc3ZnPg==\" style=\"--smush-placeholder-width: 700px; --smush-placeholder-aspect-ratio: 700\/350;\" \/><\/figure>\n\n\n\n<p class=\"has-white-color has-text-color has-medium-font-size\">Nous sommes fiers de faire les choses \u00e0 notre mani\u00e8re. N&#8217;\u00e9tant pas affili\u00e9s \u00e0 des groupes de m\u00e9dias internationaux, nous jouissons de la libert\u00e9 et de la flexibilit\u00e9 n\u00e9cessaires pour nous adapter rapidement et personnaliser notre approche en fonction des besoins uniques de chaque client. Chaque client est trait\u00e9 sur un pied d&#8217;\u00e9galit\u00e9, ce qui favorise une exp\u00e9rience personnalis\u00e9e et inclusive tout au long de notre partenariat.<\/p>\n<\/div>\n<\/div>\n<\/div><\/section>\n<\/div><\/section>\n\n\n\n<section class=\"wp-block-uagb-section uagb-section__wrap uagb-section__background-color uagb-block-3dcf60da\"><div class=\"uagb-section__overlay\"><\/div><div class=\"uagb-section__inner-wrap\">\n<section class=\"wp-block-uagb-section uagb-section__wrap uagb-section__background-none uagb-block-4b965e2a\"><div class=\"uagb-section__overlay\"><\/div><div class=\"uagb-section__inner-wrap\">\n<section class=\"wp-block-uagb-section uagb-section__wrap uagb-section__background-undefined uagb-block-8b334b11\"><div class=\"uagb-section__overlay\"><\/div><div class=\"uagb-section__inner-wrap\">\n<p class=\"has-text-align-center has-white-color has-text-color has-large-font-size\"><em><em>Travailler avec une agence qui a une longueur d&#8217;avance<\/em><\/em><\/p>\n\n\n\n<div class=\"wp-block-buttons is-layout-flex wp-block-buttons-is-layout-flex\">\n<div class=\"wp-block-button aligncenter contact-btn\"><a class=\"wp-block-button__link wp-element-button\" href=\"https:\/\/www.makeitbloom.com\/fr\/getaproposal\/\" rel=\"\">OBTENEZ UNE PROPOSITION<\/a><\/div>\n<\/div>\n<\/div><\/section>\n<\/div><\/section>\n<\/div><\/section>\n","protected":false},"excerpt":{"rendered":"Voici Bloom. D\u00e9couvrez l&#8217;histoire d&#8217;une agence de marketing num\u00e9rique qui a pour mission de faire cro\u00eetre les entreprises. Bloom est une \u00e9quipe de strat\u00e8ges num\u00e9riques, de magiciens de l\u2019analytique et de techniciens chevronn\u00e9s. Notre comp\u00e9tence r\u00e9side dans la croissance d&#8217;organisations de toutes tailles, dans tous les domaines. Notre croissance rapide et nos succ\u00e8s sont le&hellip;","protected":false},"author":35,"featured_media":0,"parent":0,"menu_order":0,"comment_status":"closed","ping_status":"closed","template":"","meta":{"inline_featured_image":false,"_uag_custom_page_level_css":"","footnotes":""},"categories":[],"tags":[],"coauthors":[],"class_list":["post-14907","page","type-page","status-publish","hentry"],"aioseo_notices":[],"uagb_featured_image_src":{"full":false,"thumbnail":false,"medium":false,"medium_large":false,"large":false,"1536x1536":false,"2048x2048":false,"small":false,"custom-size":false},"uagb_author_info":{"display_name":"Marie-Jo\u00eblle Turgeon","author_link":"https:\/\/www.makeitbloom.com\/fr\/blog\/author\/mariejoelle-turgeon\/"},"uagb_comment_info":0,"uagb_excerpt":"Voici Bloom. D\u00e9couvrez l&#8217;histoire d&#8217;une agence de marketing num\u00e9rique qui a pour mission de faire cro\u00eetre les entreprises. Bloom est une \u00e9quipe de strat\u00e8ges num\u00e9riques, de magiciens de l\u2019analytique et de techniciens chevronn\u00e9s. Notre comp\u00e9tence r\u00e9side dans la croissance d&#8217;organisations de toutes tailles, dans tous les domaines. Notre croissance rapide et nos succ\u00e8s sont le&hellip;","rttpg_featured_image_url":null,"rttpg_author":{"display_name":"Marie-Jo\u00eblle Turgeon","author_link":"https:\/\/www.makeitbloom.com\/fr\/blog\/author\/mariejoelle-turgeon\/"},"rttpg_comment":0,"rttpg_category":false,"rttpg_excerpt":"Voici Bloom. D\u00e9couvrez l&#8217;histoire d&#8217;une agence de marketing num\u00e9rique qui a pour mission de faire cro\u00eetre les entreprises. Bloom est une \u00e9quipe de strat\u00e8ges num\u00e9riques, de magiciens de l\u2019analytique et de techniciens chevronn\u00e9s. Notre comp\u00e9tence r\u00e9side dans la croissance d&#8217;organisations de toutes tailles, dans tous les domaines. Notre croissance rapide et nos succ\u00e8s sont le&hellip;","_links":{"self":[{"href":"https:\/\/www.makeitbloom.com\/fr\/wp-json\/wp\/v2\/pages\/14907","targetHints":{"allow":["GET"]}}],"collection":[{"href":"https:\/\/www.makeitbloom.com\/fr\/wp-json\/wp\/v2\/pages"}],"about":[{"href":"https:\/\/www.makeitbloom.com\/fr\/wp-json\/wp\/v2\/types\/page"}],"author":[{"embeddable":true,"href":"https:\/\/www.makeitbloom.com\/fr\/wp-json\/wp\/v2\/users\/35"}],"replies":[{"embeddable":true,"href":"https:\/\/www.makeitbloom.com\/fr\/wp-json\/wp\/v2\/comments?post=14907"}],"version-history":[{"count":0,"href":"https:\/\/www.makeitbloom.com\/fr\/wp-json\/wp\/v2\/pages\/14907\/revisions"}],"wp:attachment":[{"href":"https:\/\/www.makeitbloom.com\/fr\/wp-json\/wp\/v2\/media?parent=14907"}],"wp:term":[{"taxonomy":"category","embeddable":true,"href":"https:\/\/www.makeitbloom.com\/fr\/wp-json\/wp\/v2\/categories?post=14907"},{"taxonomy":"post_tag","embeddable":true,"href":"https:\/\/www.makeitbloom.com\/fr\/wp-json\/wp\/v2\/tags?post=14907"},{"taxonomy":"author","embeddable":true,"href":"https:\/\/www.makeitbloom.com\/fr\/wp-json\/wp\/v2\/coauthors?post=14907"}],"curies":[{"name":"wp","href":"https:\/\/api.w.org\/{rel}","templated":true}]}}