{"id":13761,"date":"2022-09-20T13:47:39","date_gmt":"2022-09-20T17:47:39","guid":{"rendered":"https:\/\/www.makeitbloom.com\/?page_id=13761"},"modified":"2025-08-15T09:49:40","modified_gmt":"2025-08-15T13:49:40","slug":"silverwax","status":"publish","type":"page","link":"https:\/\/www.makeitbloom.com\/fr\/etude-de-cas\/silverwax\/","title":{"rendered":"3M de visionnements organiques sur TikTok en moins de 3 mois"},"content":{"rendered":"<section class=\"hero-banner basic case\"><img decoding=\"async\" class=\"bg lazyload\" data-src=\"https:\/\/www.makeitbloom.com\/wp-content\/uploads\/2022\/09\/Unsilverwax-header-small-Max-Quality.jpg\" data-srcset=\"https:\/\/www.makeitbloom.com\/wp-content\/uploads\/2022\/09\/Unsilverwax-header-small-Max-Quality.jpg 480w, https:\/\/www.makeitbloom.com\/wp-content\/uploads\/2022\/09\/silverwax-header.jpg 1600w\" src=\"data:image\/svg+xml;base64,PHN2ZyB3aWR0aD0iMSIgaGVpZ2h0PSIxIiB4bWxucz0iaHR0cDovL3d3dy53My5vcmcvMjAwMC9zdmciPjwvc3ZnPg==\" style=\"--smush-placeholder-width: 819px; --smush-placeholder-aspect-ratio: 819\/759;\"><\/p>\n<div class=\"container\">\n<div class=\"content\">\n<h5>\u00c9tude de cas<\/h5>\n<p><!--accepts negative offset for top as xs, s, m, l, xl, xxl. For example class=\"case-logo offset-xxl\"--><br \/>\n<img decoding=\"async\" class=\"case-logo offset-xxl logo-smush lazyload\" data-src=\"https:\/\/www.makeitbloom.com\/wp-content\/uploads\/2022\/09\/silverwax-1.png\" alt=\"polysleep\" src=\"data:image\/svg+xml;base64,PHN2ZyB3aWR0aD0iMSIgaGVpZ2h0PSIxIiB4bWxucz0iaHR0cDovL3d3dy53My5vcmcvMjAwMC9zdmciPjwvc3ZnPg==\" style=\"--smush-placeholder-width: 1080px; --smush-placeholder-aspect-ratio: 1080\/226;\"><\/p>\n<h1 class=\"title\">3M de visionnements organiques<br \/>\nsur TikTok en moins de 3 mois<\/h1>\n<\/div>\n<\/div>\n<\/section>\n<section class=\"case-intro\">\n<div class=\"container\">\n<div id=\"social-share\" class=\"share-links case\">\n<p>Share this:<\/p>\n<div><a target=\"_blank\" href=\"https:\/\/twitter.com\/intent\/tweet?url=https:\/\/www.makeitbloom.com\/fr\/etude-de-cas\/silverwax\/&text=3M de visionnements organiques sur TikTok en moins de 3 mois\"><img decoding=\"async\" data-src=\"\/wp-content\/themes\/bloom\/src\/img\/social\/tw.svg\" src=\"data:image\/svg+xml;base64,PHN2ZyB3aWR0aD0iMSIgaGVpZ2h0PSIxIiB4bWxucz0iaHR0cDovL3d3dy53My5vcmcvMjAwMC9zdmciPjwvc3ZnPg==\" class=\"lazyload\"><\/a><a target=\"_blank\" href=\"https:\/\/www.facebook.com\/sharer\/sharer.php?u=https:\/\/www.makeitbloom.com\/fr\/etude-de-cas\/silverwax\/\"><img decoding=\"async\" data-src=\"\/wp-content\/themes\/bloom\/src\/img\/social\/fb.svg\" src=\"data:image\/svg+xml;base64,PHN2ZyB3aWR0aD0iMSIgaGVpZ2h0PSIxIiB4bWxucz0iaHR0cDovL3d3dy53My5vcmcvMjAwMC9zdmciPjwvc3ZnPg==\" class=\"lazyload\"><\/a><a target=\"_blank\" href=\"http:\/\/www.linkedin.com\/shareArticle?mini=true&url=https:\/\/www.makeitbloom.com\/fr\/etude-de-cas\/silverwax\/&title=3M de visionnements organiques sur TikTok en moins de 3 mois\"><img decoding=\"async\" data-src=\"\/wp-content\/themes\/bloom\/src\/img\/social\/li.svg\" src=\"data:image\/svg+xml;base64,PHN2ZyB3aWR0aD0iMSIgaGVpZ2h0PSIxIiB4bWxucz0iaHR0cDovL3d3dy53My5vcmcvMjAwMC9zdmciPjwvc3ZnPg==\" class=\"lazyload\"><\/a><\/div>\n<\/div>\n<div class=\"text\">\n<div class=\"serv responsive\">\n<div class=\"title\">\n<section>\n<div class=\"icon\"><img decoding=\"async\" data-src=\"\/wp-content\/uploads\/2017\/11\/DDA_icon.svg\" src=\"data:image\/svg+xml;base64,PHN2ZyB3aWR0aD0iMSIgaGVpZ2h0PSIxIiB4bWxucz0iaHR0cDovL3d3dy53My5vcmcvMjAwMC9zdmciPjwvc3ZnPg==\" class=\"lazyload\"><\/div>\n<h1>Voici Silverwax<\/h1>\n<\/section>\n<\/div>\n<p class=\"features\"><span style=\"color: #ed5434; padding: 0;\"><a style=\"color: #ed5434; text-decoration: none; font-style: italic;\" href=\"http:\/\/www.silverwax.com\">Silverwax<\/a><\/span> se sp\u00e9cialise dans le d\u00e9veloppement de divers produits d&#8217;esth\u00e9tique haute performance pour tous les types de v\u00e9hicules et cr\u00e9e des solutions innovantes en mati\u00e8re d&#8217;esth\u00e9tique automobile depuis plus de 20 ans. Il s&#8217;agit d&#8217;une entreprise familiale \u00e9tablie \u00e0 Qu\u00e9bec qui s&#8217;adresse aux amateurs de voitures partout au Canada.<\/p>\n<p class=\"features\">Leur mission est de permettre aux gens de d\u00e9couvrir et de ma\u00eetriser l&#8217;art de prendre soin de leur voiture. Gr\u00e2ce \u00e0 une approche conviviale et \u00e9ducative, ils rendent l&#8217;entretien automobile accessible, simple et attrayant.<\/p>\n<div class=\"line\"><\/div>\n<\/div>\n<div class=\"serv responsive\">\n<div class=\"title\">\n<section>\n<div class=\"icon\"><img decoding=\"async\" data-src=\"\/wp-content\/uploads\/2017\/11\/case_study_icon_challenge.svg\" src=\"data:image\/svg+xml;base64,PHN2ZyB3aWR0aD0iMSIgaGVpZ2h0PSIxIiB4bWxucz0iaHR0cDovL3d3dy53My5vcmcvMjAwMC9zdmciPjwvc3ZnPg==\" class=\"lazyload\"><\/div>\n<h2>Le d\u00e9fi<\/h2>\n<\/section>\n<\/div>\n<p class=\"features\">Silverwax souhaitait d\u00e9laisser son statut de grossiste et d\u00e9velopper sa propre pr\u00e9sence en ligne afin de vendre ses produits directement aux consommateurs. Notre mandat consistait \u00e0 les aider \u00e0 accro\u00eetre leur visibilit\u00e9 et leur pr\u00e9sence en ligne afin de d\u00e9velopper leur client\u00e8le. Plus pr\u00e9cis\u00e9ment, Silverwax souhaitait d\u00e9velopper ses efforts en cr\u00e9ation de contenu sur les m\u00e9dias sociaux afin d&#8217;\u00eatre davantage pr\u00e9sent dans le paysage num\u00e9rique.<\/p>\n<div class=\"line\"><\/div>\n<\/div>\n<\/div>\n<\/div>\n<\/section>\n<div class=\"intro-services-cta grey case\">\n<section class=\"intro\">\n<div class=\"container\">\n<h2>La solution<\/h2>\n<div class=\"holder\">\n<section class=\"body\">\n<p class=\"not-body\">Pour accro\u00eetre la notori\u00e9t\u00e9 de Silverwax et stimuler sa croissance de mani\u00e8re organique, Bloom s&#8217;est tourn\u00e9 vers des courtes vid\u00e9os pour capter l&#8217;attention des amateurs de voiture. Nous avons commenc\u00e9 par accompagner l&#8217;\u00e9quipe de Silverwax dans la cr\u00e9ation de trois ou quatre contenus sur Instagram et Facebook. Puis, nous avons rapidement r\u00e9alis\u00e9 que les internautes en voulaient encore plus. L&#8217;\u00e9quipe a pivot\u00e9 et a lanc\u00e9 un compte TikTok pour la marque et a augment\u00e9 le nombre de publications vis\u00e9es, soit cinq \u00e0 sept publications par semaine.<\/p>\n<p class=\"not-body\">Ce qu&#8217;on a fait:<\/p>\n<\/section>\n<section class=\"check-lists\">\n<ul class=\"checks\">\n<li>Fournir des suggestions sur le contenu des vid\u00e9os qui refl\u00e8tent les tendances r\u00e9centes et mettent davantage en valeur la culture de l&#8217;entreprise.<\/li>\n<li>Assurer une orientation cr\u00e9ative et une direction artistique coh\u00e9rentes<\/li>\n<\/ul>\n<ul class=\"checks\">\n<li>Utiliser des audios et des sons populaires sur TikTok<\/li>\n<li>Interagir avec l&#8217;audience de Silverwax afin d&#8217;\u00e9tablir une relation de confiance.<\/li>\n<\/ul>\n<\/section>\n<\/div>\n<section class=\"images\"><img decoding=\"async\" class=\"one lazyload\" data-src=\"https:\/\/www.makeitbloom.com\/wp-content\/uploads\/2022\/09\/silverwax-photo-Max-Quality.jpg\" src=\"data:image\/svg+xml;base64,PHN2ZyB3aWR0aD0iMSIgaGVpZ2h0PSIxIiB4bWxucz0iaHR0cDovL3d3dy53My5vcmcvMjAwMC9zdmciPjwvc3ZnPg==\" style=\"--smush-placeholder-width: 819px; --smush-placeholder-aspect-ratio: 819\/759;\"><br \/>\n<img decoding=\"async\" class=\"two lazyload\" data-src=\"https:\/\/www.makeitbloom.com\/wp-content\/uploads\/2022\/09\/silverwax-photo-Max-Quality-1.jpg\" src=\"data:image\/svg+xml;base64,PHN2ZyB3aWR0aD0iMSIgaGVpZ2h0PSIxIiB4bWxucz0iaHR0cDovL3d3dy53My5vcmcvMjAwMC9zdmciPjwvc3ZnPg==\" style=\"--smush-placeholder-width: 819px; --smush-placeholder-aspect-ratio: 819\/759;\"><br \/>\n<a href=\"https:\/\/www.tiktok.com\/@silverwax.official\"><img decoding=\"async\" class=\"three lazyload\" data-src=\"https:\/\/www.makeitbloom.com\/wp-content\/uploads\/2022\/09\/silverwax-tiktok-account.jpg\" src=\"data:image\/svg+xml;base64,PHN2ZyB3aWR0aD0iMSIgaGVpZ2h0PSIxIiB4bWxucz0iaHR0cDovL3d3dy53My5vcmcvMjAwMC9zdmciPjwvc3ZnPg==\" style=\"--smush-placeholder-width: 819px; --smush-placeholder-aspect-ratio: 819\/759;\"><\/a><br \/>\n<br style=\"clear: both;\"><br \/>\n<\/section>\n<\/div>\n<\/section>\n<\/div>\n<div class=\"intro-services-cta case result\">\n<section class=\"intro results graphs_bg\">\n<div class=\"container\">\n<h2>Le r\u00e9sultat:<br \/>\n<span class=\"stat nobr\"><img decoding=\"async\" data-src=\"\/wp-content\/uploads\/2017\/11\/fleche-haut-red.svg\" src=\"data:image\/svg+xml;base64,PHN2ZyB3aWR0aD0iMSIgaGVpZ2h0PSIxIiB4bWxucz0iaHR0cDovL3d3dy53My5vcmcvMjAwMC9zdmciPjwvc3ZnPg==\" class=\"lazyload\">3M<\/span> de vues en 3 mois<\/h2>\n<p class=\"not-body\">Moins de trois mois apr\u00e8s avoir cr\u00e9\u00e9 un compte TikTok,<br \/>\nSilverwax a connu une croissance rapide:<\/p>\n<div class=\"holder\">\n<ul class=\"checks single\" style=\"padding-left: 10%;\">\n<li>+44 000 j&#8217;aimes<\/li>\n<li>+17 000 vues du profil<\/li>\n<li>+6 000 abonn\u00e9s<\/li>\n<li>+1 000 partages<\/li>\n<\/ul>\n<p><!---\n\n\n\n<section class=\"qt\">\n\n\n<div class=\"pp\">\n\n\n<div class=\"img\"><img decoding=\"async\" data-src=\"\/wp-content\/uploads\/2019\/09\/polysleep-purple-logo.jpg\" src=\"data:image\/svg+xml;base64,PHN2ZyB3aWR0aD0iMSIgaGVpZ2h0PSIxIiB4bWxucz0iaHR0cDovL3d3dy53My5vcmcvMjAwMC9zdmciPjwvc3ZnPg==\" class=\"lazyload\" style=\"--smush-placeholder-width: 300px; --smush-placeholder-aspect-ratio: 300\/300;\"><\/div>\n\n\n\n\n<div class=\"bio\">\n\n\n<h3>Jeremiah Curvers<\/h3>\n\n\n\n\n<h4>Co-Founder and CEO<\/h4>\n\n\n\"The Bloom team always brings amazing ideas and are always open to suggestions. It allowed us to test and readjust and improve strategies very quickly.\u201d<\/div>\n\n\n\n\n<div class=\"quote-symbol\">\u201d<\/div>\n\n\n<\/div>\n\n\n<\/section>\n\n<\/div>\n\n\n--><br \/>\n<!--holder\n\n\n\n<section class=\"download-case\">\n\n\n<p class=\"title\">Download this case study<\/p>\n\n\n\n\n<p class=\"sub\">Where should we send the PDF?<\/p>\n\n\n\n\n\n<form>\n                <input type=\"email\" placeholder=\"Add your email address here\">\n<a class=\"btn btn-yellow mini\" href=\"#\">DOWNLOAD PDF<\/a>\n\n\n<div class=\"wont-spam\">\n                    <img decoding=\"async\" data-src=\"\/wp-content\/uploads\/2016\/04\/email.svg\" src=\"data:image\/svg+xml;base64,PHN2ZyB3aWR0aD0iMSIgaGVpZ2h0PSIxIiB4bWxucz0iaHR0cDovL3d3dy53My5vcmcvMjAwMC9zdmciPjwvc3ZnPg==\" class=\"lazyload\">\n<span>We won't spam you!<\/span><\/div>\n\n\n<\/form>\n\n\n\n<\/section>\n\n\n\n--><\/p>\n<section class=\"cta cs\">\n<div class=\"container\">\n<p>Faites fleurir votre entreprise.<\/p>\n<p><a class=\"btn\" href=\"https:\/\/www.makeitbloom.com\/fr\/contact\/\">CONTACTEZ-NOUS<\/a><\/p>\n<\/div>\n<\/section>\n<\/div>\n<\/div>\n<\/section>\n<\/div>\n<p><!--Shortcode - More Case Studies --><\/p>\n<section class=\"results grey\">\n<div class=\"graphs_bg\">\n<div class=\"container graphs\">\n<h2>Plus d'\u00e9tudes de cas:<\/h2>\n<section class=\"cards-holder horiz-pager\">\n<section class=\"cards\">\n<div class=\"card bg-strom\">\n                    <a href=\"\/fr\/etudes-de-cas\/strom-spa\/\"><\/p>\n<div class=\"img\"><img decoding=\"async\" class=\"svg logo-smush lazyload\" data-src=\"\/wp-content\/uploads\/2020\/05\/strom-spa_blanc.png\" src=\"data:image\/svg+xml;base64,PHN2ZyB3aWR0aD0iMSIgaGVpZ2h0PSIxIiB4bWxucz0iaHR0cDovL3d3dy53My5vcmcvMjAwMC9zdmciPjwvc3ZnPg==\" style=\"--smush-placeholder-width: 523px; --smush-placeholder-aspect-ratio: 523\/219;\"><\/div>\n<h6><img decoding=\"async\" data-src=\"\/wp-content\/uploads\/2017\/09\/fleche-haut.png\" src=\"data:image\/svg+xml;base64,PHN2ZyB3aWR0aD0iMSIgaGVpZ2h0PSIxIiB4bWxucz0iaHR0cDovL3d3dy53My5vcmcvMjAwMC9zdmciPjwvc3ZnPg==\" class=\"lazyload\" style=\"--smush-placeholder-width: 30px; --smush-placeholder-aspect-ratio: 30\/35;\">162<sup>%<\/sup><\/h6>\n<p>augmentation des ventes sur Facebook Ads<\/p>\n<p><\/a><a href=\"\/fr\/etudes-de-cas\/strom-spa\/\"><\/a><\/p>\n<\/div>\n<div class=\"card bg2 bg-mcgill\">\n                    <a href=\"\/fr\/etudes-de-cas\/mcgill\/\"><\/p>\n<div class=\"img\"><img decoding=\"async\" class=\"svg logo-smush lazyload\" data-src=\"\/wp-content\/uploads\/2017\/09\/mcgill-logo.png\" src=\"data:image\/svg+xml;base64,PHN2ZyB3aWR0aD0iMSIgaGVpZ2h0PSIxIiB4bWxucz0iaHR0cDovL3d3dy53My5vcmcvMjAwMC9zdmciPjwvc3ZnPg==\" style=\"--smush-placeholder-width: 235px; --smush-placeholder-aspect-ratio: 235\/56;\"><\/div>\n<h6><img decoding=\"async\" data-src=\"\/wp-content\/uploads\/2017\/09\/fleche-haut.png\" src=\"data:image\/svg+xml;base64,PHN2ZyB3aWR0aD0iMSIgaGVpZ2h0PSIxIiB4bWxucz0iaHR0cDovL3d3dy53My5vcmcvMjAwMC9zdmciPjwvc3ZnPg==\" class=\"lazyload\" style=\"--smush-placeholder-width: 30px; --smush-placeholder-aspect-ratio: 30\/35;\">41<sup>%<\/sup><\/h6>\n<p>augmentation du taux de conversion; objectif atteint en 1 semaine<\/p>\n<p><\/a><a href=\"\/fr\/etudes-de-cas\/mcgill\/\"><\/a><a href=\"\/fr\/etudes-de-cas\/mcgill\/\"><\/a><a href=\"\/fr\/etudes-de-cas\/mcgill\/\"><\/a><a href=\"\/fr\/etudes-de-cas\/mcgill\/\"><\/a><a href=\"\/fr\/etudes-de-cas\/mcgill\/\"><\/a><a href=\"\/fr\/etudes-de-cas\/mcgill\/\"><\/a><a href=\"\/fr\/etudes-de-cas\/mcgill\/\"><\/a><a href=\"\/fr\/etudes-de-cas\/mcgill\/\"><\/a><a href=\"\/fr\/etudes-de-cas\/mcgill\/\"><\/a><\/p>\n<\/div>\n<div class=\"card bg-geniuserp\">\n                    <a href=\"\/fr\/etudes-de-cas\/genius-erp\/\"><\/p>\n<div class=\"img\"><img decoding=\"async\" class=\"logo-smush lazyload\" data-src=\"\/wp-content\/uploads\/2020\/03\/359-3592933_genius-erp-solutions-graphic-design-hd-png-download.png\" src=\"data:image\/svg+xml;base64,PHN2ZyB3aWR0aD0iMSIgaGVpZ2h0PSIxIiB4bWxucz0iaHR0cDovL3d3dy53My5vcmcvMjAwMC9zdmciPjwvc3ZnPg==\" style=\"--smush-placeholder-width: 468px; --smush-placeholder-aspect-ratio: 468\/182;\"><\/div>\n<h6><img decoding=\"async\" data-src=\"\/wp-content\/uploads\/2017\/09\/fleche-haut.png\" src=\"data:image\/svg+xml;base64,PHN2ZyB3aWR0aD0iMSIgaGVpZ2h0PSIxIiB4bWxucz0iaHR0cDovL3d3dy53My5vcmcvMjAwMC9zdmciPjwvc3ZnPg==\" class=\"lazyload\" style=\"--smush-placeholder-width: 30px; --smush-placeholder-aspect-ratio: 30\/35;\">37<sup>%<\/sup><\/h6>\n<p>augmentation du trafic organique en moins de 6 mois<\/p>\n<p><\/a><a href=\"\/fr\/etudes-de-cas\/genius-erp\/\"><\/a><a href=\"\/fr\/etudes-de-cas\/genius-erp\/\"><\/a><a href=\"\/fr\/etudes-de-cas\/genius-erp\/\"><\/a><a href=\"\/fr\/etudes-de-cas\/genius-erp\/\"><\/a><a href=\"\/fr\/etudes-de-cas\/genius-erp\/\"><\/a><a href=\"\/fr\/etudes-de-cas\/genius-erp\/\"><\/a><a href=\"\/fr\/etudes-de-cas\/genius-erp\/\"><\/a><a href=\"\/fr\/etudes-de-cas\/genius-erp\/\"><\/a><a href=\"\/fr\/etudes-de-cas\/genius-erp\/\"><\/a><a href=\"\/fr\/etudes-de-cas\/genius-erp\/\"><\/a><\/p>\n<\/div>\n<\/section>\n<\/section>\n<p> <a class=\"btn more-margins\" href=\"\/fr\/etudes-de-cas\/\">VOIR PLUS D'\u00c9TUDES DE CAS<\/a><\/p>\n<\/div>\n<\/div>\n<\/section>\n","protected":false},"excerpt":{"rendered":"\u00c9tude de cas 3M de visionnements organiques sur TikTok en moins de 3 mois Share this: Voici Silverwax Silverwax se sp\u00e9cialise dans le d\u00e9veloppement de divers produits d&#8217;esth\u00e9tique haute performance pour tous les types de v\u00e9hicules et cr\u00e9e des solutions innovantes en mati\u00e8re d&#8217;esth\u00e9tique automobile depuis plus de 20 ans. Il s&#8217;agit d&#8217;une entreprise familiale&hellip;","protected":false},"author":35,"featured_media":17995,"parent":1628,"menu_order":0,"comment_status":"closed","ping_status":"closed","template":"","meta":{"inline_featured_image":false,"_uag_custom_page_level_css":"","footnotes":""},"categories":[553],"tags":[],"coauthors":[],"class_list":["post-13761","page","type-page","status-publish","has-post-thumbnail","hentry","category-medias-sociaux"],"aioseo_notices":[],"uagb_featured_image_src":{"full":["https:\/\/www.makeitbloom.com\/wp-content\/uploads\/2025\/08\/silverwax-banner-square.png",1080,1080,false],"thumbnail":["https:\/\/www.makeitbloom.com\/wp-content\/uploads\/2025\/08\/silverwax-banner-square-150x150.png",150,150,true],"medium":["https:\/\/www.makeitbloom.com\/wp-content\/uploads\/2025\/08\/silverwax-banner-square-250x250.png",250,250,true],"medium_large":["https:\/\/www.makeitbloom.com\/wp-content\/uploads\/2025\/08\/silverwax-banner-square-768x768.png",768,768,true],"large":["https:\/\/www.makeitbloom.com\/wp-content\/uploads\/2025\/08\/silverwax-banner-square-700x700.png",700,700,true],"1536x1536":["https:\/\/www.makeitbloom.com\/wp-content\/uploads\/2025\/08\/silverwax-banner-square.png",1080,1080,false],"2048x2048":["https:\/\/www.makeitbloom.com\/wp-content\/uploads\/2025\/08\/silverwax-banner-square.png",1080,1080,false],"small":["https:\/\/www.makeitbloom.com\/wp-content\/uploads\/2025\/08\/silverwax-banner-square-120x120.png",120,120,true],"custom-size":["https:\/\/www.makeitbloom.com\/wp-content\/uploads\/2025\/08\/silverwax-banner-square-700x200.png",700,200,true]},"uagb_author_info":{"display_name":"Marie-Jo\u00eblle Turgeon","author_link":"https:\/\/www.makeitbloom.com\/fr\/blog\/author\/mariejoelle-turgeon\/"},"uagb_comment_info":0,"uagb_excerpt":"\u00c9tude de cas 3M de visionnements organiques sur TikTok en moins de 3 mois Share this: Voici Silverwax Silverwax se sp\u00e9cialise dans le d\u00e9veloppement de divers produits d&#8217;esth\u00e9tique haute performance pour tous les types de v\u00e9hicules et cr\u00e9e des solutions innovantes en mati\u00e8re d&#8217;esth\u00e9tique automobile depuis plus de 20 ans. Il s&#8217;agit d&#8217;une entreprise familiale&hellip;","rttpg_featured_image_url":{"full":["https:\/\/www.makeitbloom.com\/wp-content\/uploads\/2025\/08\/silverwax-banner-square.png",1080,1080,false],"landscape":["https:\/\/www.makeitbloom.com\/wp-content\/uploads\/2025\/08\/silverwax-banner-square.png",1080,1080,false],"portraits":["https:\/\/www.makeitbloom.com\/wp-content\/uploads\/2025\/08\/silverwax-banner-square.png",1080,1080,false],"thumbnail":["https:\/\/www.makeitbloom.com\/wp-content\/uploads\/2025\/08\/silverwax-banner-square-150x150.png",150,150,true],"medium":["https:\/\/www.makeitbloom.com\/wp-content\/uploads\/2025\/08\/silverwax-banner-square-250x250.png",250,250,true],"large":["https:\/\/www.makeitbloom.com\/wp-content\/uploads\/2025\/08\/silverwax-banner-square-700x700.png",700,700,true],"1536x1536":["https:\/\/www.makeitbloom.com\/wp-content\/uploads\/2025\/08\/silverwax-banner-square.png",1080,1080,false],"2048x2048":["https:\/\/www.makeitbloom.com\/wp-content\/uploads\/2025\/08\/silverwax-banner-square.png",1080,1080,false],"small":["https:\/\/www.makeitbloom.com\/wp-content\/uploads\/2025\/08\/silverwax-banner-square-120x120.png",120,120,true],"custom-size":["https:\/\/www.makeitbloom.com\/wp-content\/uploads\/2025\/08\/silverwax-banner-square-700x200.png",700,200,true],"rt_custom":["https:\/\/www.makeitbloom.com\/wp-content\/uploads\/2025\/08\/silverwax-banner-square.png",1080,1080,false]},"rttpg_author":{"display_name":"Marie-Jo\u00eblle Turgeon","author_link":"https:\/\/www.makeitbloom.com\/fr\/blog\/author\/mariejoelle-turgeon\/"},"rttpg_comment":0,"rttpg_category":" <a href=\"https:\/\/www.makeitbloom.com\/fr\/blog\/category\/medias-sociaux\/\" rel=\"tag\">M\u00e9dias Sociaux<\/a>","rttpg_excerpt":"\u00c9tude de cas 3M de visionnements organiques sur TikTok en moins de 3 mois Share this: Voici Silverwax Silverwax se sp\u00e9cialise dans le d\u00e9veloppement de divers produits d&#8217;esth\u00e9tique haute performance pour tous les types de v\u00e9hicules et cr\u00e9e des solutions innovantes en mati\u00e8re d&#8217;esth\u00e9tique automobile depuis plus de 20 ans. Il s&#8217;agit d&#8217;une entreprise familiale&hellip;","_links":{"self":[{"href":"https:\/\/www.makeitbloom.com\/fr\/wp-json\/wp\/v2\/pages\/13761","targetHints":{"allow":["GET"]}}],"collection":[{"href":"https:\/\/www.makeitbloom.com\/fr\/wp-json\/wp\/v2\/pages"}],"about":[{"href":"https:\/\/www.makeitbloom.com\/fr\/wp-json\/wp\/v2\/types\/page"}],"author":[{"embeddable":true,"href":"https:\/\/www.makeitbloom.com\/fr\/wp-json\/wp\/v2\/users\/35"}],"replies":[{"embeddable":true,"href":"https:\/\/www.makeitbloom.com\/fr\/wp-json\/wp\/v2\/comments?post=13761"}],"version-history":[{"count":0,"href":"https:\/\/www.makeitbloom.com\/fr\/wp-json\/wp\/v2\/pages\/13761\/revisions"}],"up":[{"embeddable":true,"href":"https:\/\/www.makeitbloom.com\/fr\/wp-json\/wp\/v2\/pages\/1628"}],"wp:featuredmedia":[{"embeddable":true,"href":"https:\/\/www.makeitbloom.com\/fr\/wp-json\/wp\/v2\/media\/17995"}],"wp:attachment":[{"href":"https:\/\/www.makeitbloom.com\/fr\/wp-json\/wp\/v2\/media?parent=13761"}],"wp:term":[{"taxonomy":"category","embeddable":true,"href":"https:\/\/www.makeitbloom.com\/fr\/wp-json\/wp\/v2\/categories?post=13761"},{"taxonomy":"post_tag","embeddable":true,"href":"https:\/\/www.makeitbloom.com\/fr\/wp-json\/wp\/v2\/tags?post=13761"},{"taxonomy":"author","embeddable":true,"href":"https:\/\/www.makeitbloom.com\/fr\/wp-json\/wp\/v2\/coauthors?post=13761"}],"curies":[{"name":"wp","href":"https:\/\/api.w.org\/{rel}","templated":true}]}}