{"id":12970,"date":"2022-03-29T14:58:19","date_gmt":"2022-03-29T18:58:19","guid":{"rendered":"https:\/\/www.makeitbloom.com\/?page_id=12970"},"modified":"2025-12-05T10:44:07","modified_gmt":"2025-12-05T14:44:07","slug":"agence-publicite-pinterest","status":"publish","type":"page","link":"https:\/\/www.makeitbloom.com\/fr\/services\/publicite-medias-sociaux\/agence-publicite-pinterest\/","title":{"rendered":"Publicit\u00e9 Pinterest"},"content":{"rendered":"\n<section class=\"hero-banner basic v-case-studies\"><img decoding=\"async\" class=\"bg lazyload\" data-src=\"https:\/\/www.makeitbloom.com\/wp-content\/uploads\/2022\/03\/pinterest_header-scaled.jpg\" src=\"data:image\/svg+xml;base64,PHN2ZyB3aWR0aD0iMSIgaGVpZ2h0PSIxIiB4bWxucz0iaHR0cDovL3d3dy53My5vcmcvMjAwMC9zdmciPjwvc3ZnPg==\" style=\"--smush-placeholder-width: 2560px; --smush-placeholder-aspect-ratio: 2560\/1440;\">\n<div class=\"container\">\n<h1 class=\"title\">Agence de publicit\u00e9 Pinterest<\/h1>\n<h2 class=\"body subtitle\">Travaillez avec une agence de publicit\u00e9 Pinterest ax\u00e9e sur la performance.<\/h2>\n<div style=\"text-align:left \"><a class=\"btn\" href=\"https:\/\/www.makeitbloom.com\/fr\/getaproposal\/\">Obtenez une proposition<\/a><\/div>\n<br>\n<\/div>\n<\/section><a name=\"see-how\"><\/a>\n\n\n\n<section class=\"centered-intro service-intro\">\n<div class=\"container\">\n<div class=\"text\">\n<h2 class=\"left-aligned\">Inspirez votre public cible et g\u00e9n\u00e9rez des ventes avec une campagne publicitaire sur Pinterest<\/h2>\n<p dir=\"ltr\">Avec plus de 431 millions de \u00ab pinners \u00bb (utilisateurs de Pinterest) mensuellement, Pinterest est la plateforme parfaite pour faire d\u00e9couvrir votre marque, cr\u00e9ez de l\u2019engagement et g\u00e9n\u00e9rez des conversions.<\/p>\n\n<p dir=\"ltr\">Pinterest est une plateforme sociale unique, les utilisateurs y vont pour s\u2019inspirer et planifier des moments importants de leur vie (l\u2019achat d\u2019une nouvelle maison, leur mariage, leur prochain voyage, la naissance d\u2019un enfant, etc.). Comme les utilisateurs sont en mode \u00ab d\u00e9couverte \u00bb, Pinterest est la plateforme parfaite pour mettre en lumi\u00e8re votre marque et vos produits. En plus, Pinterest offre une exp\u00e9rience de magasinage en ligne unique et tr\u00e8s avanc\u00e9e.<\/p>\n\n<h3 style=\"text-align:left;\">Pinterest et le commerce \u00e9lectronique<\/h3>\n<p dir=\"ltr\">Dans notre entrevue avec Josh Barrick, gestionnaire des partenariats de Pinterest, il explique que, sur Pinterest, les consommateurs vivent une exp\u00e9rience similaire \u00e0 celle d&#8217;un achat en magasin. Les multiples fonctionnalit\u00e9s en lien avec le commerce \u00e9lectronique permettent aux utilisateurs de facilement d\u00e9couvrir de nouveaux produits et d&#8217;en faire l&#8217;achat rapidement.<\/p>\n\n<h3 style=\"text-align:left;\">L\u2019exp\u00e9rience d\u2019achat sur Pinterest<\/h3>\n<h4 style=\"text-align:left;\">Une plateforme ax\u00e9e sur les produits<\/h4>\n<p dir=\"ltr\">Sur Pinterest, les annonceurs ont la possibilit\u00e9 de cr\u00e9er un flux de produits connect\u00e9 \u00e0 leur site de commerce \u00e9lectronique. Celui-ci permet aux consommateurs de voir des centaines de millions de produits en stock sans quitter la plateforme, ce qui en facilite l\u2019achat.<\/p>\n\n<h4 style=\"text-align:left;\">Les technologies qui facilitent la d\u00e9couverte<\/h4>\n<p dir=\"ltr\">Gr\u00e2ce \u00e0 ses technologies avanc\u00e9es, Pinterest sugg\u00e8re aux utilisateurs des produits similaires, voire identiques, \u00e0 ceux pr\u00e9sent\u00e9s dans une photo. Cette fonctionnalit\u00e9, qui facilite l&#8217;exp\u00e9rience d&#8217;achat, permet \u00e9galement aux marques d&#8217;accro\u00eetre leur chance de vendre un produit.<\/p>\n\n<p dir=\"ltr\">D&#8217;ailleurs, presque toutes les recherches sur Pinterest ne sont pas li\u00e9es \u00e0 une marque en particulier, ce qui signifie que les \u00ab Pinners \u00bb recherchent rarement une marque sp\u00e9cifique, mais plut\u00f4t un produit, un service ou une id\u00e9e qui r\u00e9pond \u00e0 leurs besoins. \u00c0 partir de l\u00e0, les entreprises de toutes tailles peuvent accro\u00eetre leur notori\u00e9t\u00e9 et se faire voir aupr\u00e8s d&#8217;acheteurs potentiels.<\/p>\n\n<h4 style=\"text-align:left;\">Les diff\u00e9rentes fa\u00e7ons de magasiner<\/h4>\n<p dir=\"ltr\">Pinterest investit dans diff\u00e9rents outils qui aident les consommateurs \u00e0 passer de la d\u00e9couverte \u00e0 l\u2019achat. Les annonces shopping, les \u00ab Product Pins \u00bb, l\u2019onglet \u00ab Shop \u00bb  sont quelques-unes des <a style=\"color:#ed5434;\" href=\"https:\/\/blog.hootsuite.com\/pinterest-shopping\/\">fonctionnalit\u00e9s qui acc\u00e9l\u00e8rent et facilitent le processus d\u2019achat sur Pinterest.<\/a><\/p>\n\n<img decoding=\"async\" class=\"logo-smush lazyload\" style=\"--smush-placeholder-width: 2256px; --smush-placeholder-aspect-ratio: 2256\/1378;margin-left: auto;\n  margin-right: display:block; auto;max-width:100%;padding:0 5% 0 5%;\" data-src=\"https:\/\/www.makeitbloom.com\/wp-content\/uploads\/2022\/03\/pinterest-shopping-2.png\" src=\"data:image\/svg+xml;base64,PHN2ZyB3aWR0aD0iMSIgaGVpZ2h0PSIxIiB4bWxucz0iaHR0cDovL3d3dy53My5vcmcvMjAwMC9zdmciPjwvc3ZnPg==\">\n\n<h3 style=\"text-align:left;\">Ajouter Pinterest \u00e0 votre mix publicitaire<\/h3>\n<p dir=\"ltr\">Toutes les fonctionnalit\u00e9s mentionn\u00e9es ci-dessus font de Pinterest un incontournable quand vient le temps de faire un achat ou planifier un \u00e9v\u00e9nement. Les annonceurs ont tout \u00e0 gagner \u00e0 pr\u00e9senter leurs publicit\u00e9s sur cette plateforme.<\/p>\n\n<p dir=\"ltr\">En plus, les publicit\u00e9s sur Pinterest sont g\u00e9n\u00e9ralement bien vu par les Pinners, surtout lorsqu&#8217;elles r\u00e9pondent \u00e0 un besoin ou apportent une solution. Contrairement \u00e0 certaines autres plateformes, les publicit\u00e9s sur Pinterest ne sont pas vues comme intrusives, un avantage consid\u00e9rable pour les annonceurs.<\/p>\n\n<h3 style=\"text-align:left;\">Formats publicitaires<\/h3>\n<p dir=\"ltr\">Bien que les publicit\u00e9s doivent s\u2019aligner aux autres contenus disponibles sur la plateforme, elles ne doivent pas se fondre dans la masse. Il est crucial de se d\u00e9marquer par des visuels efficaces, car les marques ont g\u00e9n\u00e9ralement moins de deux secondes pour capter l&#8217;attention d&#8217;un utilisateur.\n\n<\/p><p dir=\"ltr\">De plus, il est important d\u2019adapter votre format publicitaire aux sp\u00e9cificit\u00e9s de Pinterest.<a style=\"color:#ed5434;\" href=\"https:\/\/www.makeitbloom.com\/fr\/blog\/16-bonnes-pratiques-a-suivre-pour-des-publicites-pinterest-efficaces\/\"> Vous pouvez d\u2019ailleurs lire nos meilleures pratiques pour cr\u00e9er des annonces effiaces sur Pinterest.<\/a><\/p>\n\n<h3 style=\"text-align:left;\">Comment Bloom peut vous aider<\/h3>\n<p dir=\"ltr\">Bloom vous aide \u00e0 planifier, mettre en place et optimiser votre prochaine campagne publicitaire sur Pinterest. Nous collaborons avec votre \u00e9quipe pour:<\/p>\n\n<ul>\n<li style=\"text-align:left\">B\u00e2tir la bonne structure de campagne<\/li>\n<li style=\"text-align:left\">Cibler l&#8217;audience appropri\u00e9e<\/li>\n<li style=\"text-align:left\">Cr\u00e9er des visuels optimis\u00e9s pour Pinterest<\/li>\n<li style=\"text-align:left\">Suivre les meilleures pratiques<\/li>\n<li style=\"text-align:left\">Analyser vos r\u00e9sultats et comprendre l\u2019impact de votre campagne<\/li>\n<\/ul>\n\n<\/div><\/div><\/section>\n\n\n\n<section class=\"wp-block-uagb-section uagb-section__wrap uagb-section__background-undefined uagb-block-a5acb91e\"><div class=\"uagb-section__overlay\"><\/div><div class=\"uagb-section__inner-wrap\">\n<section class=\"wp-block-uagb-section uagb-section__wrap uagb-section__background-undefined uagb-block-7c3a8938\"><div class=\"uagb-section__overlay\"><\/div><div class=\"uagb-section__inner-wrap\">\n<div class=\"wp-block-uagb-advanced-heading uagb-block-a4e8ab7d\"><h2 class=\"uagb-heading-text\">Gestion de campagnes<\/h2><p class=\"uagb-desc-text\"><em>Bloom collabore avec votre \u00e9quipe interne pour <strong>planifier<\/strong> et <strong>ex\u00e9cuter<\/strong> des campagnes publicitaires performantes sur Pinterest.<\/em><\/p><\/div>\n<\/div><\/section>\n\n\n\n<section class=\"wp-block-uagb-columns uagb-columns__wrap uagb-columns__background-none uagb-columns__stack-mobile uagb-columns__valign- uagb-columns__gap-10 align uagb-block-3ab18cdb uagb-columns__columns-3 uagb-columns__max_width-custom new-container\"><div class=\"uagb-columns__overlay\"><\/div><div class=\"uagb-columns__inner-wrap uagb-columns__columns-3\">\n<div class=\"wp-block-uagb-column uagb-column__wrap uagb-column__background-color uagb-block-3562d727\"><div class=\"uagb-column__overlay\"><\/div>\n<div class=\"wp-block-uagb-info-box uagb-block-b1ee9ff3 uagb-infobox__content-wrap  uagb-infobox-icon-above-title uagb-infobox-image-valign-top\"><div class=\"uagb-ifb-content\"><div class=\"uagb-ifb-image-content\"><img decoding=\"async\" data-src=\"https:\/\/www.makeitbloom.com\/wp-content\/uploads\/2021\/10\/icon-homepage-18-150x150.png\" alt=\"\" width=\"120\" height=\"120\" src=\"data:image\/svg+xml;base64,PHN2ZyB3aWR0aD0iMSIgaGVpZ2h0PSIxIiB4bWxucz0iaHR0cDovL3d3dy53My5vcmcvMjAwMC9zdmciPjwvc3ZnPg==\" class=\"lazyload\" style=\"--smush-placeholder-width: 120px; --smush-placeholder-aspect-ratio: 120\/120;\" \/><\/div><div class=\"uagb-ifb-title-wrap\"><h3 class=\"uagb-ifb-title\">Pr\u00e9-lancement<\/h3><\/div><\/div><\/div>\n\n\n\n<ul style=\"font-size:1.2em\" class=\"wp-block-list\">\n<li>Cr\u00e9ation de compte<\/li>\n\n\n\n<li>Identifier les audiences qualifi\u00e9es<\/li>\n\n\n\n<li>Concevoir des cr\u00e9ations ax\u00e9es sur la performance<\/li>\n\n\n\n<li>R\u00e9diger des textes publicitaires attrayants<\/li>\n\n\n\n<li>Cr\u00e9ation d&#8217;annonces<\/li>\n\n\n\n<li>Mise en \u0153uvre du suivi des conversions<\/li>\n<\/ul>\n<\/div>\n\n\n\n<div class=\"wp-block-uagb-column uagb-column__wrap uagb-column__background-undefined uagb-block-fb04b997\"><div class=\"uagb-column__overlay\"><\/div>\n<div class=\"wp-block-uagb-info-box uagb-block-67a5c14e uagb-infobox__content-wrap  uagb-infobox-icon-above-title uagb-infobox-image-valign-top\"><div class=\"uagb-ifb-content\"><div class=\"uagb-ifb-image-content\"><img decoding=\"async\" data-src=\"https:\/\/www.makeitbloom.com\/wp-content\/uploads\/2021\/10\/icon-homepage-09-150x150.png\" alt=\"\" width=\"120\" height=\"120\" src=\"data:image\/svg+xml;base64,PHN2ZyB3aWR0aD0iMSIgaGVpZ2h0PSIxIiB4bWxucz0iaHR0cDovL3d3dy53My5vcmcvMjAwMC9zdmciPjwvc3ZnPg==\" class=\"lazyload\" style=\"--smush-placeholder-width: 120px; --smush-placeholder-aspect-ratio: 120\/120;\" \/><\/div><div class=\"uagb-ifb-title-wrap\"><h3 class=\"uagb-ifb-title\">Lancement<\/h3><\/div><\/div><\/div>\n\n\n\n<ul style=\"font-size:1.2em\" class=\"wp-block-list\">\n<li>R\u00e9affectation du budget<\/li>\n\n\n\n<li>Tests A\/B<\/li>\n\n\n\n<li>Optimisation bas\u00e9e sur les donn\u00e9es<\/li>\n<\/ul>\n\n\n\n<p><\/p>\n<\/div>\n\n\n\n<div class=\"wp-block-uagb-column uagb-column__wrap uagb-column__background-undefined uagb-block-e946d4e9\"><div class=\"uagb-column__overlay\"><\/div>\n<div class=\"wp-block-uagb-info-box uagb-block-ffcdc732 uagb-infobox__content-wrap  uagb-infobox-icon-above-title uagb-infobox-image-valign-top\"><div class=\"uagb-ifb-content\"><div class=\"uagb-ifb-image-content\"><img decoding=\"async\" data-src=\"https:\/\/www.makeitbloom.com\/wp-content\/uploads\/2021\/09\/career-icon-1-04-150x150.png\" alt=\"\" width=\"120\" height=\"120\" src=\"data:image\/svg+xml;base64,PHN2ZyB3aWR0aD0iMSIgaGVpZ2h0PSIxIiB4bWxucz0iaHR0cDovL3d3dy53My5vcmcvMjAwMC9zdmciPjwvc3ZnPg==\" class=\"lazyload\" style=\"--smush-placeholder-width: 120px; --smush-placeholder-aspect-ratio: 120\/120;\" \/><\/div><div class=\"uagb-ifb-title-wrap\"><h3 class=\"uagb-ifb-title\">Post-lancement<\/h3><\/div><\/div><\/div>\n\n\n\n<ul style=\"font-size:1.2em\" class=\"wp-block-list\">\n<li>Cr\u00e9er un rapport<\/li>\n\n\n\n<li>Documenter les r\u00e9sultats<\/li>\n\n\n\n<li>Analyse et perspectives<\/li>\n\n\n\n<li>Recommandations<\/li>\n<\/ul>\n<\/div>\n<\/div><\/section>\n\n\n\n<section class=\"wp-block-uagb-section uagb-section__wrap uagb-section__background-color uagb-block-38e4fa8b\"><div class=\"uagb-section__overlay\"><\/div><div class=\"uagb-section__inner-wrap\">\n<section class=\"wp-block-uagb-columns uagb-columns__wrap uagb-columns__background-color uagb-columns__stack-mobile uagb-columns__valign- uagb-columns__gap-20 align uagb-block-44b88d19 uagb-columns__columns-2 uagb-columns__max_width-custom new-wide-container\"><div class=\"uagb-columns__overlay\"><\/div><div class=\"uagb-columns__inner-wrap uagb-columns__columns-2\">\n<div class=\"wp-block-uagb-column uagb-column__wrap uagb-column__background-undefined uagb-block-c6cd4d48 photo-horizontal\"><div class=\"uagb-column__overlay\"><\/div>\n<img decoding=\"async\" class=\"logo-smush lazyload\" style=\"--smush-placeholder-width: 4544px; --smush-placeholder-aspect-ratio: 4544\/3788;margin-left: auto;\n  margin-right: display:block; auto;max-width:100%;padding:0 5% 0 5%;\" data-src=\"https:\/\/www.makeitbloom.com\/wp-content\/uploads\/2022\/03\/pinterest-lady.png\" src=\"data:image\/svg+xml;base64,PHN2ZyB3aWR0aD0iMSIgaGVpZ2h0PSIxIiB4bWxucz0iaHR0cDovL3d3dy53My5vcmcvMjAwMC9zdmciPjwvc3ZnPg==\">\n<\/div>\n\n\n\n<div class=\"wp-block-uagb-column uagb-column__wrap uagb-column__background-undefined uagb-block-19f4d6ba\"><div class=\"uagb-column__overlay\"><\/div>\n<div class=\"wp-block-uagb-advanced-heading uagb-block-06314823\"><h2 class=\"uagb-heading-text\"><strong>Faites confiance \u00e0 notre \u00e9quipe d&#8217;experts en publicit\u00e9 sur Pinterest<\/strong><\/h2><\/div>\n\n\n\n<section class=\"wp-block-uagb-section uagb-section__wrap uagb-section__background-color uagb-block-8f212bdc\"><div class=\"uagb-section__overlay\"><\/div><div class=\"uagb-section__inner-wrap\">\n<ul style=\"font-size:2em\" class=\"wp-block-list checks\">\n<li>Travaillez avec des sp\u00e9cialistes bilingues, exp\u00e9riment\u00e9s dans la croissance locale, nationale et internationale.<\/li>\n\n\n\n<li>B\u00e9n\u00e9ficiez de notre relation solide avec Pinterest: ligne de communication directe avec notre \u00e9quipe Pinterest attitr\u00e9e, support personnalis\u00e9, acc\u00e8s aux nouvelles fonctionnalit\u00e9s, etc.<\/li>\n\n\n\n<li>Profitez de notre vaste exp\u00e9rience en mati\u00e8re de commerce \u00e9lectronique pour de multiples secteurs, notamment la mode, les bijoux, les cosm\u00e9tiques et autres.<\/li>\n<\/ul>\n<\/div><\/section>\n\n\n\n<a class=\"btn\" href=\"https:\/\/www.makeitbloom.com\/fr\/getaproposal\/\">Obtenez une proposition<\/a>\n\n\n\n<div style=\"height:20px\" aria-hidden=\"true\" class=\"wp-block-spacer\"><\/div>\n<\/div>\n<\/div><\/section>\n<\/div><\/section>\n<\/div><\/section>\n\n\n\n<section class=\"wp-block-uagb-section uagb-section__wrap uagb-section__background-color uagb-block-98ae6d1d\"><div class=\"uagb-section__overlay\"><\/div><div class=\"uagb-section__inner-wrap\">\n<section class=\"wp-block-uagb-section uagb-section__wrap uagb-section__background-undefined uagb-block-a85b07cb new-wide-container\"><div class=\"uagb-section__overlay\"><\/div><div class=\"uagb-section__inner-wrap\">\n<div class=\"wp-block-uagb-advanced-heading uagb-block-17e5b284\"><h2 class=\"uagb-heading-text\"><strong>Foire aux questions<\/strong><\/h2><div class=\"uagb-separator\"><\/div><\/div>\n\n\n\n<div style=\"height:20px\" aria-hidden=\"true\" class=\"wp-block-spacer\"><\/div>\n\n\n<div class=\"wp-block-uagb-faq uagb-faq__outer-wrap uagb-block-e52673fe uagb-faq-icon-row uagb-faq-layout-accordion uagb-faq-expand-first-false uagb-faq-inactive-other-true uagb-faq__wrap uagb-buttons-layout-wrap uagb-faq-equal-height     orange-link\" data-faqtoggle=\"true\" role=\"tablist\"><div class=\"wp-block-uagb-faq-child uagb-faq-child__outer-wrap uagb-faq-item uagb-block-5061a429 wp-block-uagb-faq-child uagb-faq-child__outer-wrap uagb-block-5061a429\" role=\"tab\" tabindex=\"0\"><div class=\"uagb-faq-questions-button uagb-faq-questions\">\t\t\t<span class=\"uagb-icon uagb-faq-icon-wrap\">\n\t\t\t\t\t\t\t\t<svg xmlns=\"https:\/\/www.w3.org\/2000\/svg\" viewBox= \"0 0 448 512\"><path d=\"M432 256c0 17.69-14.33 32.01-32 32.01H256v144c0 17.69-14.33 31.99-32 31.99s-32-14.3-32-31.99v-144H48c-17.67 0-32-14.32-32-32.01s14.33-31.99 32-31.99H192v-144c0-17.69 14.33-32.01 32-32.01s32 14.32 32 32.01v144h144C417.7 224 432 238.3 432 256z\"><\/path><\/svg>\n\t\t\t\t\t\t\t<\/span>\n\t\t\t\t\t\t<span class=\"uagb-icon-active uagb-faq-icon-wrap\">\n\t\t\t\t\t\t\t\t<svg xmlns=\"https:\/\/www.w3.org\/2000\/svg\" viewBox= \"0 0 448 512\"><path d=\"M400 288h-352c-17.69 0-32-14.32-32-32.01s14.31-31.99 32-31.99h352c17.69 0 32 14.3 32 31.99S417.7 288 400 288z\"><\/path><\/svg>\n\t\t\t\t\t\t\t<\/span>\n\t\t\t<span class=\"uagb-question\">Quelle est votre exp\u00e9rience en gestion de campagnes publicitaires sur Pinterest?<\/span><\/div><div class=\"uagb-faq-content\"><p>Depuis plusieurs ann\u00e9es, Bloom g\u00e8re avec succ\u00e8s des campagnes publicitaires sur Pinterest pour g\u00e9n\u00e9rer des ventes pour plusieurs entreprises de commerce \u00e9lectronique, et ce dans diverses cat\u00e9gories: mode, alimentation, d\u00e9cor et r\u00e9novation, immobilier, tourisme, etc.<\/p><\/div><\/div><div class=\"wp-block-uagb-faq-child uagb-faq-child__outer-wrap uagb-faq-item uagb-block-2eb7e27a wp-block-uagb-faq-child uagb-faq-child__outer-wrap uagb-block-2eb7e27a\" role=\"tab\" tabindex=\"0\"><div class=\"uagb-faq-questions-button uagb-faq-questions\">\t\t\t<span class=\"uagb-icon uagb-faq-icon-wrap\">\n\t\t\t\t\t\t\t\t<svg xmlns=\"https:\/\/www.w3.org\/2000\/svg\" viewBox= \"0 0 448 512\"><path d=\"M432 256c0 17.69-14.33 32.01-32 32.01H256v144c0 17.69-14.33 31.99-32 31.99s-32-14.3-32-31.99v-144H48c-17.67 0-32-14.32-32-32.01s14.33-31.99 32-31.99H192v-144c0-17.69 14.33-32.01 32-32.01s32 14.32 32 32.01v144h144C417.7 224 432 238.3 432 256z\"><\/path><\/svg>\n\t\t\t\t\t\t\t<\/span>\n\t\t\t\t\t\t<span class=\"uagb-icon-active uagb-faq-icon-wrap\">\n\t\t\t\t\t\t\t\t<svg xmlns=\"https:\/\/www.w3.org\/2000\/svg\" viewBox= \"0 0 448 512\"><path d=\"M400 288h-352c-17.69 0-32-14.32-32-32.01s14.31-31.99 32-31.99h352c17.69 0 32 14.3 32 31.99S417.7 288 400 288z\"><\/path><\/svg>\n\t\t\t\t\t\t\t<\/span>\n\t\t\t<span class=\"uagb-question\">Pourquoi choisir Bloom comme agence Pinterest?<\/span><\/div><div class=\"uagb-faq-content\"><p>Nos 15 ann\u00e9es d&#8217;exp\u00e9rience en tant qu&#8217;agence de m\u00e9dias num\u00e9riques nous ont permis d&#8217;accumuler de nombreuses connaissances en mati\u00e8re de planification des m\u00e9dias, de ciblage et de cr\u00e9ation de contenu. Nous avons \u00e9galement b\u00e2ti une relation solide avec l&#8217;\u00e9quipe m\u00e9dia chez Pinterest, nous sommes en communications fr\u00e9quemment avec les repr\u00e9sentants chez Pinterest pour \u00eatre certains de suivre les tendances et offrir la meilleure performance possible.<br><br>Finalement, comme nous sommes une agence ind\u00e9pendante sans structure hi\u00e9rarchique lourde, nous sommes en mesure de rester flexible et d&#8217;adapter notre approche aux nouvelles meilleures pratiques et aux d\u00e9fis du secteur.<\/p><\/div><\/div><div class=\"wp-block-uagb-faq-child uagb-faq-child__outer-wrap uagb-faq-item uagb-block-508c2a12 wp-block-uagb-faq-child uagb-faq-child__outer-wrap uagb-block-508c2a12\" role=\"tab\" tabindex=\"0\"><div class=\"uagb-faq-questions-button uagb-faq-questions\">\t\t\t<span class=\"uagb-icon uagb-faq-icon-wrap\">\n\t\t\t\t\t\t\t\t<svg xmlns=\"https:\/\/www.w3.org\/2000\/svg\" viewBox= \"0 0 448 512\"><path d=\"M432 256c0 17.69-14.33 32.01-32 32.01H256v144c0 17.69-14.33 31.99-32 31.99s-32-14.3-32-31.99v-144H48c-17.67 0-32-14.32-32-32.01s14.33-31.99 32-31.99H192v-144c0-17.69 14.33-32.01 32-32.01s32 14.32 32 32.01v144h144C417.7 224 432 238.3 432 256z\"><\/path><\/svg>\n\t\t\t\t\t\t\t<\/span>\n\t\t\t\t\t\t<span class=\"uagb-icon-active uagb-faq-icon-wrap\">\n\t\t\t\t\t\t\t\t<svg xmlns=\"https:\/\/www.w3.org\/2000\/svg\" viewBox= \"0 0 448 512\"><path d=\"M400 288h-352c-17.69 0-32-14.32-32-32.01s14.31-31.99 32-31.99h352c17.69 0 32 14.3 32 31.99S417.7 288 400 288z\"><\/path><\/svg>\n\t\t\t\t\t\t\t<\/span>\n\t\t\t<span class=\"uagb-question\">Combien co\u00fbtent vos services de gestion des publicit\u00e9s Pinterest?<\/span><\/div><div class=\"uagb-faq-content\"><p>Parce qu&#8217;aucun projet de marketing num\u00e9rique n&#8217;est le m\u00eame, nos devis sont faits sur mesure pour r\u00e9pondre aux besoins de nos clients. Remplissez ce <a href=\"https:\/\/www.makeitbloom.com\/fr\/getaproposal\/\">formulaire<\/a> rapide pour obtenir votre proposition personnalis\u00e9e.<\/p><\/div><\/div><div class=\"wp-block-uagb-faq-child uagb-faq-child__outer-wrap uagb-faq-item uagb-block-1efc1c73 wp-block-uagb-faq-child uagb-faq-child__outer-wrap uagb-block-1efc1c73\" role=\"tab\" tabindex=\"0\"><div class=\"uagb-faq-questions-button uagb-faq-questions\">\t\t\t<span class=\"uagb-icon uagb-faq-icon-wrap\">\n\t\t\t\t\t\t\t\t<svg xmlns=\"https:\/\/www.w3.org\/2000\/svg\" viewBox= \"0 0 448 512\"><path d=\"M432 256c0 17.69-14.33 32.01-32 32.01H256v144c0 17.69-14.33 31.99-32 31.99s-32-14.3-32-31.99v-144H48c-17.67 0-32-14.32-32-32.01s14.33-31.99 32-31.99H192v-144c0-17.69 14.33-32.01 32-32.01s32 14.32 32 32.01v144h144C417.7 224 432 238.3 432 256z\"><\/path><\/svg>\n\t\t\t\t\t\t\t<\/span>\n\t\t\t\t\t\t<span class=\"uagb-icon-active uagb-faq-icon-wrap\">\n\t\t\t\t\t\t\t\t<svg xmlns=\"https:\/\/www.w3.org\/2000\/svg\" viewBox= \"0 0 448 512\"><path d=\"M400 288h-352c-17.69 0-32-14.32-32-32.01s14.31-31.99 32-31.99h352c17.69 0 32 14.3 32 31.99S417.7 288 400 288z\"><\/path><\/svg>\n\t\t\t\t\t\t\t<\/span>\n\t\t\t<span class=\"uagb-question\">Par o\u00f9 commencer?<\/span><\/div><div class=\"uagb-faq-content\"><p>C&#8217;est super simple! Vous pouvez soit remplir ce <a href=\"https:\/\/www.makeitbloom.com\/fr\/getaproposal\/\">formulaire<\/a>, soit nous contacter \u00e0 l&#8217;adresse <a>grow@makeitbloom.com<\/a>. Un membre de notre \u00e9quipe vous contactera d\u00e8s que possible pour en apprendre plus sur votre projet et planifier une premi\u00e8re rencontre exploratoire.<\/p><\/div><\/div><\/div>\n\n\n<section class=\"wp-block-uagb-section uagb-section__wrap uagb-section__background-color uagb-block-272fda1e\"><div class=\"uagb-section__overlay\"><\/div><div class=\"uagb-section__inner-wrap\">\n<section class=\"wp-block-uagb-section uagb-section__wrap uagb-section__background-none uagb-block-01eafab4\"><div class=\"uagb-section__overlay\"><\/div><div class=\"uagb-section__inner-wrap\">\n<section class=\"wp-block-uagb-section uagb-section__wrap uagb-section__background-undefined uagb-block-2a914dc0\"><div class=\"uagb-section__overlay\"><\/div><div class=\"uagb-section__inner-wrap\">\n<p class=\"has-text-align-center has-white-color has-text-color has-large-font-size\"><em><em><em><em><em><em>Laissez nos experts planifier et ex\u00e9cuter vos campagnes sur Pinterest<\/em><\/em> <\/em><\/em><\/em><\/em><\/p>\n\n\n\n<div class=\"wp-block-buttons is-layout-flex wp-block-buttons-is-layout-flex\">\n<div class=\"wp-block-button aligncenter contact-btn\"><a class=\"wp-block-button__link wp-element-button\" href=\"https:\/\/www.makeitbloom.com\/fr\/getaproposal\/\" rel=\"\">OBTENEZ UNE PROPOSITION<\/a><\/div>\n<\/div>\n<\/div><\/section>\n<\/div><\/section>\n\n\n\n<div style=\"height:100px\" aria-hidden=\"true\" class=\"wp-block-spacer\"><\/div>\n<\/div><\/section>\n<\/div><\/section>\n\n\n\n<p><\/p>\n<\/div><\/section>\n","protected":false},"excerpt":{"rendered":"Agence de publicit\u00e9 Pinterest Travaillez avec une agence de publicit\u00e9 Pinterest ax\u00e9e sur la performance. Obtenez une proposition Inspirez votre public cible et g\u00e9n\u00e9rez des ventes avec une campagne publicitaire sur Pinterest Avec plus de 431 millions de \u00ab pinners \u00bb (utilisateurs de Pinterest) mensuellement, Pinterest est la plateforme parfaite pour faire d\u00e9couvrir votre marque,&hellip;","protected":false},"author":35,"featured_media":0,"parent":16763,"menu_order":1,"comment_status":"closed","ping_status":"closed","template":"service.php","meta":{"inline_featured_image":false,"_uag_custom_page_level_css":"","footnotes":""},"categories":[],"tags":[],"coauthors":[],"class_list":["post-12970","page","type-page","status-publish","hentry"],"aioseo_notices":[],"uagb_featured_image_src":{"full":false,"thumbnail":false,"medium":false,"medium_large":false,"large":false,"1536x1536":false,"2048x2048":false,"small":false,"custom-size":false},"uagb_author_info":{"display_name":"Marie-Jo\u00eblle Turgeon","author_link":"https:\/\/www.makeitbloom.com\/fr\/blog\/author\/mariejoelle-turgeon\/"},"uagb_comment_info":0,"uagb_excerpt":"Agence de publicit\u00e9 Pinterest Travaillez avec une agence de publicit\u00e9 Pinterest ax\u00e9e sur la performance. Obtenez une proposition Inspirez votre public cible et g\u00e9n\u00e9rez des ventes avec une campagne publicitaire sur Pinterest Avec plus de 431 millions de \u00ab pinners \u00bb (utilisateurs de Pinterest) mensuellement, Pinterest est la plateforme parfaite pour faire d\u00e9couvrir votre marque,&hellip;","rttpg_featured_image_url":null,"rttpg_author":{"display_name":"Marie-Jo\u00eblle Turgeon","author_link":"https:\/\/www.makeitbloom.com\/fr\/blog\/author\/mariejoelle-turgeon\/"},"rttpg_comment":0,"rttpg_category":false,"rttpg_excerpt":"Agence de publicit\u00e9 Pinterest Travaillez avec une agence de publicit\u00e9 Pinterest ax\u00e9e sur la performance. Obtenez une proposition Inspirez votre public cible et g\u00e9n\u00e9rez des ventes avec une campagne publicitaire sur Pinterest Avec plus de 431 millions de \u00ab pinners \u00bb (utilisateurs de Pinterest) mensuellement, Pinterest est la plateforme parfaite pour faire d\u00e9couvrir votre marque,&hellip;","_links":{"self":[{"href":"https:\/\/www.makeitbloom.com\/fr\/wp-json\/wp\/v2\/pages\/12970","targetHints":{"allow":["GET"]}}],"collection":[{"href":"https:\/\/www.makeitbloom.com\/fr\/wp-json\/wp\/v2\/pages"}],"about":[{"href":"https:\/\/www.makeitbloom.com\/fr\/wp-json\/wp\/v2\/types\/page"}],"author":[{"embeddable":true,"href":"https:\/\/www.makeitbloom.com\/fr\/wp-json\/wp\/v2\/users\/35"}],"replies":[{"embeddable":true,"href":"https:\/\/www.makeitbloom.com\/fr\/wp-json\/wp\/v2\/comments?post=12970"}],"version-history":[{"count":0,"href":"https:\/\/www.makeitbloom.com\/fr\/wp-json\/wp\/v2\/pages\/12970\/revisions"}],"up":[{"embeddable":true,"href":"https:\/\/www.makeitbloom.com\/fr\/wp-json\/wp\/v2\/pages\/16763"}],"wp:attachment":[{"href":"https:\/\/www.makeitbloom.com\/fr\/wp-json\/wp\/v2\/media?parent=12970"}],"wp:term":[{"taxonomy":"category","embeddable":true,"href":"https:\/\/www.makeitbloom.com\/fr\/wp-json\/wp\/v2\/categories?post=12970"},{"taxonomy":"post_tag","embeddable":true,"href":"https:\/\/www.makeitbloom.com\/fr\/wp-json\/wp\/v2\/tags?post=12970"},{"taxonomy":"author","embeddable":true,"href":"https:\/\/www.makeitbloom.com\/fr\/wp-json\/wp\/v2\/coauthors?post=12970"}],"curies":[{"name":"wp","href":"https:\/\/api.w.org\/{rel}","templated":true}]}}