{"id":12842,"date":"2022-03-15T13:01:04","date_gmt":"2022-03-15T17:01:04","guid":{"rendered":"https:\/\/www.makeitbloom.com\/?page_id=12842"},"modified":"2025-12-05T10:48:58","modified_gmt":"2025-12-05T14:48:58","slug":"agence-publicite-tiktok","status":"publish","type":"page","link":"https:\/\/www.makeitbloom.com\/fr\/services\/publicite-medias-sociaux\/agence-publicite-tiktok\/","title":{"rendered":"Publicit\u00e9 TikTok"},"content":{"rendered":"\n<section class=\"hero-banner basic v-case-studies\"><img decoding=\"async\" class=\"bg lazyload\" data-src=\"https:\/\/www.makeitbloom.com\/wp-content\/uploads\/2022\/03\/tiktok-scaled.jpg\" src=\"data:image\/svg+xml;base64,PHN2ZyB3aWR0aD0iMSIgaGVpZ2h0PSIxIiB4bWxucz0iaHR0cDovL3d3dy53My5vcmcvMjAwMC9zdmciPjwvc3ZnPg==\" style=\"--smush-placeholder-width: 2560px; --smush-placeholder-aspect-ratio: 2560\/1087;\">\n<div class=\"container\">\n<h1 class=\"title\">Agence de publicit\u00e9 TikTok<\/h1>\n<h2 class=\"body subtitle\">Travaillez avec une agence de performance <br>sp\u00e9cialis\u00e9e en publicit\u00e9 sur TikTok<\/h2>\n<div style=\"text-align:left \"><a class=\"btn\" href=\"https:\/\/www.makeitbloom.com\/fr\/getaproposal\/\">Obtenez une proposition<\/a><\/div>\n<br>\n<p style=\"font-size:1.4em; font-family:pt serif;\"> \u2192 Pour une strat\u00e9gie de contenu organique sur TikTok <a style=\"color:#ed5434;font-style: italic;text-decoration:none;\" href=\"https:\/\/www.makeitbloom.com\/fr\/services\/agence-gestion-communaute-et-medias-sociaux\/\">cliquez ici.<\/a><\/p>\n<\/div>\n<\/section><a name=\"see-how\"><\/a>\n\n\n\n<section class=\"centered-intro service-intro\">\n<div class=\"container\">\n<div class=\"text\">\n<h2 class=\"left-aligned\">Tirez parti de la plateforme sociale en plein essor, TikTok.<\/h2>\n<p dir=\"ltr\">Comme TikTok est une plateforme plut\u00f4t r\u00e9cente et qu\u2019elle a ses propres moeurs et particularit\u00e9s, certaines entreprises sont r\u00e9ticentes d&#8217;y lancer une campagne publicitaire. Cela dit, TikTok peut \u00eatre une plateforme de choix pour v\u00e9hiculer votre message et rejoindre votre public cible. En effet, TikTok est consid\u00e9r\u00e9e comme l&#8217;\u00e9toile montante des m\u00e9dias sociaux et devrait <a style=\"color:#ed5434;\" href=\"https:\/\/datareportal.com\/reports\/digital-2020-global-digital-overview\">devenir la prochaine grande plateforme<\/a>, car elle g\u00e9n\u00e8re plus d\u2019engouement que ces plus grands comp\u00e9titeurs, Facebook et Instagram.<\/p>\n\n<p dir=\"ltr\">En plus, le contenu offert sur TikTok n\u2019attire plus que la G\u00e9n\u00e9ration Z, les mill\u00e9niaux y sont aussi tr\u00e8s pr\u00e9sents (<a style=\"color:#ed5434;\" href=\"https:\/\/www.statista.com\/statistics\/1095186\/tiktok-us-users-age\/\">37,5 % d&#8217;utilisateurs de plus de 30 ans<\/a>). De grandes marques comme Nike et Gucci ont rapidement compris l\u2019impact que peuvent avoir des efforts marketing sur TikTok et elles se sont rapidement tourn\u00e9es vers la plateforme. <\/p>\n\n<p dir=\"ltr\">D&#8217;ailleurs, <a style=\"color:#ed5434;\" href=\"https:\/\/www.makeitbloom.com\/fr\/blog\/tiktok-pour-les-entreprises-histoire-a-succes-de-the-silk-labs\/\">d\u00e9couvrez comment Jenna Labiak<\/a>, fondatrice de Silk Labs, a rapidement obtenu plus de 100 000 abonn\u00e9s et 3,4 millions de likes sur TikTok.<\/p>\n\n<h3 style=\"text-align: left; letter-spacing: -1px;\">Mettre en place une campagne publicitaire sur TikTok<\/h3>\n\n<p dir=\"ltr\">Il n\u2019est pas n\u00e9cessaire d\u2019investir des millions de dollars dans votre strat\u00e9gie publicitaire sur TikTok, mais celle-ci devrait reposer sur un bon objectif, un bon ciblage, un visuel accrocheur et des optimisations continues. Bloom comprend les particularit\u00e9s de la plateforme et peut vous accompagner dans la mise en place et l&#8217;ex\u00e9cution de votre prochaine campagne publicitaire sur TikTok.<\/p>\n\n<p dir=\"ltr\">En testant les opportunit\u00e9s, en optimisant les campagnes, en mesurant les r\u00e9sultats et en suivant les meilleures pratiques, nous fournissons une strat\u00e9gie sociale solide et la meilleure performance possible. Nos sp\u00e9cialistes des m\u00e9dias sociaux veillent \u00e0 ce que vos objectifs soient atteints, que vous cherchiez \u00e0 cro\u00eetre votre notori\u00e9t\u00e9, vos conversions, ou les deux.\n<\/p>\n\n\n<\/div>\n<\/div>\n<\/section>\n\n\n\n<section class=\"wp-block-uagb-section uagb-section__wrap uagb-section__background-undefined uagb-block-4825a4c9\"><div class=\"uagb-section__overlay\"><\/div><div class=\"uagb-section__inner-wrap\">\n<section class=\"wp-block-uagb-section uagb-section__wrap uagb-section__background-undefined uagb-block-6d035c97\"><div class=\"uagb-section__overlay\"><\/div><div class=\"uagb-section__inner-wrap\">\n<div class=\"wp-block-uagb-advanced-heading uagb-block-01646ac9\"><h2 class=\"uagb-heading-text\">La gestion de campagne sur TikTok<\/h2><p class=\"uagb-desc-text\"><em>Des publicit\u00e9s \u00ab In-Feed \u00bb au \u00ab Brand Takeover \u00bb, <\/em><br><em>Bloom collabore avec votre \u00e9quipe interne et <\/em><br><em>les repr\u00e9sentants de TikTok pour livrer les meilleurs r\u00e9sultats.<\/em><\/p><\/div>\n<\/div><\/section>\n\n\n\n<section class=\"wp-block-uagb-columns uagb-columns__wrap uagb-columns__background-none uagb-columns__stack-mobile uagb-columns__valign- uagb-columns__gap-10 align uagb-block-ad9b28d8 uagb-columns__columns-3 uagb-columns__max_width-custom new-container\"><div class=\"uagb-columns__overlay\"><\/div><div class=\"uagb-columns__inner-wrap uagb-columns__columns-3\">\n<div class=\"wp-block-uagb-column uagb-column__wrap uagb-column__background-color uagb-block-8ed5eacd\"><div class=\"uagb-column__overlay\"><\/div>\n<div class=\"wp-block-uagb-info-box uagb-block-8f38867d uagb-infobox__content-wrap  uagb-infobox-icon-above-title uagb-infobox-image-valign-top\"><div class=\"uagb-ifb-content\"><div class=\"uagb-ifb-image-content\"><img decoding=\"async\" data-src=\"https:\/\/www.makeitbloom.com\/wp-content\/uploads\/2021\/10\/icon-homepage-18-150x150.png\" alt=\"\" width=\"120\" height=\"120\" src=\"data:image\/svg+xml;base64,PHN2ZyB3aWR0aD0iMSIgaGVpZ2h0PSIxIiB4bWxucz0iaHR0cDovL3d3dy53My5vcmcvMjAwMC9zdmciPjwvc3ZnPg==\" class=\"lazyload\" style=\"--smush-placeholder-width: 120px; --smush-placeholder-aspect-ratio: 120\/120;\" \/><\/div><div class=\"uagb-ifb-title-wrap\"><h3 class=\"uagb-ifb-title\">Avant la campagne<\/h3><\/div><\/div><\/div>\n\n\n\n<ul style=\"font-size:1.2em\" class=\"wp-block-list\">\n<li>Cr\u00e9ation de visuels pens\u00e9s pour le num\u00e9rique<\/li>\n\n\n\n<li>\u00c9laboration d&#8217;un plan strat\u00e9gique<\/li>\n\n\n\n<li>\u00c9criture des annonces<\/li>\n\n\n\n<li>Impl\u00e9mentation du suivi des conversions<\/li>\n\n\n\n<li>Mise en place de la structure du compte publicitaire<\/li>\n\n\n\n<li>Cr\u00e9ation des annonces<\/li>\n<\/ul>\n<\/div>\n\n\n\n<div class=\"wp-block-uagb-column uagb-column__wrap uagb-column__background-undefined uagb-block-9dd4eeeb\"><div class=\"uagb-column__overlay\"><\/div>\n<div class=\"wp-block-uagb-info-box uagb-block-9f7959ad uagb-infobox__content-wrap  uagb-infobox-icon-above-title uagb-infobox-image-valign-top\"><div class=\"uagb-ifb-content\"><div class=\"uagb-ifb-image-content\"><img decoding=\"async\" data-src=\"https:\/\/www.makeitbloom.com\/wp-content\/uploads\/2021\/10\/icon-homepage-09-150x150.png\" alt=\"\" width=\"120\" height=\"120\" src=\"data:image\/svg+xml;base64,PHN2ZyB3aWR0aD0iMSIgaGVpZ2h0PSIxIiB4bWxucz0iaHR0cDovL3d3dy53My5vcmcvMjAwMC9zdmciPjwvc3ZnPg==\" class=\"lazyload\" style=\"--smush-placeholder-width: 120px; --smush-placeholder-aspect-ratio: 120\/120;\" \/><\/div><div class=\"uagb-ifb-title-wrap\"><h3 class=\"uagb-ifb-title\">Durant la campagne<\/h3><\/div><\/div><\/div>\n\n\n\n<ul style=\"font-size:1.2em\" class=\"wp-block-list\">\n<li>R\u00e9allocation budgetaire<\/li>\n\n\n\n<li>Test A\/B<\/li>\n\n\n\n<li>Optimisations selon la performance<\/li>\n<\/ul>\n\n\n\n<p><\/p>\n<\/div>\n\n\n\n<div class=\"wp-block-uagb-column uagb-column__wrap uagb-column__background-undefined uagb-block-8f43153d\"><div class=\"uagb-column__overlay\"><\/div>\n<div class=\"wp-block-uagb-info-box uagb-block-e52b176f uagb-infobox__content-wrap  uagb-infobox-icon-above-title uagb-infobox-image-valign-top\"><div class=\"uagb-ifb-content\"><div class=\"uagb-ifb-image-content\"><img decoding=\"async\" data-src=\"https:\/\/www.makeitbloom.com\/wp-content\/uploads\/2021\/09\/career-icon-1-04-150x150.png\" alt=\"\" width=\"120\" height=\"120\" src=\"data:image\/svg+xml;base64,PHN2ZyB3aWR0aD0iMSIgaGVpZ2h0PSIxIiB4bWxucz0iaHR0cDovL3d3dy53My5vcmcvMjAwMC9zdmciPjwvc3ZnPg==\" class=\"lazyload\" style=\"--smush-placeholder-width: 120px; --smush-placeholder-aspect-ratio: 120\/120;\" \/><\/div><div class=\"uagb-ifb-title-wrap\"><h3 class=\"uagb-ifb-title\">Apr\u00e8s la campagne<\/h3><\/div><\/div><\/div>\n\n\n\n<ul style=\"font-size:1.2em\" class=\"wp-block-list\">\n<li>Cr\u00e9ation de rapports<\/li>\n\n\n\n<li>Analyse des donn\u00e9es<\/li>\n\n\n\n<li>Documentation des analyses<\/li>\n\n\n\n<li>Recommandations<\/li>\n<\/ul>\n<\/div>\n<\/div><\/section>\n<\/div><\/section>\n\n\n\n<section class=\"wp-block-uagb-section uagb-section__wrap uagb-section__background-color uagb-block-8343d6e0\"><div class=\"uagb-section__overlay\"><\/div><div class=\"uagb-section__inner-wrap\">\n<section class=\"wp-block-uagb-columns uagb-columns__wrap uagb-columns__background-color uagb-columns__stack-mobile uagb-columns__valign- uagb-columns__gap-20 align uagb-block-693a8eed uagb-columns__columns-2 uagb-columns__max_width-custom new-wide-container\"><div class=\"uagb-columns__overlay\"><\/div><div class=\"uagb-columns__inner-wrap uagb-columns__columns-2\">\n<div class=\"wp-block-uagb-column uagb-column__wrap uagb-column__background-undefined uagb-block-7b0e1547 photo-horizontal\"><div class=\"uagb-column__overlay\"><\/div>\n<img decoding=\"async\" class=\"logo-smush lazyload\" style=\"--smush-placeholder-width: 1615px; --smush-placeholder-aspect-ratio: 1615\/1488;margin-left: auto;\n  margin-right: display:block; auto;max-width:100%;padding:0 5% 0 5%;\" data-src=\"https:\/\/www.makeitbloom.com\/wp-content\/uploads\/2022\/03\/tiktokphones-1-1.png\" src=\"data:image\/svg+xml;base64,PHN2ZyB3aWR0aD0iMSIgaGVpZ2h0PSIxIiB4bWxucz0iaHR0cDovL3d3dy53My5vcmcvMjAwMC9zdmciPjwvc3ZnPg==\">\n<\/div>\n\n\n\n<div class=\"wp-block-uagb-column uagb-column__wrap uagb-column__background-undefined uagb-block-67359bab\"><div class=\"uagb-column__overlay\"><\/div>\n<div class=\"wp-block-uagb-advanced-heading uagb-block-d546dddb\"><h2 class=\"uagb-heading-text\">Diff\u00e9renciez votre marque gr\u00e2ce \u00e0 une solide strat\u00e9gie publicitaire sur TikTok<\/h2><\/div>\n\n\n\n<section class=\"wp-block-uagb-section uagb-section__wrap uagb-section__background-color uagb-block-b2e2c981\"><div class=\"uagb-section__overlay\"><\/div><div class=\"uagb-section__inner-wrap\">\n<ul style=\"font-size:2em\" class=\"wp-block-list checks\">\n<li>Travaillez avec des sp\u00e9cialistes bilingues, exp\u00e9riment\u00e9s dans la croissance \u00e0 l&#8217;\u00e9chelle locale, nationale et internationale.<\/li>\n\n\n\n<li>Profitez de notre vaste exp\u00e9rience en mati\u00e8re de commerce \u00e9lectronique pour de multiples secteurs, notamment la mode, les bijoux, les cosm\u00e9tiques et autres.<\/li>\n<\/ul>\n<\/div><\/section>\n\n\n\n<a class=\"btn\" href=\"https:\/\/www.makeitbloom.com\/fr\/getaproposal\/\">Obtenez une proposition personnalis\u00e9e<\/a>\n\n\n\n<div style=\"height:20px\" aria-hidden=\"true\" class=\"wp-block-spacer\"><\/div>\n<\/div>\n<\/div><\/section>\n<\/div><\/section>\n\n\n\n<section class=\"wp-block-uagb-section uagb-section__wrap uagb-section__background-color uagb-block-a2e5e108\"><div class=\"uagb-section__overlay\"><\/div><div class=\"uagb-section__inner-wrap\">\n<section class=\"wp-block-uagb-section uagb-section__wrap uagb-section__background-undefined uagb-block-da049d19 new-wide-container\"><div class=\"uagb-section__overlay\"><\/div><div class=\"uagb-section__inner-wrap\">\n<div class=\"wp-block-uagb-advanced-heading uagb-block-39dc31c3\"><h2 class=\"uagb-heading-text\">Foire aux questions<\/h2><div class=\"uagb-separator\"><\/div><\/div>\n\n\n\n<div style=\"height:20px\" aria-hidden=\"true\" class=\"wp-block-spacer\"><\/div>\n\n\n<div class=\"wp-block-uagb-faq uagb-faq__outer-wrap uagb-block-e9cd483c uagb-faq-icon-row uagb-faq-layout-accordion uagb-faq-expand-first-false uagb-faq-inactive-other-true uagb-faq__wrap uagb-buttons-layout-wrap uagb-faq-equal-height     orange-link\" data-faqtoggle=\"true\" role=\"tablist\"><div class=\"wp-block-uagb-faq-child uagb-faq-child__outer-wrap uagb-faq-item uagb-block-8bdd5edd wp-block-uagb-faq-child uagb-faq-child__outer-wrap uagb-block-8bdd5edd\" role=\"tab\" tabindex=\"0\"><div class=\"uagb-faq-questions-button uagb-faq-questions\">\t\t\t<span class=\"uagb-icon uagb-faq-icon-wrap\">\n\t\t\t\t\t\t\t\t<svg xmlns=\"https:\/\/www.w3.org\/2000\/svg\" viewBox= \"0 0 448 512\"><path d=\"M432 256c0 17.69-14.33 32.01-32 32.01H256v144c0 17.69-14.33 31.99-32 31.99s-32-14.3-32-31.99v-144H48c-17.67 0-32-14.32-32-32.01s14.33-31.99 32-31.99H192v-144c0-17.69 14.33-32.01 32-32.01s32 14.32 32 32.01v144h144C417.7 224 432 238.3 432 256z\"><\/path><\/svg>\n\t\t\t\t\t\t\t<\/span>\n\t\t\t\t\t\t<span class=\"uagb-icon-active uagb-faq-icon-wrap\">\n\t\t\t\t\t\t\t\t<svg xmlns=\"https:\/\/www.w3.org\/2000\/svg\" viewBox= \"0 0 448 512\"><path d=\"M400 288h-352c-17.69 0-32-14.32-32-32.01s14.31-31.99 32-31.99h352c17.69 0 32 14.3 32 31.99S417.7 288 400 288z\"><\/path><\/svg>\n\t\t\t\t\t\t\t<\/span>\n\t\t\t<span class=\"uagb-question\">Quelle est votre exp\u00e9rience en gestion des publicit\u00e9s sur TikTok?<\/span><\/div><div class=\"uagb-faq-content\"><p>Bloom a g\u00e9r\u00e9 avec succ\u00e8s des publicit\u00e9s TikTok pour plusieurs entreprises de commerce \u00e9lectronique. Depuis l&#8217;essor de TikTok en 2016, Bloom a toujours suivi les meilleures pratiques en mati\u00e8re de publicit\u00e9 sur la plateforme et a modifi\u00e9 sa m\u00e9thodologie pour rester \u00e0 jour.<br><br>Chez Bloom, nous servons des clients dans divers secteurs, notamment la mode, l&#8217;alimentation, l&#8217;immobilier, l&#8217;\u00e9ducation, la vente au d\u00e9tail, les bijoux, les produits pharmaceutiques, l&#8217;automobile, les technologies, le tourisme et les voyages, le mobilier et la d\u00e9coration, etc.<\/p><\/div><\/div><div class=\"wp-block-uagb-faq-child uagb-faq-child__outer-wrap uagb-faq-item uagb-block-d77da17d wp-block-uagb-faq-child uagb-faq-child__outer-wrap uagb-block-d77da17d\" role=\"tab\" tabindex=\"0\"><div class=\"uagb-faq-questions-button uagb-faq-questions\">\t\t\t<span class=\"uagb-icon uagb-faq-icon-wrap\">\n\t\t\t\t\t\t\t\t<svg xmlns=\"https:\/\/www.w3.org\/2000\/svg\" viewBox= \"0 0 448 512\"><path d=\"M432 256c0 17.69-14.33 32.01-32 32.01H256v144c0 17.69-14.33 31.99-32 31.99s-32-14.3-32-31.99v-144H48c-17.67 0-32-14.32-32-32.01s14.33-31.99 32-31.99H192v-144c0-17.69 14.33-32.01 32-32.01s32 14.32 32 32.01v144h144C417.7 224 432 238.3 432 256z\"><\/path><\/svg>\n\t\t\t\t\t\t\t<\/span>\n\t\t\t\t\t\t<span class=\"uagb-icon-active uagb-faq-icon-wrap\">\n\t\t\t\t\t\t\t\t<svg xmlns=\"https:\/\/www.w3.org\/2000\/svg\" viewBox= \"0 0 448 512\"><path d=\"M400 288h-352c-17.69 0-32-14.32-32-32.01s14.31-31.99 32-31.99h352c17.69 0 32 14.3 32 31.99S417.7 288 400 288z\"><\/path><\/svg>\n\t\t\t\t\t\t\t<\/span>\n\t\t\t<span class=\"uagb-question\">Pourquoi choisir Bloom comme prestataire de services pour votre strat\u00e9gie publicitaire sur TikTok?<\/span><\/div><div class=\"uagb-faq-content\"><p>Nos 15 ann\u00e9es d&#8217;exp\u00e9rience en tant qu&#8217;agence de m\u00e9dias num\u00e9riques nous ont permis d&#8217;accumuler de nombreuses connaissances en mati\u00e8re de planification des m\u00e9dias, de ciblage et de cr\u00e9ation de contenu. Bien que TikTok ait moins de formats et de placements que d&#8217;autres plateformes, nous comprenons ce qui fait les tactiques de marketing num\u00e9rique les plus performantes et nous utilisons ces connaissances pour aider nos clients \u00e0 atteindre leurs objectifs.<br><br>Finalement, comme nous sommes une agence ind\u00e9pendante sans structure hi\u00e9rarchique lourde, nous sommes en mesure de rester flexible et d&#8217;adapter notre approche aux nouvelles meilleures pratiques et aux d\u00e9fis du secteur.<\/p><\/div><\/div><div class=\"wp-block-uagb-faq-child uagb-faq-child__outer-wrap uagb-faq-item uagb-block-67de7701 wp-block-uagb-faq-child uagb-faq-child__outer-wrap uagb-block-67de7701\" role=\"tab\" tabindex=\"0\"><div class=\"uagb-faq-questions-button uagb-faq-questions\">\t\t\t<span class=\"uagb-icon uagb-faq-icon-wrap\">\n\t\t\t\t\t\t\t\t<svg xmlns=\"https:\/\/www.w3.org\/2000\/svg\" viewBox= \"0 0 448 512\"><path d=\"M432 256c0 17.69-14.33 32.01-32 32.01H256v144c0 17.69-14.33 31.99-32 31.99s-32-14.3-32-31.99v-144H48c-17.67 0-32-14.32-32-32.01s14.33-31.99 32-31.99H192v-144c0-17.69 14.33-32.01 32-32.01s32 14.32 32 32.01v144h144C417.7 224 432 238.3 432 256z\"><\/path><\/svg>\n\t\t\t\t\t\t\t<\/span>\n\t\t\t\t\t\t<span class=\"uagb-icon-active uagb-faq-icon-wrap\">\n\t\t\t\t\t\t\t\t<svg xmlns=\"https:\/\/www.w3.org\/2000\/svg\" viewBox= \"0 0 448 512\"><path d=\"M400 288h-352c-17.69 0-32-14.32-32-32.01s14.31-31.99 32-31.99h352c17.69 0 32 14.3 32 31.99S417.7 288 400 288z\"><\/path><\/svg>\n\t\t\t\t\t\t\t<\/span>\n\t\t\t<span class=\"uagb-question\">Combien co\u00fbtent vos services de gestion des publicit\u00e9s TikTok?<\/span><\/div><div class=\"uagb-faq-content\"><p>Parce qu&#8217;aucun projet de marketing num\u00e9rique n&#8217;est pareil, nos propositions sont faites sur mesure pour r\u00e9pondre aux besoins de chaque client. <a href=\"\/fr\/getaproposal\/\">Remplissez ce formulaire rapide<\/a> pour obtenir votre proposition personnalis\u00e9e.<\/p><\/div><\/div><div class=\"wp-block-uagb-faq-child uagb-faq-child__outer-wrap uagb-faq-item uagb-block-f99e27df wp-block-uagb-faq-child uagb-faq-child__outer-wrap uagb-block-f99e27df\" role=\"tab\" tabindex=\"0\"><div class=\"uagb-faq-questions-button uagb-faq-questions\">\t\t\t<span class=\"uagb-icon uagb-faq-icon-wrap\">\n\t\t\t\t\t\t\t\t<svg xmlns=\"https:\/\/www.w3.org\/2000\/svg\" viewBox= \"0 0 448 512\"><path d=\"M432 256c0 17.69-14.33 32.01-32 32.01H256v144c0 17.69-14.33 31.99-32 31.99s-32-14.3-32-31.99v-144H48c-17.67 0-32-14.32-32-32.01s14.33-31.99 32-31.99H192v-144c0-17.69 14.33-32.01 32-32.01s32 14.32 32 32.01v144h144C417.7 224 432 238.3 432 256z\"><\/path><\/svg>\n\t\t\t\t\t\t\t<\/span>\n\t\t\t\t\t\t<span class=\"uagb-icon-active uagb-faq-icon-wrap\">\n\t\t\t\t\t\t\t\t<svg xmlns=\"https:\/\/www.w3.org\/2000\/svg\" viewBox= \"0 0 448 512\"><path d=\"M400 288h-352c-17.69 0-32-14.32-32-32.01s14.31-31.99 32-31.99h352c17.69 0 32 14.3 32 31.99S417.7 288 400 288z\"><\/path><\/svg>\n\t\t\t\t\t\t\t<\/span>\n\t\t\t<span class=\"uagb-question\">Par o\u00f9 commencer?<\/span><\/div><div class=\"uagb-faq-content\"><p>C&#8217;est super simple! Vous pouvez soit remplir <a href=\"\/fr\/getaproposal\">ce formulaire<\/a>, soit nous contacter \u00e0 l&#8217;adresse <a href=\"mailto:grow@makeitbloom.com\">grow@makeitbloom.com<\/a>. Un membre de notre \u00e9quipe vous contactera d\u00e8s que possible pour en apprendre plus sur votre projet et planifier une premi\u00e8re rencontre exploratoire.<\/p><\/div><\/div><\/div>\n\n\n<section class=\"wp-block-uagb-section uagb-section__wrap uagb-section__background-color uagb-block-64dddedd\"><div class=\"uagb-section__overlay\"><\/div><div class=\"uagb-section__inner-wrap\">\n<section class=\"wp-block-uagb-section uagb-section__wrap uagb-section__background-undefined uagb-block-7f7b1921\"><div class=\"uagb-section__overlay\"><\/div><div class=\"uagb-section__inner-wrap\">\n<p class=\"has-text-align-center has-white-color has-text-color has-large-font-size\"><em><em><meta charset=\"utf-8\"><\/meta><em><em>Laissez nos experts g\u00e9rer vos campagnes sur TikTok<\/em><\/em><\/em><\/em><\/p>\n\n\n\n<div class=\"wp-block-buttons is-layout-flex wp-block-buttons-is-layout-flex\">\n<div class=\"wp-block-button aligncenter contact-btn\"><a class=\"wp-block-button__link wp-element-button\" href=\"https:\/\/www.makeitbloom.com\/fr\/getaproposal\/\" rel=\"\">OBTENEZ UNE PROPOSITION<\/a><\/div>\n<\/div>\n<\/div><\/section>\n\n\n\n<div style=\"height:100px\" aria-hidden=\"true\" class=\"wp-block-spacer\"><\/div>\n<\/div><\/section>\n<\/div><\/section>\n\n\n\n<p><\/p>\n<\/div><\/section>\n","protected":false},"excerpt":{"rendered":"Agence de publicit\u00e9 TikTok Travaillez avec une agence de performance sp\u00e9cialis\u00e9e en publicit\u00e9 sur TikTok Obtenez une proposition \u2192 Pour une strat\u00e9gie de contenu organique sur TikTok cliquez ici. Tirez parti de la plateforme sociale en plein essor, TikTok. Comme TikTok est une plateforme plut\u00f4t r\u00e9cente et qu\u2019elle a ses propres moeurs et particularit\u00e9s, certaines&hellip;","protected":false},"author":35,"featured_media":0,"parent":16763,"menu_order":2,"comment_status":"closed","ping_status":"closed","template":"service.php","meta":{"inline_featured_image":false,"_uag_custom_page_level_css":"","footnotes":""},"categories":[],"tags":[],"coauthors":[],"class_list":["post-12842","page","type-page","status-publish","hentry"],"aioseo_notices":[],"uagb_featured_image_src":{"full":false,"thumbnail":false,"medium":false,"medium_large":false,"large":false,"1536x1536":false,"2048x2048":false,"small":false,"custom-size":false},"uagb_author_info":{"display_name":"Marie-Jo\u00eblle Turgeon","author_link":"https:\/\/www.makeitbloom.com\/fr\/blog\/author\/mariejoelle-turgeon\/"},"uagb_comment_info":0,"uagb_excerpt":"Agence de publicit\u00e9 TikTok Travaillez avec une agence de performance sp\u00e9cialis\u00e9e en publicit\u00e9 sur TikTok Obtenez une proposition \u2192 Pour une strat\u00e9gie de contenu organique sur TikTok cliquez ici. Tirez parti de la plateforme sociale en plein essor, TikTok. Comme TikTok est une plateforme plut\u00f4t r\u00e9cente et qu\u2019elle a ses propres moeurs et particularit\u00e9s, certaines&hellip;","rttpg_featured_image_url":null,"rttpg_author":{"display_name":"Marie-Jo\u00eblle Turgeon","author_link":"https:\/\/www.makeitbloom.com\/fr\/blog\/author\/mariejoelle-turgeon\/"},"rttpg_comment":0,"rttpg_category":false,"rttpg_excerpt":"Agence de publicit\u00e9 TikTok Travaillez avec une agence de performance sp\u00e9cialis\u00e9e en publicit\u00e9 sur TikTok Obtenez une proposition \u2192 Pour une strat\u00e9gie de contenu organique sur TikTok cliquez ici. Tirez parti de la plateforme sociale en plein essor, TikTok. Comme TikTok est une plateforme plut\u00f4t r\u00e9cente et qu\u2019elle a ses propres moeurs et particularit\u00e9s, certaines&hellip;","_links":{"self":[{"href":"https:\/\/www.makeitbloom.com\/fr\/wp-json\/wp\/v2\/pages\/12842","targetHints":{"allow":["GET"]}}],"collection":[{"href":"https:\/\/www.makeitbloom.com\/fr\/wp-json\/wp\/v2\/pages"}],"about":[{"href":"https:\/\/www.makeitbloom.com\/fr\/wp-json\/wp\/v2\/types\/page"}],"author":[{"embeddable":true,"href":"https:\/\/www.makeitbloom.com\/fr\/wp-json\/wp\/v2\/users\/35"}],"replies":[{"embeddable":true,"href":"https:\/\/www.makeitbloom.com\/fr\/wp-json\/wp\/v2\/comments?post=12842"}],"version-history":[{"count":0,"href":"https:\/\/www.makeitbloom.com\/fr\/wp-json\/wp\/v2\/pages\/12842\/revisions"}],"up":[{"embeddable":true,"href":"https:\/\/www.makeitbloom.com\/fr\/wp-json\/wp\/v2\/pages\/16763"}],"wp:attachment":[{"href":"https:\/\/www.makeitbloom.com\/fr\/wp-json\/wp\/v2\/media?parent=12842"}],"wp:term":[{"taxonomy":"category","embeddable":true,"href":"https:\/\/www.makeitbloom.com\/fr\/wp-json\/wp\/v2\/categories?post=12842"},{"taxonomy":"post_tag","embeddable":true,"href":"https:\/\/www.makeitbloom.com\/fr\/wp-json\/wp\/v2\/tags?post=12842"},{"taxonomy":"author","embeddable":true,"href":"https:\/\/www.makeitbloom.com\/fr\/wp-json\/wp\/v2\/coauthors?post=12842"}],"curies":[{"name":"wp","href":"https:\/\/api.w.org\/{rel}","templated":true}]}}