{"id":12222,"date":"2021-10-07T15:44:55","date_gmt":"2021-10-07T19:44:55","guid":{"rendered":"https:\/\/www.makeitbloom.com\/career-test\/"},"modified":"2025-10-29T11:17:05","modified_gmt":"2025-10-29T15:17:05","slug":"carrieres","status":"publish","type":"page","link":"https:\/\/www.makeitbloom.com\/fr\/carrieres\/","title":{"rendered":"Emplois en marketing num\u00e9rique"},"content":{"rendered":"\n<section class=\"wp-block-uagb-section uagb-section__wrap uagb-section__background-color uagb-block-b517a80e\"><div class=\"uagb-section__overlay\"><\/div><div class=\"uagb-section__inner-wrap\">\n<section class=\"wp-block-uagb-section uagb-section__wrap uagb-section__background-color uagb-block-e7dd39f1 new-container\"><div class=\"uagb-section__overlay\"><\/div><div class=\"uagb-section__inner-wrap\">\n<div class=\"wp-block-uagb-advanced-heading uagb-block-28de78f2\"><h2 class=\"uagb-heading-text\">Notre \u00e9quipe est le coeur <br>de notre croissance.<\/h2><p class=\"uagb-desc-text\">Nous voulons cr\u00e9er un environnement de travail mutuellement b\u00e9n\u00e9fique o\u00f9 les employ\u00e9.es de Bloom ont tout ce dont ils ont besoin pour travailler fort, ensemble, afin de livrer un travail de qualit\u00e9. D\u00e9couvrez ci-dessous les piliers de la culture chez Bloom : Bloom <em>Recharge<\/em>, Bloom <em>N&#8217;importe o\u00f9<\/em>, Bloom <em>Ensemble<\/em>.<\/p><\/div>\n\n\n\n<div style=\"height:55px\" aria-hidden=\"true\" class=\"wp-block-spacer\"><\/div>\n\n\n\n<div class=\"wp-block-uagb-call-to-action uagb-block-9836cf1d wp-block-button contact-btn a\"><div class=\"uagb-cta__wrap\"><\/div><div class=\"uagb-cta__buttons\"><a href=\"https:\/\/makeitbloom.applytojob.com\/apply\/\" class=\"uagb-cta__button-link-wrapper wp-block-button__link\" target=\"_blank\" rel=\"noopener noreferrer\">VOIR LES EMPLOIS<\/a><\/div><\/div>\n\n\n\n<div style=\"height:55px\" aria-hidden=\"true\" class=\"wp-block-spacer\"><\/div>\n\n\n\n<div style=\"height:0px\" aria-hidden=\"true\" class=\"wp-block-spacer\"><\/div>\n\n\n<div class=\"wp-block-image\">\n<figure class=\"aligncenter size-large is-resized\"><img decoding=\"async\" width=\"700\" height=\"366\" data-src=\"https:\/\/www.makeitbloom.com\/wp-content\/uploads\/2025\/10\/office-banner-700x366.png\" alt=\"\" class=\"wp-image-18177 lazyload\" style=\"--smush-placeholder-width: 700px; --smush-placeholder-aspect-ratio: 700\/366;width:800px\" data-srcset=\"https:\/\/www.makeitbloom.com\/wp-content\/uploads\/2025\/10\/office-banner-700x366.png 700w, https:\/\/www.makeitbloom.com\/wp-content\/uploads\/2025\/10\/office-banner-250x131.png 250w, https:\/\/www.makeitbloom.com\/wp-content\/uploads\/2025\/10\/office-banner-768x402.png 768w, https:\/\/www.makeitbloom.com\/wp-content\/uploads\/2025\/10\/office-banner-1536x804.png 1536w, https:\/\/www.makeitbloom.com\/wp-content\/uploads\/2025\/10\/office-banner-2048x1072.png 2048w, https:\/\/www.makeitbloom.com\/wp-content\/uploads\/2025\/10\/office-banner-120x63.png 120w\" data-sizes=\"(max-width: 700px) 100vw, 700px\" src=\"data:image\/svg+xml;base64,PHN2ZyB3aWR0aD0iMSIgaGVpZ2h0PSIxIiB4bWxucz0iaHR0cDovL3d3dy53My5vcmcvMjAwMC9zdmciPjwvc3ZnPg==\" \/><\/figure>\n<\/div><\/div><\/section>\n<\/div><\/section>\n\n\n\n<section class=\"wp-block-uagb-section uagb-section__wrap uagb-section__background-color uagb-block-c5f59956\"><div class=\"uagb-section__overlay\"><\/div><div class=\"uagb-section__inner-wrap\">\n<h2 class=\"wp-block-heading has-text-align-center has-white-color has-text-color\">Nos valeurs<\/h2>\n\n\n\n<section class=\"wp-block-uagb-section uagb-section__wrap uagb-section__background-undefined uagb-block-f3e4bd3e new-wide-container\"><div class=\"uagb-section__overlay\"><\/div><div class=\"uagb-section__inner-wrap\">\n<div class=\"wp-block-columns is-layout-flex wp-container-core-columns-is-layout-9d6595d7 wp-block-columns-is-layout-flex\">\n<div class=\"wp-block-column is-layout-flow wp-block-column-is-layout-flow\" style=\"flex-basis:20%\">\n<h3 class=\"wp-block-heading has-white-color has-text-color\" style=\"font-size:1.1em\">RESPONSABILIT\u00c9<\/h3>\n\n\n\n<hr class=\"wp-block-separator has-text-color has-alpha-channel-opacity has-background\" style=\"background-color:#2c8bcb;color:#2c8bcb\"\/>\n\n\n\n<p class=\"has-white-color has-text-color\">Travail acharn\u00e9, honn\u00eatet\u00e9, transparence, sens aigu de l\u2019\u00e9thique et responsabilit\u00e9 envers nos clients et coll\u00e8gues sont les principes qui nous guident dans notre travail et nos communications.<\/p>\n<\/div>\n\n\n\n<div class=\"wp-block-column is-layout-flow wp-block-column-is-layout-flow\" style=\"flex-basis:20%\">\n<h3 class=\"wp-block-heading has-white-color has-text-color\" style=\"font-size:1.1em\">RESPECT<\/h3>\n\n\n\n<hr class=\"wp-block-separator has-text-color has-alpha-channel-opacity has-background is-style-wide\" style=\"background-color:#ed5434;color:#ed5434\"\/>\n\n\n\n<p class=\"has-white-color has-text-color\">Nous sommes trop occup\u00e9s \u00e0 faire du bon travail pour nous soucier de notre \u00e9go. Le respect mutuel, l\u2019int\u00e9grit\u00e9 et l\u2019\u00e9quit\u00e9 sont les bases sur lesquelles nous pouvons construire des relations solides au sein de notre \u00e9quipe et avec nos clients.&nbsp;<\/p>\n<\/div>\n\n\n\n<div class=\"wp-block-column is-layout-flow wp-block-column-is-layout-flow\" style=\"flex-basis:20%\">\n<h3 class=\"wp-block-heading has-text-align-center has-white-color has-text-color\" style=\"font-size:1.1em\">COLLABORATION<\/h3>\n\n\n\n<hr class=\"wp-block-separator has-text-color has-alpha-channel-opacity has-background is-style-wide\" style=\"background-color:#3eb54a;color:#3eb54a\"\/>\n\n\n\n<p class=\"has-white-color has-text-color\">Gr\u00e2ce \u00e0 la collaboration et au partage d\u2019expertise, nous pouvons construire de grandes choses. C\u2019est en travaillant ensemble vers un objectif commun que nous r\u00e9pondons aux attentes de nos clients et que nous nous surpassons en tant qu\u2019entreprise.<\/p>\n<\/div>\n\n\n\n<div class=\"wp-block-column is-layout-flow wp-block-column-is-layout-flow\" style=\"flex-basis:20%\">\n<h3 class=\"wp-block-heading has-white-color has-text-color\" style=\"font-size:1.1em\">PROACTIVIT\u00c9<\/h3>\n\n\n\n<hr class=\"wp-block-separator has-text-color has-alpha-channel-opacity has-background\" style=\"background-color:#2c8bcb;color:#2c8bcb\"\/>\n\n\n\n<p class=\"has-white-color has-text-color\">Nous sommes une \u00e9quipe de professionnels qui encourage l\u2019ing\u00e9niosit\u00e9 dans toutes les sph\u00e8res de notre travail. Nous travaillons intelligemment pour miser sur les actions qui auront le plus grand impact sur la croissance. C\u2019est ainsi que nous r\u00e9ussissons \u00e0 livrer des r\u00e9sultats impressionnants, jour apr\u00e8s jour.<\/p>\n<\/div>\n\n\n\n<div class=\"wp-block-column is-layout-flow wp-block-column-is-layout-flow\" style=\"flex-basis:20%\">\n<h3 class=\"wp-block-heading has-white-color has-text-color\" style=\"font-size:1.1em\">CURIOSIT\u00c9<\/h3>\n\n\n\n<hr class=\"wp-block-separator has-text-color has-alpha-channel-opacity has-background is-style-wide\" style=\"background-color:#ed5434;color:#ed5434\"\/>\n\n\n\n<p class=\"has-white-color has-text-color\">La curiosit\u00e9 m\u00e8ne \u00e0 la croissance, et la croissance m\u00e8ne au succ\u00e8s. Nous remettons constamment en question le statu quo, ce qui signifie que nous sommes toujours \u00e0 l\u2019aff\u00fbt des innovations. Nous nous enrichissons de ce que nous apprenons et l\u2019utilisons chaque jour pour exceller.<\/p>\n<\/div>\n<\/div>\n\n\n\n<div style=\"height:100px\" aria-hidden=\"true\" class=\"wp-block-spacer\"><\/div>\n<\/div><\/section>\n<\/div><\/section>\n\n\n\n<div style=\"height:52px\" aria-hidden=\"true\" class=\"wp-block-spacer\"><\/div>\n\n\n\n<h2 class=\"wp-block-heading has-text-align-center\">Nos piliers<\/h2>\n\n\n\n<div class=\"wp-block-columns is-layout-flex wp-container-core-columns-is-layout-9d6595d7 wp-block-columns-is-layout-flex\">\n<div class=\"wp-block-column is-layout-flow wp-block-column-is-layout-flow\"><\/div>\n\n\n\n<div class=\"wp-block-column is-layout-flow wp-block-column-is-layout-flow\">\n<h3 class=\"wp-block-heading\">recharge<\/h3>\n\n\n\n<p class=\"has-medium-font-size\">Se d\u00e9connecter et se reposer sont essentiels \u00e0 un bon \u00e9quilibre entre vie professionnelle et vie priv\u00e9e. Nous savons qu&#8217;une \u00e9quipe bien repos\u00e9e est plus productive, plus concentr\u00e9e et en meilleure position pour fournir un travail de qualit\u00e9.&nbsp;<\/p>\n\n\n\n<ul class=\"wp-block-list\">\n<li><strong>Politique de travail hybride<\/strong><\/li>\n\n\n\n<li><strong>Acc\u00e8s \u00e0 la t\u00e9l\u00e9medecine<\/strong><\/li>\n\n\n\n<li><strong>Minimum trois semaines de vacances et 5 jours flex<\/strong><\/li>\n\n\n\n<li><strong>Horaire flexible<\/strong><\/li>\n\n\n\n<li><strong>Semaine de 4.5 jours<\/strong><\/li>\n<\/ul>\n<\/div>\n\n\n\n<div class=\"wp-block-column is-layout-flow wp-block-column-is-layout-flow\">\n<h3 class=\"wp-block-heading\">n&#8217;importe o\u00f9<\/h3>\n\n\n\n<p class=\"has-black-color has-text-color has-medium-font-size\">Parce que les besoins de chacun sont diff\u00e9rents, Bloom souhaite offrir \u00e0 chacun un lieu de travail qui lui convient, que ce soit \u00e0 la maison, au bureau ou quelque part entre les deux.&nbsp;<\/p>\n\n\n\n<ul class=\"wp-block-list\">\n<li><strong>Possibilit\u00e9 de travailler de n&#8217;importe o\u00f9<\/strong><\/li>\n\n\n\n<li><strong>\u00c9quipement de bureau pour la maison<\/strong><\/li>\n\n\n\n<li><strong>Possibilit\u00e9 d&#8217;aller au bureau de Montr\u00e9al, Toronto et New York, accessible en transport en commun<\/strong><\/li>\n<\/ul>\n<\/div>\n\n\n\n<div class=\"wp-block-column is-layout-flow wp-block-column-is-layout-flow\">\n<h3 class=\"wp-block-heading\">ensemble<\/h3>\n\n\n\n<p class=\"has-black-color has-text-color has-medium-font-size\">Chez Bloom, nous nous effor\u00e7ons de cr\u00e9er un environnement de travail collaboratif qui encourage la croissance et le d\u00e9veloppement. Travailler ensemble, dans le respect, en personne ou virtuellement, nous permet de livrer la marchandise et de grandir ensemble.<\/p>\n\n\n\n<ul class=\"wp-block-list\">\n<li><strong>Approche de travail hybride<\/strong><\/li>\n\n\n\n<li><strong>Activit\u00e9s d&#8217;\u00e9quipe en pr\u00e9sentiel et virtuelles<\/strong><\/li>\n\n\n\n<li><strong>Acc\u00e8s au chalet Bloom<\/strong><\/li>\n\n\n\n<li><strong>R\u00e9gime de participation diff\u00e9r\u00e9e aux b\u00e9n\u00e9fices et r\u00e9gime d&#8217;\u00e9pargne<\/strong>s<\/li>\n\n\n\n<li><strong>Certifications et formations<\/strong><\/li>\n<\/ul>\n<\/div>\n\n\n\n<div class=\"wp-block-column is-layout-flow wp-block-column-is-layout-flow\"><\/div>\n<\/div>\n\n\n\n<section class=\"wp-block-uagb-section uagb-section__wrap uagb-section__background-undefined uagb-block-469ba781\"><div class=\"uagb-section__overlay\"><\/div><div class=\"uagb-section__inner-wrap\">\n<div class=\"wp-block-uagb-advanced-heading uagb-block-f5fe6077\"><h2 class=\"uagb-heading-text\">T\u00e9moignages de l&#8217;\u00e9quipe<\/h2><\/div>\n\n\n\n<div style=\"height:37px\" aria-hidden=\"true\" class=\"wp-block-spacer\"><\/div>\n\n\n\n<div class=\"wp-block-columns is-layout-flex wp-container-core-columns-is-layout-9d6595d7 wp-block-columns-is-layout-flex\">\n<div class=\"wp-block-column is-layout-flow wp-block-column-is-layout-flow\">\n<figure class=\"wp-block-video\"><video controls src=\"https:\/\/info.makeitbloom.com\/hubfs\/Career\/zoe_fr_2-3-1.mov\"><\/video><\/figure>\n\n\n\n<div style=\"height:30px\" aria-hidden=\"true\" class=\"wp-block-spacer\"><\/div>\n\n\n\n<div class=\"wp-block-uagb-advanced-heading uagb-block-dbfb726e\"><h3 class=\"uagb-heading-text\">Zoe Kerrick<\/h3><p class=\"uagb-desc-text\">Directrice de comptes<\/p><\/div>\n\n\n\n<div style=\"height:20px\" aria-hidden=\"true\" class=\"wp-block-spacer\"><\/div>\n<\/div>\n\n\n\n<div class=\"wp-block-column is-layout-flow wp-block-column-is-layout-flow\" style=\"flex-basis:300px\"><\/div>\n\n\n\n<div class=\"wp-block-column is-layout-flow wp-block-column-is-layout-flow\">\n<figure class=\"wp-block-video\"><video controls src=\"https:\/\/info.makeitbloom.com\/hubfs\/Career\/jeff_en_2-3_final.mov\"><\/video><\/figure>\n\n\n\n<div style=\"height:30px\" aria-hidden=\"true\" class=\"wp-block-spacer\"><\/div>\n\n\n\n<div class=\"wp-block-uagb-advanced-heading uagb-block-f912e2b3\"><h3 class=\"uagb-heading-text\">Jeff Johnson<\/h3><p class=\"uagb-desc-text\">Vice-Pr\u00e9sident M\u00e9dia<\/p><\/div>\n\n\n\n<div style=\"height:20px\" aria-hidden=\"true\" class=\"wp-block-spacer\"><\/div>\n<\/div>\n<\/div>\n<\/div><\/section>\n\n\n\n<section class=\"wp-block-uagb-section uagb-section__wrap uagb-section__background-color uagb-block-7bf1dc79\"><div class=\"uagb-section__overlay\"><\/div><div class=\"uagb-section__inner-wrap\">\n<section class=\"wp-block-uagb-section uagb-section__wrap uagb-section__background-color uagb-block-40faa68a\"><div class=\"uagb-section__overlay\"><\/div><div class=\"uagb-section__inner-wrap\">\n<div class=\"wp-block-uagb-call-to-action uagb-block-c342b67a wp-block-button contact-btn a\"><div class=\"uagb-cta__wrap\"><h2 class=\"uagb-cta__title\">Vous souhaitez rejoindre <br>notre \u00e9quipe?<\/h2><p class=\"uagb-cta__desc\"><em>Consultez nos offres d\u2019emploi et postulez d\u00e8s aujourd\u2019hui.<\/em><\/p><\/div><div class=\"uagb-cta__buttons\"><a href=\"https:\/\/makeitbloom.applytojob.com\/apply\/\" class=\"uagb-cta__button-link-wrapper wp-block-button__link\" target=\"_blank\" rel=\"noopener noreferrer\">VOIR LES EMPLOIS<\/a><\/div><\/div>\n<\/div><\/section>\n<\/div><\/section>\n\n\n\n<section class=\"wp-block-uagb-section uagb-section__wrap uagb-section__background-color uagb-block-961a83ec\"><div class=\"uagb-section__overlay\"><\/div><div class=\"uagb-section__inner-wrap\">\n<section class=\"wp-block-uagb-section uagb-section__wrap uagb-section__background-color uagb-block-744aa3bd new-container\"><div class=\"uagb-section__overlay\"><\/div><div class=\"uagb-section__inner-wrap\">\n<h3 class=\"wp-block-heading has-text-align-center has-text-color has-link-color wp-elements-6a04c832f52bb7510aeeeb6ee4cfb0c5\" style=\"color:#ed5434\">!! <strong>M\u00e9fiez-vous des offres d&#8217;emploi frauduleuses<\/strong> !!<\/h3>\n\n\n\n<p class=\"has-text-color has-link-color wp-elements-9e16d6512c42db071d6b4774fff44e5e\" style=\"color:#ed5434\">Merci pour votre int\u00e9r\u00eat envers Bloom et nos offres d&#8217;emploi! Nous souhaitons vous aviser de faire attention aux courriels et messages frauduleux. Certaines personnes mal intentionn\u00e9es se font passer pour des repr\u00e9sentants de Bloom et envoient de fausses offres d&#8217;emploi. Si vous \u00eates contact\u00e9 par une personne pr\u00e9tendant vous offrir un emploi chez nous, mais que celle-ci n&#8217;utilise pas une adresse courriel qui se termine par @makeitbloom.com ou @applytojob.com c&#8217;est un scam.<\/p>\n\n\n\n<ul style=\"color:#ed5434\" class=\"wp-block-list has-text-color has-link-color wp-elements-ef46e35b3e668250bf39ce2bd8d6fc16\">\n<li>Nous contactons les candidats qu&#8217;\u00e0 travers des canaux officiels de communications, avec des adresses courriel utilisant le domaine de makeitbloom.com ou @applytojob.com <\/li>\n\n\n\n<li>Nous ne vous demanderons jamais de fournir des informations financi\u00e8res personnelles ou des donn\u00e9es sensibles pendant le processus d&#8217;embauche.&nbsp;<\/li>\n\n\n\n<li>Notre \u00e9quipe de recrutement ne demande jamais de t\u00e9l\u00e9charger des fichiers sans l&#8217;avoir mentionn\u00e9 au pr\u00e9alable lors d&#8217;une entrevue de vive voix.<\/li>\n<\/ul>\n\n\n\n<p class=\"has-text-color has-link-color wp-elements-2e05b067650cd374edf07e7e084bfe2d\" style=\"color:#ed5434\">Si jamais vous avez des doutes, contactez-nous sur&nbsp;<a href=\"http:\/\/www.linkedin.com\/company\/makeitbloom\" target=\"_blank\" rel=\"noreferrer noopener\">LinkedIn<\/a>, nous allons v\u00e9rifier pour vous!<\/p>\n\n\n\n<div style=\"height:40px\" aria-hidden=\"true\" class=\"wp-block-spacer\"><\/div>\n<\/div><\/section>\n<\/div><\/section>\n","protected":false},"excerpt":{"rendered":"Nos piliers recharge Se d\u00e9connecter et se reposer sont essentiels \u00e0 un bon \u00e9quilibre entre vie professionnelle et vie priv\u00e9e. Nous savons qu&#8217;une \u00e9quipe bien repos\u00e9e est plus productive, plus concentr\u00e9e et en meilleure position pour fournir un travail de qualit\u00e9.&nbsp; n&#8217;importe o\u00f9 Parce que les besoins de chacun sont diff\u00e9rents, Bloom souhaite offrir \u00e0&hellip;","protected":false},"author":35,"featured_media":0,"parent":0,"menu_order":5,"comment_status":"closed","ping_status":"closed","template":"job.php","meta":{"inline_featured_image":false,"_uag_custom_page_level_css":"","footnotes":""},"categories":[],"tags":[],"coauthors":[],"class_list":["post-12222","page","type-page","status-publish","hentry"],"aioseo_notices":[],"uagb_featured_image_src":{"full":false,"thumbnail":false,"medium":false,"medium_large":false,"large":false,"1536x1536":false,"2048x2048":false,"small":false,"custom-size":false},"uagb_author_info":{"display_name":"Marie-Jo\u00eblle Turgeon","author_link":"https:\/\/www.makeitbloom.com\/fr\/blog\/author\/mariejoelle-turgeon\/"},"uagb_comment_info":0,"uagb_excerpt":"Nos piliers recharge Se d\u00e9connecter et se reposer sont essentiels \u00e0 un bon \u00e9quilibre entre vie professionnelle et vie priv\u00e9e. Nous savons qu&#8217;une \u00e9quipe bien repos\u00e9e est plus productive, plus concentr\u00e9e et en meilleure position pour fournir un travail de qualit\u00e9.&nbsp; n&#8217;importe o\u00f9 Parce que les besoins de chacun sont diff\u00e9rents, Bloom souhaite offrir \u00e0&hellip;","rttpg_featured_image_url":null,"rttpg_author":{"display_name":"Marie-Jo\u00eblle Turgeon","author_link":"https:\/\/www.makeitbloom.com\/fr\/blog\/author\/mariejoelle-turgeon\/"},"rttpg_comment":0,"rttpg_category":false,"rttpg_excerpt":"Nos piliers recharge Se d\u00e9connecter et se reposer sont essentiels \u00e0 un bon \u00e9quilibre entre vie professionnelle et vie priv\u00e9e. Nous savons qu&#8217;une \u00e9quipe bien repos\u00e9e est plus productive, plus concentr\u00e9e et en meilleure position pour fournir un travail de qualit\u00e9.&nbsp; n&#8217;importe o\u00f9 Parce que les besoins de chacun sont diff\u00e9rents, Bloom souhaite offrir \u00e0&hellip;","_links":{"self":[{"href":"https:\/\/www.makeitbloom.com\/fr\/wp-json\/wp\/v2\/pages\/12222","targetHints":{"allow":["GET"]}}],"collection":[{"href":"https:\/\/www.makeitbloom.com\/fr\/wp-json\/wp\/v2\/pages"}],"about":[{"href":"https:\/\/www.makeitbloom.com\/fr\/wp-json\/wp\/v2\/types\/page"}],"author":[{"embeddable":true,"href":"https:\/\/www.makeitbloom.com\/fr\/wp-json\/wp\/v2\/users\/35"}],"replies":[{"embeddable":true,"href":"https:\/\/www.makeitbloom.com\/fr\/wp-json\/wp\/v2\/comments?post=12222"}],"version-history":[{"count":0,"href":"https:\/\/www.makeitbloom.com\/fr\/wp-json\/wp\/v2\/pages\/12222\/revisions"}],"wp:attachment":[{"href":"https:\/\/www.makeitbloom.com\/fr\/wp-json\/wp\/v2\/media?parent=12222"}],"wp:term":[{"taxonomy":"category","embeddable":true,"href":"https:\/\/www.makeitbloom.com\/fr\/wp-json\/wp\/v2\/categories?post=12222"},{"taxonomy":"post_tag","embeddable":true,"href":"https:\/\/www.makeitbloom.com\/fr\/wp-json\/wp\/v2\/tags?post=12222"},{"taxonomy":"author","embeddable":true,"href":"https:\/\/www.makeitbloom.com\/fr\/wp-json\/wp\/v2\/coauthors?post=12222"}],"curies":[{"name":"wp","href":"https:\/\/api.w.org\/{rel}","templated":true}]}}