{"id":11079,"date":"2020-08-05T15:13:32","date_gmt":"2020-08-05T19:13:32","guid":{"rendered":"https:\/\/www.makeitbloom.com\/?page_id=11079"},"modified":"2025-08-15T09:55:46","modified_gmt":"2025-08-15T13:55:46","slug":"message-factory","status":"publish","type":"page","link":"https:\/\/www.makeitbloom.com\/fr\/etude-de-cas\/message-factory\/","title":{"rendered":"En mode croissance pour Message Factory"},"content":{"rendered":"<section class=\"hero-banner basic case\"><img decoding=\"async\" class=\"bg lazyload\" data-src=\"\/wp-content\/uploads\/2020\/08\/message-factory_small-Max-Quality-1.jpg\" data-srcset=\"\/wp-content\/uploads\/2020\/08\/message-factory_small-Max-Quality-1.jpg 480w, \/wp-content\/uploads\/2020\/07\/message_factory_clothing.jpg 1600w\" src=\"data:image\/svg+xml;base64,PHN2ZyB3aWR0aD0iMSIgaGVpZ2h0PSIxIiB4bWxucz0iaHR0cDovL3d3dy53My5vcmcvMjAwMC9zdmciPjwvc3ZnPg==\" style=\"--smush-placeholder-width: 819px; --smush-placeholder-aspect-ratio: 819\/759;\"><\/p>\n<div class=\"container\">\n<div class=\"content\">\n<h5>\u00c9tude de cas<\/h5>\n<p><!--accepts negative offset for top as xs, s, m, l, xl, xxl. For example class=\"case-logo offset-xxl\"--><br \/>\n<img decoding=\"async\" class=\"case-logo logo-smush lazyload\" data-src=\"\/wp-content\/uploads\/2020\/07\/logo-checkout-1.png\" alt=\"Message Factory\" src=\"data:image\/svg+xml;base64,PHN2ZyB3aWR0aD0iMSIgaGVpZ2h0PSIxIiB4bWxucz0iaHR0cDovL3d3dy53My5vcmcvMjAwMC9zdmciPjwvc3ZnPg==\" style=\"--smush-placeholder-width: 506px; --smush-placeholder-aspect-ratio: 506\/227;\"><\/p>\n<h1 class=\"title\">En mode croissance<br \/>\npour Message Factory<\/h1>\n<\/div>\n<\/div>\n<\/section>\n<section class=\"case-intro\">\n<div class=\"container\">\n<div id=\"social-share\" class=\"share-links case\">\n<p>Share this:<\/p>\n<div><a target=\"_blank\" href=\"https:\/\/twitter.com\/intent\/tweet?url=https:\/\/www.makeitbloom.com\/fr\/etude-de-cas\/message-factory\/&text=En mode croissance pour Message Factory\"><img decoding=\"async\" data-src=\"\/wp-content\/themes\/bloom\/src\/img\/social\/tw.svg\" src=\"data:image\/svg+xml;base64,PHN2ZyB3aWR0aD0iMSIgaGVpZ2h0PSIxIiB4bWxucz0iaHR0cDovL3d3dy53My5vcmcvMjAwMC9zdmciPjwvc3ZnPg==\" class=\"lazyload\"><\/a><a target=\"_blank\" href=\"https:\/\/www.facebook.com\/sharer\/sharer.php?u=https:\/\/www.makeitbloom.com\/fr\/etude-de-cas\/message-factory\/\"><img decoding=\"async\" data-src=\"\/wp-content\/themes\/bloom\/src\/img\/social\/fb.svg\" src=\"data:image\/svg+xml;base64,PHN2ZyB3aWR0aD0iMSIgaGVpZ2h0PSIxIiB4bWxucz0iaHR0cDovL3d3dy53My5vcmcvMjAwMC9zdmciPjwvc3ZnPg==\" class=\"lazyload\"><\/a><a target=\"_blank\" href=\"http:\/\/www.linkedin.com\/shareArticle?mini=true&url=https:\/\/www.makeitbloom.com\/fr\/etude-de-cas\/message-factory\/&title=En mode croissance pour Message Factory\"><img decoding=\"async\" data-src=\"\/wp-content\/themes\/bloom\/src\/img\/social\/li.svg\" src=\"data:image\/svg+xml;base64,PHN2ZyB3aWR0aD0iMSIgaGVpZ2h0PSIxIiB4bWxucz0iaHR0cDovL3d3dy53My5vcmcvMjAwMC9zdmciPjwvc3ZnPg==\" class=\"lazyload\"><\/a><\/div>\n<\/div>\n<div class=\"text\">\n<div class=\"serv responsive\">\n<div class=\"title\">\n<section>\n<div class=\"icon\"><img decoding=\"async\" data-src=\"\/wp-content\/uploads\/2017\/11\/DDA_icon.svg\" src=\"data:image\/svg+xml;base64,PHN2ZyB3aWR0aD0iMSIgaGVpZ2h0PSIxIiB4bWxucz0iaHR0cDovL3d3dy53My5vcmcvMjAwMC9zdmciPjwvc3ZnPg==\" class=\"lazyload\"><\/div>\n<h1>Voici Message Factory<\/h1>\n<\/section>\n<\/div>\n<p class=\"features last\"><a href=\"www.messagefactory.ca\"><span style=\"color: #ed5434; text-decoration: none; font-style: italic;\">Message Factory<\/span><\/a> offre \u00e0 sa client\u00e8le des v\u00eatements \u00e9coresponsables, fabriqu\u00e9s et con\u00e7us au Qu\u00e9bec dans des conditions de travail justes et \u00e9quitables. Leurs deux collections, Message Factory et O\u00d6M \u00c9THIKWEAR reposent sur le respect de l&#8217;environnement et de leur communaut\u00e9. L\u2019entreprise g\u00e8re un magasin physique situ\u00e9 \u00e0 St-Jean-sur-Richelieu ainsi qu\u2019une boutique en ligne r\u00e9cemment migr\u00e9e sur Shopify. Leurs v\u00eatements sont \u00e9galement disponibles chez plusieurs d\u00e9taillants \u00e0 travers le Canada et les \u00c9tats-Unis.<\/p>\n<div class=\"line\"><\/div>\n<\/div>\n<div class=\"serv responsive\">\n<div class=\"title\">\n<section>\n<div class=\"icon\"><img decoding=\"async\" data-src=\"\/wp-content\/uploads\/2017\/11\/case_study_icon_challenge.svg\" src=\"data:image\/svg+xml;base64,PHN2ZyB3aWR0aD0iMSIgaGVpZ2h0PSIxIiB4bWxucz0iaHR0cDovL3d3dy53My5vcmcvMjAwMC9zdmciPjwvc3ZnPg==\" class=\"lazyload\"><\/div>\n<h2>Les d\u00e9fis<\/h2>\n<\/section>\n<\/div>\n<p class=\"features\">Depuis quelques ann\u00e9es, la demande pour des produits et v\u00eatements \u00e9coresponsables ne cesse d\u2019augmenter, m\u00eame que, de plus en plus de grandes entreprises, commencent \u00e0 faire le virage vers une production d\u2019items respectueux de l\u2019environnement. La comp\u00e9tition dans le march\u00e9 de la mode est donc tr\u00e8s importante.<br \/>\nDe plus, dans la derni\u00e8re ann\u00e9e, Message Factory souhaitait migrer sa plateforme en ligne vers Shopify et int\u00e9grer ses deux collections \u00ab Message Factory \u00bb et \u00ab O\u00d6M \u00c9THIKWEAR \u00bb sous le m\u00eame site.<\/p>\n<p class=\"features\">Notre \u00e9quipe devait aider Message Factory \u00e0 :<\/p>\n<ul class=\"features checks last\">\n<li>Accro\u00eetre la notori\u00e9t\u00e9 de sa boutique en ligne<\/li>\n<li>Maximiser le budget de la PME pour r\u00e9ussir \u00e0 prosp\u00e9rer dans un march\u00e9 hyper comp\u00e9titif<\/li>\n<li>G\u00e9n\u00e9rer du trafic qualifi\u00e9 vers le site Web et g\u00e9n\u00e9rer plus de ventes<\/li>\n<li>Faire conna\u00eetre les valeurs \u00e9cologiques et durables de l\u2019entreprise et de ses cr\u00e9ateurs<\/li>\n<\/ul>\n<div class=\"line\"><\/div>\n<\/div>\n<\/div>\n<\/div>\n<\/section>\n<div class=\"intro-services-cta grey case\">\n<section class=\"intro\">\n<div class=\"container\">\n<h2>La solution: une combinaison gagnante de SEO et de publicit\u00e9s Web<\/h2>\n<div class=\"holder\">\n<section class=\"body\">\n<p class=\"not-body\">Nos experts Web se sont tourn\u00e9s vers le SEO et les annonces Google Shopping, Facebook et Instagram pour faire briller la boutique de Message Factory.<\/p>\n<\/section>\n<section class=\"check-lists\">\n<ul class=\"checks\">\n<li>Mettre en place une strat\u00e9gie d\u2019acquisition agressive sur Facebook et Google pour attirer des clients potentiels dans l\u2019entonnoir de conversion. La strat\u00e9gie inclut des annonces Google Shopping, des annonces de g\u00e9n\u00e9ration de prospects pour augmenter le nombre d\u2019abonn\u00e9s \u00e0 l\u2019infolettre et des annonces sur Facebook et Instagram<\/li>\n<li>Utiliser le remarketing lorsque le bassin d\u2019acheteurs potentiels \u00e9tait assez important<\/li>\n<li>Optimiser les m\u00e9ta-titres, les m\u00e9ta-descriptions et optimiser le contenu des pages Web<\/li>\n<\/ul>\n<ul class=\"checks\">\n<li>Recommander des meilleures pratiques SEO pour attirer plus de trafic organique sur le site<\/li>\n<li>Maximiser l\u2019investissement m\u00e9dia sur Facebook et Google Shopping comme ces plateformes s\u2019av\u00e9raient \u00eatre les plus performantes pour Message Factory<\/li>\n<li>Adapter le message des annonces pour mettre de l\u2019avant leurs aspects diff\u00e9renciateurs, d\u2019autant plus importants lors de la crise de la COVID-19<\/li>\n<\/ul>\n<\/section>\n<\/div>\n<section class=\"body\">\n<p class=\"not-body\">En misant sur la prospection et l\u2019acquisition de clients potentiels en 2019, Message Factory \u00e9tait en bonne position pour r\u00e9colter le fruit de leurs efforts en 2020.<\/p>\n<p class=\"not-body\">De plus, leur mission d\u2019entreprise \u00e9coresponsable et locale a pris tout son sens lors de la crise de la COVID-19. Avec le lancement de leur nouveau site Web, leurs bonnes pratiques SEO et leurs annonces personnalis\u00e9es \u00e0 la situation particuli\u00e8re, les ventes de Message Factory ont explos\u00e9 durant la premi\u00e8re moiti\u00e9 de 2020.<\/p>\n<\/section>\n<section class=\"images\"><img decoding=\"async\" class=\"one lazyload\" data-src=\"\/wp-content\/uploads\/2020\/07\/message-factory-fabric-High-Quality.jpg\" src=\"data:image\/svg+xml;base64,PHN2ZyB3aWR0aD0iMSIgaGVpZ2h0PSIxIiB4bWxucz0iaHR0cDovL3d3dy53My5vcmcvMjAwMC9zdmciPjwvc3ZnPg==\" style=\"--smush-placeholder-width: 819px; --smush-placeholder-aspect-ratio: 819\/759;\"><br \/>\n<img decoding=\"async\" class=\"two lazyload\" data-src=\"\/wp-content\/uploads\/2020\/07\/message-factory-clothing-High-Quality.jpg\" src=\"data:image\/svg+xml;base64,PHN2ZyB3aWR0aD0iMSIgaGVpZ2h0PSIxIiB4bWxucz0iaHR0cDovL3d3dy53My5vcmcvMjAwMC9zdmciPjwvc3ZnPg==\" style=\"--smush-placeholder-width: 819px; --smush-placeholder-aspect-ratio: 819\/759;\"><br \/>\n<img decoding=\"async\" class=\"three lazyload\" data-src=\"\/wp-content\/uploads\/2020\/07\/message-factory-woman-High-Quality.jpg\" src=\"data:image\/svg+xml;base64,PHN2ZyB3aWR0aD0iMSIgaGVpZ2h0PSIxIiB4bWxucz0iaHR0cDovL3d3dy53My5vcmcvMjAwMC9zdmciPjwvc3ZnPg==\" style=\"--smush-placeholder-width: 819px; --smush-placeholder-aspect-ratio: 819\/759;\"><br \/>\n<br style=\"clear: both;\"><br \/>\n<\/section>\n<\/div>\n<\/section>\n<\/div>\n<div class=\"intro-services-cta case result\">\n<section class=\"intro results graphs_bg\">\n<div class=\"container\">\n<h2>Le r\u00e9sultat: Message Factory cro\u00eet rapidement<\/h2>\n<div class=\"holder\">\n<p>De janvier 2020 au 31 mai 2020, en comparant avec 2019<\/p>\n<ul class=\"checks single\">\n<li>Le trafic organique a augment\u00e9 de 210%<\/li>\n<li>Les revenus provenant des recherches organiques ont augment\u00e9 de 89%<\/li>\n<\/ul>\n<div class=\"holder\">\n<p>Depuis la crise de la COVID-19, en mars 2020 :<\/p>\n<ul class=\"checks single\">\n<li>Les mois d\u2019avril et mai ont apport\u00e9 un nombre impressionnant de transactions compar\u00e9 \u00e0 l\u2019ann\u00e9e pr\u00e9c\u00e9dente, soit une augmentation de 217%<\/li>\n<li>Sur Facebook, le revenu d\u2019avril et mai 2020 a augment\u00e9 de 600% compar\u00e9 \u00e0 la m\u00eame p\u00e9riode en 2019<\/li>\n<li>Le nombre de nouveaux utilisateurs sur le site Internet a augment\u00e9 de 682%<\/li>\n<\/ul>\n<p><!--holder\n\n\n\n<section class=\"qt\">\n\n\n<div class=\"pp\">\n\n\n<div class=\"img\"><img decoding=\"async\" data-src=\"\/wp-content\/uploads\/2020\/06\/bathdepot.jpg\" src=\"data:image\/svg+xml;base64,PHN2ZyB3aWR0aD0iMSIgaGVpZ2h0PSIxIiB4bWxucz0iaHR0cDovL3d3dy53My5vcmcvMjAwMC9zdmciPjwvc3ZnPg==\" class=\"lazyload\" style=\"--smush-placeholder-width: 200px; --smush-placeholder-aspect-ratio: 200\/200;\"><\/div>\n\n\n\n\n<div class=\"bio\">\n\n\n<h3>TBD<\/h3>\n\n\n\n\n<h4>TBD<\/h4>\n\n\nTBD<\/div>\n\n\n\n\n<div class=\"quote-symbol\">\u201d<\/div>\n\n\n<\/div>\n\n\n<\/section>\n\n<\/div>\n\n\n\n\n<section class=\"download-case\">\n\n\n<p class=\"title\">Download this case study<\/p>\n\n\n\n\n<p class=\"sub\">Where should we send the PDF?<\/p>\n\n\n\n\n\n<form>\n                <input type=\"email\" placeholder=\"Add your email address here\">\n<a class=\"btn btn-yellow mini\" href=\"#\">DOWNLOAD PDF<\/a>\n\n\n<div class=\"wont-spam\">\n                    <img decoding=\"async\" data-src=\"\/wp-content\/uploads\/2016\/04\/email.svg\" src=\"data:image\/svg+xml;base64,PHN2ZyB3aWR0aD0iMSIgaGVpZ2h0PSIxIiB4bWxucz0iaHR0cDovL3d3dy53My5vcmcvMjAwMC9zdmciPjwvc3ZnPg==\" class=\"lazyload\">\n<span>We won't spam you!<\/span><\/div>\n\n\n<\/form>\n\n\n\n<\/section>\n\n\n\n--><\/p>\n<section class=\"cta cs\">\n<div class=\"container\">\n<p>Faites fleurir votre entreprise.<\/p>\n<p><a class=\"btn\" href=\"\/fr\/contact\/\">CONTACTEZ-NOUS<\/a><\/p>\n<\/div>\n<\/section>\n<\/div>\n<\/div>\n<\/div>\n<\/section>\n<\/div>\n<p><!--Shortcode - More Case Studies --><\/p>\n<section class=\"results grey\">\n<div class=\"graphs_bg\">\n<div class=\"container graphs\">\n<h2>Plus d'\u00e9tudes de cas:<\/h2>\n<section class=\"cards-holder horiz-pager\">\n<section class=\"cards\">\n<div class=\"card bg-strom\">\n                    <a href=\"\/fr\/etudes-de-cas\/strom-spa\/\"><\/p>\n<div class=\"img\"><img decoding=\"async\" class=\"svg logo-smush lazyload\" data-src=\"\/wp-content\/uploads\/2020\/05\/strom-spa_blanc.png\" src=\"data:image\/svg+xml;base64,PHN2ZyB3aWR0aD0iMSIgaGVpZ2h0PSIxIiB4bWxucz0iaHR0cDovL3d3dy53My5vcmcvMjAwMC9zdmciPjwvc3ZnPg==\" style=\"--smush-placeholder-width: 523px; --smush-placeholder-aspect-ratio: 523\/219;\"><\/div>\n<h6><img decoding=\"async\" data-src=\"\/wp-content\/uploads\/2017\/09\/fleche-haut.png\" src=\"data:image\/svg+xml;base64,PHN2ZyB3aWR0aD0iMSIgaGVpZ2h0PSIxIiB4bWxucz0iaHR0cDovL3d3dy53My5vcmcvMjAwMC9zdmciPjwvc3ZnPg==\" class=\"lazyload\" style=\"--smush-placeholder-width: 30px; --smush-placeholder-aspect-ratio: 30\/35;\">162<sup>%<\/sup><\/h6>\n<p>augmentation des ventes sur Facebook Ads<\/p>\n<p><\/a><a href=\"\/fr\/etudes-de-cas\/strom-spa\/\"><\/a><\/p>\n<\/div>\n<div class=\"card bg2 bg-mcgill\">\n                    <a href=\"\/fr\/etudes-de-cas\/mcgill\/\"><\/p>\n<div class=\"img\"><img decoding=\"async\" class=\"svg logo-smush lazyload\" data-src=\"\/wp-content\/uploads\/2017\/09\/mcgill-logo.png\" src=\"data:image\/svg+xml;base64,PHN2ZyB3aWR0aD0iMSIgaGVpZ2h0PSIxIiB4bWxucz0iaHR0cDovL3d3dy53My5vcmcvMjAwMC9zdmciPjwvc3ZnPg==\" style=\"--smush-placeholder-width: 235px; --smush-placeholder-aspect-ratio: 235\/56;\"><\/div>\n<h6><img decoding=\"async\" data-src=\"\/wp-content\/uploads\/2017\/09\/fleche-haut.png\" src=\"data:image\/svg+xml;base64,PHN2ZyB3aWR0aD0iMSIgaGVpZ2h0PSIxIiB4bWxucz0iaHR0cDovL3d3dy53My5vcmcvMjAwMC9zdmciPjwvc3ZnPg==\" class=\"lazyload\" style=\"--smush-placeholder-width: 30px; --smush-placeholder-aspect-ratio: 30\/35;\">41<sup>%<\/sup><\/h6>\n<p>augmentation du taux de conversion; objectif atteint en 1 semaine<\/p>\n<p><\/a><a href=\"\/fr\/etudes-de-cas\/mcgill\/\"><\/a><a href=\"\/fr\/etudes-de-cas\/mcgill\/\"><\/a><a href=\"\/fr\/etudes-de-cas\/mcgill\/\"><\/a><a href=\"\/fr\/etudes-de-cas\/mcgill\/\"><\/a><a href=\"\/fr\/etudes-de-cas\/mcgill\/\"><\/a><a href=\"\/fr\/etudes-de-cas\/mcgill\/\"><\/a><a href=\"\/fr\/etudes-de-cas\/mcgill\/\"><\/a><a href=\"\/fr\/etudes-de-cas\/mcgill\/\"><\/a><a href=\"\/fr\/etudes-de-cas\/mcgill\/\"><\/a><\/p>\n<\/div>\n<div class=\"card bg-geniuserp\">\n                    <a href=\"\/fr\/etudes-de-cas\/genius-erp\/\"><\/p>\n<div class=\"img\"><img decoding=\"async\" class=\"logo-smush lazyload\" data-src=\"\/wp-content\/uploads\/2020\/03\/359-3592933_genius-erp-solutions-graphic-design-hd-png-download.png\" src=\"data:image\/svg+xml;base64,PHN2ZyB3aWR0aD0iMSIgaGVpZ2h0PSIxIiB4bWxucz0iaHR0cDovL3d3dy53My5vcmcvMjAwMC9zdmciPjwvc3ZnPg==\" style=\"--smush-placeholder-width: 468px; --smush-placeholder-aspect-ratio: 468\/182;\"><\/div>\n<h6><img decoding=\"async\" data-src=\"\/wp-content\/uploads\/2017\/09\/fleche-haut.png\" src=\"data:image\/svg+xml;base64,PHN2ZyB3aWR0aD0iMSIgaGVpZ2h0PSIxIiB4bWxucz0iaHR0cDovL3d3dy53My5vcmcvMjAwMC9zdmciPjwvc3ZnPg==\" class=\"lazyload\" style=\"--smush-placeholder-width: 30px; --smush-placeholder-aspect-ratio: 30\/35;\">37<sup>%<\/sup><\/h6>\n<p>augmentation du trafic organique en moins de 6 mois<\/p>\n<p><\/a><a href=\"\/fr\/etudes-de-cas\/genius-erp\/\"><\/a><a href=\"\/fr\/etudes-de-cas\/genius-erp\/\"><\/a><a href=\"\/fr\/etudes-de-cas\/genius-erp\/\"><\/a><a href=\"\/fr\/etudes-de-cas\/genius-erp\/\"><\/a><a href=\"\/fr\/etudes-de-cas\/genius-erp\/\"><\/a><a href=\"\/fr\/etudes-de-cas\/genius-erp\/\"><\/a><a href=\"\/fr\/etudes-de-cas\/genius-erp\/\"><\/a><a href=\"\/fr\/etudes-de-cas\/genius-erp\/\"><\/a><a href=\"\/fr\/etudes-de-cas\/genius-erp\/\"><\/a><a href=\"\/fr\/etudes-de-cas\/genius-erp\/\"><\/a><\/p>\n<\/div>\n<\/section>\n<\/section>\n<p> <a class=\"btn more-margins\" href=\"\/fr\/etudes-de-cas\/\">VOIR PLUS D'\u00c9TUDES DE CAS<\/a><\/p>\n<\/div>\n<\/div>\n<\/section>\n","protected":false},"excerpt":{"rendered":"\u00c9tude de cas En mode croissance pour Message Factory Share this: Voici Message Factory Message Factory offre \u00e0 sa client\u00e8le des v\u00eatements \u00e9coresponsables, fabriqu\u00e9s et con\u00e7us au Qu\u00e9bec dans des conditions de travail justes et \u00e9quitables. Leurs deux collections, Message Factory et O\u00d6M \u00c9THIKWEAR reposent sur le respect de l&#8217;environnement et de leur communaut\u00e9. L\u2019entreprise&hellip;","protected":false},"author":35,"featured_media":17952,"parent":1628,"menu_order":0,"comment_status":"closed","ping_status":"closed","template":"","meta":{"inline_featured_image":false,"_uag_custom_page_level_css":"","footnotes":""},"categories":[537,408],"tags":[],"coauthors":[],"class_list":["post-11079","page","type-page","status-publish","has-post-thumbnail","hentry","category-medias-payants","category-seo"],"aioseo_notices":[],"uagb_featured_image_src":{"full":["https:\/\/www.makeitbloom.com\/wp-content\/uploads\/2025\/08\/message-factory-banner-square.png",1080,1080,false],"thumbnail":["https:\/\/www.makeitbloom.com\/wp-content\/uploads\/2025\/08\/message-factory-banner-square-150x150.png",150,150,true],"medium":["https:\/\/www.makeitbloom.com\/wp-content\/uploads\/2025\/08\/message-factory-banner-square-250x250.png",250,250,true],"medium_large":["https:\/\/www.makeitbloom.com\/wp-content\/uploads\/2025\/08\/message-factory-banner-square-768x768.png",768,768,true],"large":["https:\/\/www.makeitbloom.com\/wp-content\/uploads\/2025\/08\/message-factory-banner-square-700x700.png",700,700,true],"1536x1536":["https:\/\/www.makeitbloom.com\/wp-content\/uploads\/2025\/08\/message-factory-banner-square.png",1080,1080,false],"2048x2048":["https:\/\/www.makeitbloom.com\/wp-content\/uploads\/2025\/08\/message-factory-banner-square.png",1080,1080,false],"small":["https:\/\/www.makeitbloom.com\/wp-content\/uploads\/2025\/08\/message-factory-banner-square-120x120.png",120,120,true],"custom-size":["https:\/\/www.makeitbloom.com\/wp-content\/uploads\/2025\/08\/message-factory-banner-square-700x200.png",700,200,true]},"uagb_author_info":{"display_name":"Marie-Jo\u00eblle Turgeon","author_link":"https:\/\/www.makeitbloom.com\/fr\/blog\/author\/mariejoelle-turgeon\/"},"uagb_comment_info":0,"uagb_excerpt":"\u00c9tude de cas En mode croissance pour Message Factory Share this: Voici Message Factory Message Factory offre \u00e0 sa client\u00e8le des v\u00eatements \u00e9coresponsables, fabriqu\u00e9s et con\u00e7us au Qu\u00e9bec dans des conditions de travail justes et \u00e9quitables. Leurs deux collections, Message Factory et O\u00d6M \u00c9THIKWEAR reposent sur le respect de l&#8217;environnement et de leur communaut\u00e9. L\u2019entreprise&hellip;","rttpg_featured_image_url":{"full":["https:\/\/www.makeitbloom.com\/wp-content\/uploads\/2025\/08\/message-factory-banner-square.png",1080,1080,false],"landscape":["https:\/\/www.makeitbloom.com\/wp-content\/uploads\/2025\/08\/message-factory-banner-square.png",1080,1080,false],"portraits":["https:\/\/www.makeitbloom.com\/wp-content\/uploads\/2025\/08\/message-factory-banner-square.png",1080,1080,false],"thumbnail":["https:\/\/www.makeitbloom.com\/wp-content\/uploads\/2025\/08\/message-factory-banner-square-150x150.png",150,150,true],"medium":["https:\/\/www.makeitbloom.com\/wp-content\/uploads\/2025\/08\/message-factory-banner-square-250x250.png",250,250,true],"large":["https:\/\/www.makeitbloom.com\/wp-content\/uploads\/2025\/08\/message-factory-banner-square-700x700.png",700,700,true],"1536x1536":["https:\/\/www.makeitbloom.com\/wp-content\/uploads\/2025\/08\/message-factory-banner-square.png",1080,1080,false],"2048x2048":["https:\/\/www.makeitbloom.com\/wp-content\/uploads\/2025\/08\/message-factory-banner-square.png",1080,1080,false],"small":["https:\/\/www.makeitbloom.com\/wp-content\/uploads\/2025\/08\/message-factory-banner-square-120x120.png",120,120,true],"custom-size":["https:\/\/www.makeitbloom.com\/wp-content\/uploads\/2025\/08\/message-factory-banner-square-700x200.png",700,200,true],"rt_custom":["https:\/\/www.makeitbloom.com\/wp-content\/uploads\/2025\/08\/message-factory-banner-square.png",1080,1080,false]},"rttpg_author":{"display_name":"Marie-Jo\u00eblle Turgeon","author_link":"https:\/\/www.makeitbloom.com\/fr\/blog\/author\/mariejoelle-turgeon\/"},"rttpg_comment":0,"rttpg_category":" <a href=\"https:\/\/www.makeitbloom.com\/fr\/blog\/category\/medias-payants\/\" rel=\"tag\">M\u00e9dias Payants<\/a><a href=\"https:\/\/www.makeitbloom.com\/fr\/blog\/category\/seo\/\" rel=\"tag\">SEO<\/a>","rttpg_excerpt":"\u00c9tude de cas En mode croissance pour Message Factory Share this: Voici Message Factory Message Factory offre \u00e0 sa client\u00e8le des v\u00eatements \u00e9coresponsables, fabriqu\u00e9s et con\u00e7us au Qu\u00e9bec dans des conditions de travail justes et \u00e9quitables. Leurs deux collections, Message Factory et O\u00d6M \u00c9THIKWEAR reposent sur le respect de l&#8217;environnement et de leur communaut\u00e9. L\u2019entreprise&hellip;","_links":{"self":[{"href":"https:\/\/www.makeitbloom.com\/fr\/wp-json\/wp\/v2\/pages\/11079","targetHints":{"allow":["GET"]}}],"collection":[{"href":"https:\/\/www.makeitbloom.com\/fr\/wp-json\/wp\/v2\/pages"}],"about":[{"href":"https:\/\/www.makeitbloom.com\/fr\/wp-json\/wp\/v2\/types\/page"}],"author":[{"embeddable":true,"href":"https:\/\/www.makeitbloom.com\/fr\/wp-json\/wp\/v2\/users\/35"}],"replies":[{"embeddable":true,"href":"https:\/\/www.makeitbloom.com\/fr\/wp-json\/wp\/v2\/comments?post=11079"}],"version-history":[{"count":0,"href":"https:\/\/www.makeitbloom.com\/fr\/wp-json\/wp\/v2\/pages\/11079\/revisions"}],"up":[{"embeddable":true,"href":"https:\/\/www.makeitbloom.com\/fr\/wp-json\/wp\/v2\/pages\/1628"}],"wp:featuredmedia":[{"embeddable":true,"href":"https:\/\/www.makeitbloom.com\/fr\/wp-json\/wp\/v2\/media\/17952"}],"wp:attachment":[{"href":"https:\/\/www.makeitbloom.com\/fr\/wp-json\/wp\/v2\/media?parent=11079"}],"wp:term":[{"taxonomy":"category","embeddable":true,"href":"https:\/\/www.makeitbloom.com\/fr\/wp-json\/wp\/v2\/categories?post=11079"},{"taxonomy":"post_tag","embeddable":true,"href":"https:\/\/www.makeitbloom.com\/fr\/wp-json\/wp\/v2\/tags?post=11079"},{"taxonomy":"author","embeddable":true,"href":"https:\/\/www.makeitbloom.com\/fr\/wp-json\/wp\/v2\/coauthors?post=11079"}],"curies":[{"name":"wp","href":"https:\/\/api.w.org\/{rel}","templated":true}]}}