{"id":10685,"date":"2020-04-21T10:04:27","date_gmt":"2020-04-21T14:04:27","guid":{"rendered":"https:\/\/www.makeitbloom.com\/?page_id=10685"},"modified":"2025-08-15T10:00:50","modified_gmt":"2025-08-15T14:00:50","slug":"cook-it","status":"publish","type":"page","link":"https:\/\/www.makeitbloom.com\/fr\/etude-de-cas\/cook-it\/","title":{"rendered":"97%+ de nouvelles inscriptions pour Cook it"},"content":{"rendered":"<section class=\"hero-banner basic case\"><img decoding=\"async\" class=\"bg lazyload\" data-src=\"\/wp-content\/uploads\/2020\/04\/cookit-small.jpg\" data-srcset=\"\/wp-content\/uploads\/2020\/04\/cookit-small.jpg 480w, \/wp-content\/uploads\/2020\/04\/cookit.jpg 1600w\" src=\"data:image\/svg+xml;base64,PHN2ZyB3aWR0aD0iMSIgaGVpZ2h0PSIxIiB4bWxucz0iaHR0cDovL3d3dy53My5vcmcvMjAwMC9zdmciPjwvc3ZnPg==\" style=\"--smush-placeholder-width: 640px; --smush-placeholder-aspect-ratio: 640\/640;\"><\/p>\n<div class=\"container\">\n<div class=\"content\">\n<h5>\u00c9tude de cas<\/h5>\n<p><!--accepts negative offset for top as xs, s, m, l, xl, xxl. For example class=\"case-logo offset-xxl\"--><br \/>\n<img decoding=\"async\" class=\"case-logo logo-smush lazyload\" data-src=\"\/wp-content\/uploads\/2020\/04\/cookit-logo-white-1.png\" alt=\"cookit\" src=\"data:image\/svg+xml;base64,PHN2ZyB3aWR0aD0iMSIgaGVpZ2h0PSIxIiB4bWxucz0iaHR0cDovL3d3dy53My5vcmcvMjAwMC9zdmciPjwvc3ZnPg==\" style=\"--smush-placeholder-width: 379px; --smush-placeholder-aspect-ratio: 379\/146;\"><\/p>\n<h1 class=\"title\">97%+ de nouvelles<br \/>\ninscriptions pour Cook it<\/h1>\n<\/div>\n<\/div>\n<\/section>\n<section class=\"case-intro\">\n<div class=\"container\">\n<div id=\"social-share\" class=\"share-links case\">\n<p>Share this:<\/p>\n<div><a target=\"_blank\" href=\"https:\/\/twitter.com\/intent\/tweet?url=https:\/\/www.makeitbloom.com\/fr\/etude-de-cas\/cook-it\/&text=97%+ de nouvelles inscriptions pour Cook it\"><img decoding=\"async\" data-src=\"\/wp-content\/themes\/bloom\/src\/img\/social\/tw.svg\" src=\"data:image\/svg+xml;base64,PHN2ZyB3aWR0aD0iMSIgaGVpZ2h0PSIxIiB4bWxucz0iaHR0cDovL3d3dy53My5vcmcvMjAwMC9zdmciPjwvc3ZnPg==\" class=\"lazyload\"><\/a><a target=\"_blank\" href=\"https:\/\/www.facebook.com\/sharer\/sharer.php?u=https:\/\/www.makeitbloom.com\/fr\/etude-de-cas\/cook-it\/\"><img decoding=\"async\" data-src=\"\/wp-content\/themes\/bloom\/src\/img\/social\/fb.svg\" src=\"data:image\/svg+xml;base64,PHN2ZyB3aWR0aD0iMSIgaGVpZ2h0PSIxIiB4bWxucz0iaHR0cDovL3d3dy53My5vcmcvMjAwMC9zdmciPjwvc3ZnPg==\" class=\"lazyload\"><\/a><a target=\"_blank\" href=\"http:\/\/www.linkedin.com\/shareArticle?mini=true&url=https:\/\/www.makeitbloom.com\/fr\/etude-de-cas\/cook-it\/&title=97%+ de nouvelles inscriptions pour Cook it\"><img decoding=\"async\" data-src=\"\/wp-content\/themes\/bloom\/src\/img\/social\/li.svg\" src=\"data:image\/svg+xml;base64,PHN2ZyB3aWR0aD0iMSIgaGVpZ2h0PSIxIiB4bWxucz0iaHR0cDovL3d3dy53My5vcmcvMjAwMC9zdmciPjwvc3ZnPg==\" class=\"lazyload\"><\/a><\/div>\n<\/div>\n<div class=\"text\">\n<div class=\"serv responsive\">\n<div class=\"title\">\n<section>\n<div class=\"icon\"><img decoding=\"async\" data-src=\"\/wp-content\/uploads\/2017\/11\/DDA_icon.svg\" src=\"data:image\/svg+xml;base64,PHN2ZyB3aWR0aD0iMSIgaGVpZ2h0PSIxIiB4bWxucz0iaHR0cDovL3d3dy53My5vcmcvMjAwMC9zdmciPjwvc3ZnPg==\" class=\"lazyload\"><\/div>\n<h1>Voici Cook it<\/h1>\n<\/section>\n<\/div>\n<p class=\"features last\">Fond\u00e9e en 2014, Cook it est l&#8217;une des entreprises de repas pr\u00eats \u00e0 cuisiner les plus populaires du pays. Les bo\u00eetes Cook it sont sp\u00e9cialement con\u00e7ues pour aider les jeunes familles, avec des repas adapt\u00e9s aux enfants, sains et faciles \u00e0 pr\u00e9parer. En outre, l&#8217;entreprise innove constamment pour r\u00e9duire le gaspillage alimentaire et proposer des emballages \u00e9cologiques qui font une diff\u00e9rence. \u00c0 la suite d\u2019une incroyable croissance en popularit\u00e9, Cook it a acquis l&#8217;un de ses concurrents directs, Miss Fresh, en 2019.<\/p>\n<div class=\"line\"><\/div>\n<\/div>\n<div class=\"serv responsive\">\n<div class=\"title\">\n<section>\n<div class=\"icon\"><img decoding=\"async\" data-src=\"\/wp-content\/uploads\/2017\/11\/case_study_icon_challenge.svg\" src=\"data:image\/svg+xml;base64,PHN2ZyB3aWR0aD0iMSIgaGVpZ2h0PSIxIiB4bWxucz0iaHR0cDovL3d3dy53My5vcmcvMjAwMC9zdmciPjwvc3ZnPg==\" class=\"lazyload\"><\/div>\n<h2>D\u00e9fis<\/h2>\n<\/section>\n<\/div>\n<p class=\"features\">Avec ses repas pr\u00eats \u00e0 manger, ses kits durables et r\u00e9utilisables, et son garde-manger rempli de produits \u00e0 ajouter \u00e0 ses bo\u00eetes, Cook it est une entreprise extr\u00eamement innovante. Cela dit, le secteur des bo\u00eetes de repas pr\u00eats \u00e0 cuisiner est incroyablement populaire et donc incroyablement comp\u00e9titif.<\/p>\n<p class=\"features\">Cook it avait le d\u00e9sir d&#8217;accro\u00eetre sa notori\u00e9t\u00e9 au Qu\u00e9bec afin de devenir une r\u00e9f\u00e9rence en mati\u00e8re de pr\u00eat \u00e0 cuisiner<\/p>\n<div class=\"line\"><\/div>\n<\/div>\n<\/div>\n<\/div>\n<\/section>\n<div class=\"intro-services-cta grey case\">\n<section class=\"intro\">\n<div class=\"container\">\n<h2>La solution: une strat\u00e9gie bas\u00e9e sur l&#8217;entonnoir de conversion<\/h2>\n<div class=\"holder\">\n<section class=\"body\">\n<p class=\"not-body\">Cook it avait la volont\u00e9 d&#8217;accro\u00eetre sa notori\u00e9t\u00e9 gr\u00e2ce aux m\u00e9dias payants pour faire exploser son nombre de nouveaux abonn\u00e9s.<\/p>\n<\/section>\n<section class=\"check-lists\">\n<ul class=\"checks\">\n<li>Accro\u00eetre la notori\u00e9t\u00e9 de la marque gr\u00e2ce aux annonces Google Display et aux publicit\u00e9s Facebook, ce qui a entra\u00een\u00e9 une augmentation de 152 % des conversions associ\u00e9es aux recherches du nom de la marque<\/li>\n<li>Lancer des campagnes Dynamic Search Ads (DSA) pour aider \u00e0 faire baisser le co\u00fbt par acquision global<\/li>\n<li>Utiliser des textes publicitaires accrocheurs pour faire valoir les offres et les promotions<\/li>\n<\/ul>\n<ul class=\"checks\">\n<li>Pr\u00e9senter les visuels attrayants de Cook it sur le r\u00e9seau Google Display et sur les m\u00e9dias sociaux pour accro\u00eetre la notori\u00e9t\u00e9 de la marque et pousser dans l&#8217;entonnoir de conversion<\/li>\n<li>Cibler les abonn\u00e9s potentiels par le biais d&#8217;audiences d&#8217;affinit\u00e9 qui correspondent aux int\u00e9r\u00eats du public cible de Cook it<\/li>\n<\/ul>\n<\/section>\n<\/div>\n<section class=\"images\"><img decoding=\"async\" class=\"one lazyload\" data-src=\"\/wp-content\/uploads\/2020\/04\/cookit-woman.jpg\" src=\"data:image\/svg+xml;base64,PHN2ZyB3aWR0aD0iMSIgaGVpZ2h0PSIxIiB4bWxucz0iaHR0cDovL3d3dy53My5vcmcvMjAwMC9zdmciPjwvc3ZnPg==\" style=\"--smush-placeholder-width: 640px; --smush-placeholder-aspect-ratio: 640\/640;\"><br \/>\n<img decoding=\"async\" class=\"two lazyload\" data-src=\"\/wp-content\/uploads\/2020\/04\/cookit-repa.jpg\" src=\"data:image\/svg+xml;base64,PHN2ZyB3aWR0aD0iMSIgaGVpZ2h0PSIxIiB4bWxucz0iaHR0cDovL3d3dy53My5vcmcvMjAwMC9zdmciPjwvc3ZnPg==\" style=\"--smush-placeholder-width: 640px; --smush-placeholder-aspect-ratio: 640\/640;\"><br \/>\n<img decoding=\"async\" class=\"three lazyload\" data-src=\"\/wp-content\/uploads\/2020\/04\/cookit-family.jpg\" src=\"data:image\/svg+xml;base64,PHN2ZyB3aWR0aD0iMSIgaGVpZ2h0PSIxIiB4bWxucz0iaHR0cDovL3d3dy53My5vcmcvMjAwMC9zdmciPjwvc3ZnPg==\" style=\"--smush-placeholder-width: 640px; --smush-placeholder-aspect-ratio: 640\/640;\"><br \/>\n<br style=\"clear: both;\"><br \/>\n<\/section>\n<\/div>\n<\/section>\n<\/div>\n<div class=\"intro-services-cta case result\">\n<section class=\"intro results graphs_bg\">\n<div class=\"container\">\n<h2>Le r\u00e9sultat: le nombre de nouveaux abonn\u00e9s a augment\u00e9 de<br \/>\n<span class=\"stat nobr\"><img decoding=\"async\" data-src=\"\/wp-content\/uploads\/2017\/11\/fleche-haut-red.svg\" src=\"data:image\/svg+xml;base64,PHN2ZyB3aWR0aD0iMSIgaGVpZ2h0PSIxIiB4bWxucz0iaHR0cDovL3d3dy53My5vcmcvMjAwMC9zdmciPjwvc3ZnPg==\" class=\"lazyload\">97<sup>%<\/sup><\/span><\/h2>\n<div class=\"holder\">\n<ul class=\"checks single\">\n<li>Augmentation de 152 % du nombre de conversions sur les annonces associ\u00e9es au nom de la marque, compar\u00e9 \u00e0 l&#8217;ann\u00e9e pr\u00e9c\u00e9dente<\/li>\n<li>Augmentation de 384% du taux de conversion global sur Google Ads<\/li>\n<\/ul>\n<section class=\"qt\">\n<div class=\"pp\">\n<div class=\"img\"><img decoding=\"async\" data-src=\"\/wp-content\/uploads\/2020\/04\/cookit-logo-noir.jpg\" src=\"data:image\/svg+xml;base64,PHN2ZyB3aWR0aD0iMSIgaGVpZ2h0PSIxIiB4bWxucz0iaHR0cDovL3d3dy53My5vcmcvMjAwMC9zdmciPjwvc3ZnPg==\" class=\"lazyload\" style=\"--smush-placeholder-width: 427px; --smush-placeholder-aspect-ratio: 427\/427;\"><\/div>\n<div class=\"bio\">\n<h3>Laurence Gagnon-Beaudoin<\/h3>\n<h4>Directrice du marketing et de l&#8217;exp\u00e9rience client<\/h4>\n<p>Ce que nous aimons chez Bloom, c&#8217;est qu&#8217;aucune id\u00e9e n&#8217;est trop folle, et qu&#8217;aucun \u00e9ch\u00e9ancier n&#8217;est trop serr\u00e9. Ce sont de grands alli\u00e9s et ils sont pr\u00e9sents chaque fois que nous avons besoin d&#8217;eux.<\/p>\n<\/div>\n<div class=\"quote-symbol\">\u201d<\/div>\n<\/div>\n<\/section>\n<\/div>\n<p><!--holder\n\n\n\n<section class=\"download-case\">\n\n\n<p class=\"title\">Download this case study<\/p>\n\n\n\n\n<p class=\"sub\">Where should we send the PDF?<\/p>\n\n\n\n\n\n<form>\n                <input type=\"email\" placeholder=\"Add your email address here\">\n<a class=\"btn btn-yellow mini\" href=\"#\">DOWNLOAD PDF<\/a>\n\n\n<div class=\"wont-spam\">\n                    <img decoding=\"async\" data-src=\"\/wp-content\/uploads\/2016\/04\/email.svg\" src=\"data:image\/svg+xml;base64,PHN2ZyB3aWR0aD0iMSIgaGVpZ2h0PSIxIiB4bWxucz0iaHR0cDovL3d3dy53My5vcmcvMjAwMC9zdmciPjwvc3ZnPg==\" class=\"lazyload\">\n<span>We won't spam you!<\/span><\/div>\n\n\n<\/form>\n\n\n\n<\/section>\n\n\n\n--><\/p>\n<section class=\"cta cs\">\n<div class=\"container\">\n<p>Faites fleurir votre entreprise.<\/p>\n<p><a class=\"btn\" href=\"https:\/\/www.makeitbloom.com\/fr\/contact\/\">CONTACTEZ-NOUS<\/a><\/p>\n<\/div>\n<\/section>\n<\/div>\n<\/section>\n<\/div>\n<p><!--Shortcode - More Case Studies --><\/p>\n<section class=\"results grey\">\n<div class=\"graphs_bg\">\n<div class=\"container graphs\">\n<h2>Plus d'\u00e9tudes de cas:<\/h2>\n<section class=\"cards-holder horiz-pager\">\n<section class=\"cards\">\n<div class=\"card bg-strom\">\n                    <a href=\"\/fr\/etudes-de-cas\/strom-spa\/\"><\/p>\n<div class=\"img\"><img decoding=\"async\" class=\"svg logo-smush lazyload\" data-src=\"\/wp-content\/uploads\/2020\/05\/strom-spa_blanc.png\" src=\"data:image\/svg+xml;base64,PHN2ZyB3aWR0aD0iMSIgaGVpZ2h0PSIxIiB4bWxucz0iaHR0cDovL3d3dy53My5vcmcvMjAwMC9zdmciPjwvc3ZnPg==\" style=\"--smush-placeholder-width: 523px; --smush-placeholder-aspect-ratio: 523\/219;\"><\/div>\n<h6><img decoding=\"async\" data-src=\"\/wp-content\/uploads\/2017\/09\/fleche-haut.png\" src=\"data:image\/svg+xml;base64,PHN2ZyB3aWR0aD0iMSIgaGVpZ2h0PSIxIiB4bWxucz0iaHR0cDovL3d3dy53My5vcmcvMjAwMC9zdmciPjwvc3ZnPg==\" class=\"lazyload\" style=\"--smush-placeholder-width: 30px; --smush-placeholder-aspect-ratio: 30\/35;\">162<sup>%<\/sup><\/h6>\n<p>augmentation des ventes sur Facebook Ads<\/p>\n<p><\/a><a href=\"\/fr\/etudes-de-cas\/strom-spa\/\"><\/a><\/p>\n<\/div>\n<div class=\"card bg2 bg-mcgill\">\n                    <a href=\"\/fr\/etudes-de-cas\/mcgill\/\"><\/p>\n<div class=\"img\"><img decoding=\"async\" class=\"svg logo-smush lazyload\" data-src=\"\/wp-content\/uploads\/2017\/09\/mcgill-logo.png\" src=\"data:image\/svg+xml;base64,PHN2ZyB3aWR0aD0iMSIgaGVpZ2h0PSIxIiB4bWxucz0iaHR0cDovL3d3dy53My5vcmcvMjAwMC9zdmciPjwvc3ZnPg==\" style=\"--smush-placeholder-width: 235px; --smush-placeholder-aspect-ratio: 235\/56;\"><\/div>\n<h6><img decoding=\"async\" data-src=\"\/wp-content\/uploads\/2017\/09\/fleche-haut.png\" src=\"data:image\/svg+xml;base64,PHN2ZyB3aWR0aD0iMSIgaGVpZ2h0PSIxIiB4bWxucz0iaHR0cDovL3d3dy53My5vcmcvMjAwMC9zdmciPjwvc3ZnPg==\" class=\"lazyload\" style=\"--smush-placeholder-width: 30px; --smush-placeholder-aspect-ratio: 30\/35;\">41<sup>%<\/sup><\/h6>\n<p>augmentation du taux de conversion; objectif atteint en 1 semaine<\/p>\n<p><\/a><a href=\"\/fr\/etudes-de-cas\/mcgill\/\"><\/a><a href=\"\/fr\/etudes-de-cas\/mcgill\/\"><\/a><a href=\"\/fr\/etudes-de-cas\/mcgill\/\"><\/a><a href=\"\/fr\/etudes-de-cas\/mcgill\/\"><\/a><a href=\"\/fr\/etudes-de-cas\/mcgill\/\"><\/a><a href=\"\/fr\/etudes-de-cas\/mcgill\/\"><\/a><a href=\"\/fr\/etudes-de-cas\/mcgill\/\"><\/a><a href=\"\/fr\/etudes-de-cas\/mcgill\/\"><\/a><a href=\"\/fr\/etudes-de-cas\/mcgill\/\"><\/a><\/p>\n<\/div>\n<div class=\"card bg-geniuserp\">\n                    <a href=\"\/fr\/etudes-de-cas\/genius-erp\/\"><\/p>\n<div class=\"img\"><img decoding=\"async\" class=\"logo-smush lazyload\" data-src=\"\/wp-content\/uploads\/2020\/03\/359-3592933_genius-erp-solutions-graphic-design-hd-png-download.png\" src=\"data:image\/svg+xml;base64,PHN2ZyB3aWR0aD0iMSIgaGVpZ2h0PSIxIiB4bWxucz0iaHR0cDovL3d3dy53My5vcmcvMjAwMC9zdmciPjwvc3ZnPg==\" style=\"--smush-placeholder-width: 468px; --smush-placeholder-aspect-ratio: 468\/182;\"><\/div>\n<h6><img decoding=\"async\" data-src=\"\/wp-content\/uploads\/2017\/09\/fleche-haut.png\" src=\"data:image\/svg+xml;base64,PHN2ZyB3aWR0aD0iMSIgaGVpZ2h0PSIxIiB4bWxucz0iaHR0cDovL3d3dy53My5vcmcvMjAwMC9zdmciPjwvc3ZnPg==\" class=\"lazyload\" style=\"--smush-placeholder-width: 30px; --smush-placeholder-aspect-ratio: 30\/35;\">37<sup>%<\/sup><\/h6>\n<p>augmentation du trafic organique en moins de 6 mois<\/p>\n<p><\/a><a href=\"\/fr\/etudes-de-cas\/genius-erp\/\"><\/a><a href=\"\/fr\/etudes-de-cas\/genius-erp\/\"><\/a><a href=\"\/fr\/etudes-de-cas\/genius-erp\/\"><\/a><a href=\"\/fr\/etudes-de-cas\/genius-erp\/\"><\/a><a href=\"\/fr\/etudes-de-cas\/genius-erp\/\"><\/a><a href=\"\/fr\/etudes-de-cas\/genius-erp\/\"><\/a><a href=\"\/fr\/etudes-de-cas\/genius-erp\/\"><\/a><a href=\"\/fr\/etudes-de-cas\/genius-erp\/\"><\/a><a href=\"\/fr\/etudes-de-cas\/genius-erp\/\"><\/a><a href=\"\/fr\/etudes-de-cas\/genius-erp\/\"><\/a><\/p>\n<\/div>\n<\/section>\n<\/section>\n<p> <a class=\"btn more-margins\" href=\"\/fr\/etudes-de-cas\/\">VOIR PLUS D'\u00c9TUDES DE CAS<\/a><\/p>\n<\/div>\n<\/div>\n<\/section>\n","protected":false},"excerpt":{"rendered":"\u00c9tude de cas 97%+ de nouvelles inscriptions pour Cook it Share this: Voici Cook it Fond\u00e9e en 2014, Cook it est l&#8217;une des entreprises de repas pr\u00eats \u00e0 cuisiner les plus populaires du pays. Les bo\u00eetes Cook it sont sp\u00e9cialement con\u00e7ues pour aider les jeunes familles, avec des repas adapt\u00e9s aux enfants, sains et faciles&hellip;","protected":false},"author":35,"featured_media":18033,"parent":1628,"menu_order":0,"comment_status":"closed","ping_status":"closed","template":"","meta":{"inline_featured_image":false,"_uag_custom_page_level_css":"","footnotes":""},"categories":[537],"tags":[],"coauthors":[],"class_list":["post-10685","page","type-page","status-publish","has-post-thumbnail","hentry","category-medias-payants"],"aioseo_notices":[],"uagb_featured_image_src":{"full":["https:\/\/www.makeitbloom.com\/wp-content\/uploads\/2025\/08\/cookit-banner-square.png",1080,1080,false],"thumbnail":["https:\/\/www.makeitbloom.com\/wp-content\/uploads\/2025\/08\/cookit-banner-square-150x150.png",150,150,true],"medium":["https:\/\/www.makeitbloom.com\/wp-content\/uploads\/2025\/08\/cookit-banner-square-250x250.png",250,250,true],"medium_large":["https:\/\/www.makeitbloom.com\/wp-content\/uploads\/2025\/08\/cookit-banner-square-768x768.png",768,768,true],"large":["https:\/\/www.makeitbloom.com\/wp-content\/uploads\/2025\/08\/cookit-banner-square-700x700.png",700,700,true],"1536x1536":["https:\/\/www.makeitbloom.com\/wp-content\/uploads\/2025\/08\/cookit-banner-square.png",1080,1080,false],"2048x2048":["https:\/\/www.makeitbloom.com\/wp-content\/uploads\/2025\/08\/cookit-banner-square.png",1080,1080,false],"small":["https:\/\/www.makeitbloom.com\/wp-content\/uploads\/2025\/08\/cookit-banner-square-120x120.png",120,120,true],"custom-size":["https:\/\/www.makeitbloom.com\/wp-content\/uploads\/2025\/08\/cookit-banner-square-700x200.png",700,200,true]},"uagb_author_info":{"display_name":"Marie-Jo\u00eblle Turgeon","author_link":"https:\/\/www.makeitbloom.com\/fr\/blog\/author\/mariejoelle-turgeon\/"},"uagb_comment_info":0,"uagb_excerpt":"\u00c9tude de cas 97%+ de nouvelles inscriptions pour Cook it Share this: Voici Cook it Fond\u00e9e en 2014, Cook it est l&#8217;une des entreprises de repas pr\u00eats \u00e0 cuisiner les plus populaires du pays. Les bo\u00eetes Cook it sont sp\u00e9cialement con\u00e7ues pour aider les jeunes familles, avec des repas adapt\u00e9s aux enfants, sains et faciles&hellip;","rttpg_featured_image_url":{"full":["https:\/\/www.makeitbloom.com\/wp-content\/uploads\/2025\/08\/cookit-banner-square.png",1080,1080,false],"landscape":["https:\/\/www.makeitbloom.com\/wp-content\/uploads\/2025\/08\/cookit-banner-square.png",1080,1080,false],"portraits":["https:\/\/www.makeitbloom.com\/wp-content\/uploads\/2025\/08\/cookit-banner-square.png",1080,1080,false],"thumbnail":["https:\/\/www.makeitbloom.com\/wp-content\/uploads\/2025\/08\/cookit-banner-square-150x150.png",150,150,true],"medium":["https:\/\/www.makeitbloom.com\/wp-content\/uploads\/2025\/08\/cookit-banner-square-250x250.png",250,250,true],"large":["https:\/\/www.makeitbloom.com\/wp-content\/uploads\/2025\/08\/cookit-banner-square-700x700.png",700,700,true],"1536x1536":["https:\/\/www.makeitbloom.com\/wp-content\/uploads\/2025\/08\/cookit-banner-square.png",1080,1080,false],"2048x2048":["https:\/\/www.makeitbloom.com\/wp-content\/uploads\/2025\/08\/cookit-banner-square.png",1080,1080,false],"small":["https:\/\/www.makeitbloom.com\/wp-content\/uploads\/2025\/08\/cookit-banner-square-120x120.png",120,120,true],"custom-size":["https:\/\/www.makeitbloom.com\/wp-content\/uploads\/2025\/08\/cookit-banner-square-700x200.png",700,200,true],"rt_custom":["https:\/\/www.makeitbloom.com\/wp-content\/uploads\/2025\/08\/cookit-banner-square.png",1080,1080,false]},"rttpg_author":{"display_name":"Marie-Jo\u00eblle Turgeon","author_link":"https:\/\/www.makeitbloom.com\/fr\/blog\/author\/mariejoelle-turgeon\/"},"rttpg_comment":0,"rttpg_category":" <a href=\"https:\/\/www.makeitbloom.com\/fr\/blog\/category\/medias-payants\/\" rel=\"tag\">M\u00e9dias Payants<\/a>","rttpg_excerpt":"\u00c9tude de cas 97%+ de nouvelles inscriptions pour Cook it Share this: Voici Cook it Fond\u00e9e en 2014, Cook it est l&#8217;une des entreprises de repas pr\u00eats \u00e0 cuisiner les plus populaires du pays. Les bo\u00eetes Cook it sont sp\u00e9cialement con\u00e7ues pour aider les jeunes familles, avec des repas adapt\u00e9s aux enfants, sains et faciles&hellip;","_links":{"self":[{"href":"https:\/\/www.makeitbloom.com\/fr\/wp-json\/wp\/v2\/pages\/10685","targetHints":{"allow":["GET"]}}],"collection":[{"href":"https:\/\/www.makeitbloom.com\/fr\/wp-json\/wp\/v2\/pages"}],"about":[{"href":"https:\/\/www.makeitbloom.com\/fr\/wp-json\/wp\/v2\/types\/page"}],"author":[{"embeddable":true,"href":"https:\/\/www.makeitbloom.com\/fr\/wp-json\/wp\/v2\/users\/35"}],"replies":[{"embeddable":true,"href":"https:\/\/www.makeitbloom.com\/fr\/wp-json\/wp\/v2\/comments?post=10685"}],"version-history":[{"count":0,"href":"https:\/\/www.makeitbloom.com\/fr\/wp-json\/wp\/v2\/pages\/10685\/revisions"}],"up":[{"embeddable":true,"href":"https:\/\/www.makeitbloom.com\/fr\/wp-json\/wp\/v2\/pages\/1628"}],"wp:featuredmedia":[{"embeddable":true,"href":"https:\/\/www.makeitbloom.com\/fr\/wp-json\/wp\/v2\/media\/18033"}],"wp:attachment":[{"href":"https:\/\/www.makeitbloom.com\/fr\/wp-json\/wp\/v2\/media?parent=10685"}],"wp:term":[{"taxonomy":"category","embeddable":true,"href":"https:\/\/www.makeitbloom.com\/fr\/wp-json\/wp\/v2\/categories?post=10685"},{"taxonomy":"post_tag","embeddable":true,"href":"https:\/\/www.makeitbloom.com\/fr\/wp-json\/wp\/v2\/tags?post=10685"},{"taxonomy":"author","embeddable":true,"href":"https:\/\/www.makeitbloom.com\/fr\/wp-json\/wp\/v2\/coauthors?post=10685"}],"curies":[{"name":"wp","href":"https:\/\/api.w.org\/{rel}","templated":true}]}}